{"id":5953,"date":"2023-03-28T09:52:06","date_gmt":"2023-03-28T07:52:06","guid":{"rendered":"https:\/\/www.jeromechoblet.com\/%ec%88%98%ec%83%81-%ea%b2%bd%eb%a0%a5%ec%97%90-%eb%b9%9b%eb%82%98%eb%8a%94-%ec%99%80%ec%9d%b8\/concours-general-agricole-de-paris\/"},"modified":"2023-03-30T10:20:54","modified_gmt":"2023-03-30T08:20:54","slug":"concours-general-agricole-de-paris","status":"publish","type":"page","link":"https:\/\/www.jeromechoblet.com\/ko\/%ec%88%98%ec%83%81-%ea%b2%bd%eb%a0%a5%ec%97%90-%eb%b9%9b%eb%82%98%eb%8a%94-%ec%99%80%ec%9d%b8\/concours-general-agricole-de-paris\/","title":{"rendered":"Concours G\u00e9n\u00e9ral Agricole de Paris"},"content":{"rendered":"\n<h1 class=\"has-large-font-size\" id=\"concours-general-agricole-de-paris\"><strong>Concours G\u00e9n\u00e9ral Agricole de Paris<\/strong><\/h1>\n\n\n\n<div class=\"wp-block-columns\">\n<div class=\"wp-block-column\" style=\"flex-basis:10px\"><\/div>\n\n\n\n<div class=\"wp-block-column\" style=\"flex-basis:80%\">\n<div class=\"wp-block-image is-style-default\"><figure class=\"aligncenter size-full is-resized\"><img loading=\"lazy\" src=\"https:\/\/www.jeromechoblet.com\/wp-content\/uploads\/2023\/03\/LOGO-png-CGA-Juin-2022-300x300-removebg-preview.png\" alt=\"LOGO-png-CGA-jc\" class=\"wp-image-5833\" width=\"240\" height=\"240\" srcset=\"https:\/\/www.jeromechoblet.com\/wp-content\/uploads\/2023\/03\/LOGO-png-CGA-Juin-2022-300x300-removebg-preview.png 300w, https:\/\/www.jeromechoblet.com\/wp-content\/uploads\/2023\/03\/LOGO-png-CGA-Juin-2022-300x300-removebg-preview-150x150.png 150w\" sizes=\"(max-width: 240px) 100vw, 240px\" title=\"\"><\/figure><\/div>\n\n\n\n<p>1870\ub144\uc5d0 \ucc3d\uc124\ub41c <a href=\"https:\/\/www.concours-general-agricole.fr\/\" target=\"_blank\" rel=\"noreferrer noopener\">Concours G\u00e9n\u00e9ral Agricole (CGA<\/a>)\ub294 \ud504\ub791\uc2a4 \ub18d\uc2dd\ud488 \uc0b0\uc5c5\uc744 \uc7a5\ub824\ud558\uace0 \ud64d\ubcf4\ud558\ub294 \ub300\ud68c\uc785\ub2c8\ub2e4. CGA\ub294 <a href=\"https:\/\/agriculture.gouv.fr\/french-ministry-agriculture-and-food\" target=\"_blank\" rel=\"noreferrer noopener\">\ub18d\ub9bc\ubd80<\/a>(MAA)\uc640 \uad6d\ub9bd\ub18d\uc5c5\ubc15\ub78c\ud68c(CENECA)\uc758 \uac10\ub3c5\uc744 \ubc1b\uc2b5\ub2c8\ub2e4. CGA\ub294 \ud504\ub791\uc2a4 \ucd5c\uace0\uc758 \ub18d\uc0b0\ubb3c \uc0dd\uc0b0 \uacf5\uc815\uc5d0 \uc0c1\uc744 \uc218\uc5ec\ud569\ub2c8\ub2e4.&nbsp;<\/p>\n\n\n\n<div style=\"height:100px\" aria-hidden=\"true\" class=\"wp-block-spacer\"><\/div>\n\n\n\n<h2 id=\"concours-general-agricole-de-paris-2023\">Concours G\u00e9n\u00e9ral Agricole de Paris 2023<\/h2>\n\n\n\n<h3 id=\"gold-medals\">\uae08\uba54\ub2ec&nbsp;<\/h3>\n\n\n\n<ul><li><a href=\"https:\/\/www.jeromechoblet.com\/ko\/vins\/domaine-des-herbauges-muscadet-cotes-grandlieu-sur-lie\/\" target=\"_blank\" rel=\"noreferrer noopener\"><\/a><a href=\"https:\/\/www.jeromechoblet.com\/ko\/vins\/domaine-des-5-chemins-muscadet\/\" target=\"_blank\" rel=\"noreferrer noopener\">AOC Muscadet C\u00f4tes de GrandLieu sur Lie, Domaines des 5 Chemins<\/a><\/li><\/ul>\n\n\n\n<div style=\"height:100px\" aria-hidden=\"true\" class=\"wp-block-spacer\"><\/div>\n\n\n\n<h2 id=\"concours-general-agricole-de-paris-2023\">Concours G\u00e9n\u00e9ral Agricole de Paris 2022<\/h2>\n\n\n\n<h3 id=\"gold-medals\">\uae08\uba54\ub2ec&nbsp;<\/h3>\n\n\n\n<ul><li><a href=\"https:\/\/www.jeromechoblet.com\/ko\/vins\/domaine-des-5-chemins-muscadet\/\" target=\"_blank\" rel=\"noreferrer noopener\">AOC Muscadet C\u00f4tes de GrandLieu sur Lie, Domaines des 5 Chemins<\/a><\/li><\/ul>\n\n\n\n<h3 id=\"silver-medal-2021\">\uc740\uba54\ub2ec&nbsp;<\/h3>\n\n\n\n<ul><li><a href=\"https:\/\/www.jeromechoblet.com\/ko\/vins\/domaine-des-herbauges-muscadet-cotes-grandlieu-sur-lie\/\" target=\"_blank\" rel=\"noreferrer noopener\"><\/a><a href=\"https:\/\/www.jeromechoblet.com\/ko\/vins\/%eb%a3%a8%ec%95%84%eb%a5%b4-%eb%ae%88%ec%8a%a4%ea%b9%8c%eb%8d%b0aop-%eb%8f%84%eb%a9%98%eb%8d%b0%ec%97%90%eb%a5%b4%eb%b3%b4%ec%a5%ac%ed%81%b4%eb%9e%98%ec%8b%9d\/\" target=\"_blank\" rel=\"noreferrer noopener\">IGP Val de Loire, Chardonnay, Moulin d&#8217;Argent<\/a><\/li><\/ul>\n<\/div>\n\n\n\n<div class=\"wp-block-column\" style=\"flex-basis:10px\"><\/div>\n<\/div>\n","protected":false},"excerpt":{"rendered":"<p>Concours G\u00e9n\u00e9ral Agricole de Paris 1870\ub144\uc5d0 \ucc3d\uc124\ub41c Concours G\u00e9n\u00e9ral Agricole (CGA)\ub294 \ud504\ub791\uc2a4 \ub18d\uc2dd\ud488 \uc0b0\uc5c5\uc744 \uc7a5\ub824\ud558\uace0 \ud64d\ubcf4\ud558\ub294 \ub300\ud68c\uc785\ub2c8\ub2e4. CGA\ub294 \ub18d\ub9bc\ubd80(MAA)\uc640 \uad6d\ub9bd\ub18d\uc5c5\ubc15\ub78c\ud68c(CENECA)\uc758 \uac10\ub3c5\uc744 \ubc1b\uc2b5\ub2c8\ub2e4. CGA\ub294 \ud504\ub791\uc2a4 \ucd5c\uace0\uc758 \ub18d\uc0b0\ubb3c \uc0dd\uc0b0 \uacf5\uc815\uc5d0 \uc0c1\uc744 \uc218\uc5ec\ud569\ub2c8\ub2e4.&nbsp; Concours G\u00e9n\u00e9ral Agricole de Paris 2023 \uae08\uba54\ub2ec&nbsp; AOC Muscadet C\u00f4tes de GrandLieu sur Lie, Domaines des 5 Chemins Concours G\u00e9n\u00e9ral Agricole de Paris 2022 \uae08\uba54\ub2ec&nbsp; [&hellip;]<\/p>\n","protected":false},"author":3,"featured_media":5836,"parent":2042,"menu_order":0,"comment_status":"closed","ping_status":"closed","template":"","meta":[],"couleurs":[],"acf":[],"_links":{"self":[{"href":"https:\/\/www.jeromechoblet.com\/ko\/wp-json\/wp\/v2\/pages\/5953"}],"collection":[{"href":"https:\/\/www.jeromechoblet.com\/ko\/wp-json\/wp\/v2\/pages"}],"about":[{"href":"https:\/\/www.jeromechoblet.com\/ko\/wp-json\/wp\/v2\/types\/page"}],"author":[{"embeddable":true,"href":"https:\/\/www.jeromechoblet.com\/ko\/wp-json\/wp\/v2\/users\/3"}],"replies":[{"embeddable":true,"href":"https:\/\/www.jeromechoblet.com\/ko\/wp-json\/wp\/v2\/comments?post=5953"}],"version-history":[{"count":2,"href":"https:\/\/www.jeromechoblet.com\/ko\/wp-json\/wp\/v2\/pages\/5953\/revisions"}],"predecessor-version":[{"id":5996,"href":"https:\/\/www.jeromechoblet.com\/ko\/wp-json\/wp\/v2\/pages\/5953\/revisions\/5996"}],"up":[{"embeddable":true,"href":"https:\/\/www.jeromechoblet.com\/ko\/wp-json\/wp\/v2\/pages\/2042"}],"wp:featuredmedia":[{"embeddable":true,"href":"https:\/\/www.jeromechoblet.com\/ko\/wp-json\/wp\/v2\/media\/5836"}],"wp:attachment":[{"href":"https:\/\/www.jeromechoblet.com\/ko\/wp-json\/wp\/v2\/media?parent=5953"}],"wp:term":[{"taxonomy":"couleurs","embeddable":true,"href":"https:\/\/www.jeromechoblet.com\/ko\/wp-json\/wp\/v2\/couleurs?post=5953"}],"curies":[{"name":"wp","href":"https:\/\/api.w.org\/{rel}","templated":true}]}}