{"id":5934,"date":"2023-03-22T18:08:31","date_gmt":"2023-03-22T17:08:31","guid":{"rendered":"https:\/\/www.jeromechoblet.com\/%eb%85%b8%ed%95%98%ec%9a%b0-%eb%b0%95%eb%9e%8c%ed%9a%8c\/our-distributors\/"},"modified":"2023-04-05T14:41:42","modified_gmt":"2023-04-05T12:41:42","slug":"%ec%97%90%eb%a5%b4%eb%b3%b4%ec%a5%ac-%ec%9c%a0%ed%86%b5%ec%97%85%ec%b2%b4","status":"publish","type":"page","link":"https:\/\/www.jeromechoblet.com\/ko\/%eb%85%b8%ed%95%98%ec%9a%b0-%eb%b0%95%eb%9e%8c%ed%9a%8c\/%ec%97%90%eb%a5%b4%eb%b3%b4%ec%a5%ac-%ec%9c%a0%ed%86%b5%ec%97%85%ec%b2%b4\/","title":{"rendered":"\uc5d0\ub974\ubcf4\uc96c \uc720\ud1b5\uc5c5\uccb4"},"content":{"rendered":"\n<div class=\"wp-block-columns H-05-a\">\n<div class=\"wp-block-column\">\n<h1 id=\"\uc5d0\ub974\ubcf4\uc96c-\uc720\ud1b5\uc5c5\uccb4\">\uc5d0\ub974\ubcf4\uc96c \uc720\ud1b5\uc5c5\uccb4<\/h1>\n\n\n\n<h2 class=\"deco--decalage\" id=\"restabat-ut-abstergendae-caus-1\">\uc804 \uc138\uacc4\uc758 \uc720\ud1b5\uc5c5\uccb4 \uc54c\uc544\ubcf4\uae30&nbsp;<\/h2>\n\n\n\n<p>\uc5d0\ub974\ubcf4\uc96c\ub294 <strong>\uc804 \uc138\uacc4 \uacf3\uacf3\uc758 \uc720\ud1b5\uc5c5\uccb4<\/strong>\uc640 \ud611\ub825\ud558\uace0 \uc788\uc2b5\ub2c8\ub2e4.<strong> <a href=\"\/ko\/\ubaa8\ub4e0-\uc640\uc778\/\" target=\"_blank\" rel=\"noreferrer noopener\">\uc6b0\ub9ac \uc640\uc778<\/a><\/strong>\uc758 <strong>90%<\/strong>\ub97c <strong>35\uac1c\uad6d \uc774\uc0c1<\/strong>\uc5d0 \uc218\ucd9c\ud569\ub2c8\ub2e4.&nbsp;<\/p>\n\n\n\n<p><strong><strong>\uc81c\ub86c \uc1fc\ube14\ub808\ub294<\/strong> \uad6c\ub9e4\uc5d0\uc11c\ubd80\ud130 \ud1b5\uad00, \ubc30\uc1a1\uc5d0 \uc774\ub974\uae30\uae4c\uc9c0 <strong>\ubaa8\ub4e0 \uc6b4\uc1a1 \uacfc\uc815\uc5d0 \ub3d9\ud589\ud569\ub2c8\ub2e4<\/strong>. <strong>\ud488\uc9c8\uacfc \ub9db\uc788\ub294 \uc640\uc778<\/strong> \uc678\uc5d0\ub3c4, \ud30c\ud2b8\ub108\uc5d0\uac8c <strong>\ub6f0\uc5b4\ub09c \uace0\uac1d \uc11c\ube44\uc2a4<\/strong>\ub97c \uc81c\uacf5\ud558\ub294\ub370 \ud22c\uc790\ud558\uace0 \uc788\uc2b5\ub2c8\ub2e4.&nbsp;<\/strong><\/p>\n<\/div>\n\n\n\n<div class=\"wp-block-column\">\n<figure class=\"wp-block-image alignfull size-large\"><img loading=\"lazy\" width=\"1024\" height=\"768\" src=\"https:\/\/www.jeromechoblet.com\/wp-content\/uploads\/2023\/03\/Jerome-Choblet-and-distributors-1024x768.jpeg\" alt=\"J\u00e9r\u00f4me Choblet avec son partenaire Franck Agostini de Franck Signature Wines sur un salon distributeur \u00e0 New-York\" class=\"wp-image-5310\" srcset=\"https:\/\/www.jeromechoblet.com\/wp-content\/uploads\/2023\/03\/Jerome-Choblet-and-distributors-1024x768.jpeg 1024w, https:\/\/www.jeromechoblet.com\/wp-content\/uploads\/2023\/03\/Jerome-Choblet-and-distributors-300x225.jpeg 300w, https:\/\/www.jeromechoblet.com\/wp-content\/uploads\/2023\/03\/Jerome-Choblet-and-distributors-768x576.jpeg 768w, https:\/\/www.jeromechoblet.com\/wp-content\/uploads\/2023\/03\/Jerome-Choblet-and-distributors-1536x1152.jpeg 1536w, https:\/\/www.jeromechoblet.com\/wp-content\/uploads\/2023\/03\/Jerome-Choblet-and-distributors-2048x1536.jpeg 2048w\" sizes=\"(max-width: 1024px) 100vw, 1024px\" title=\"\"><\/figure>\n<\/div>\n<\/div>\n\n\n\n<h2 id=\"\uc720\ud1b5\uc5c5\uccb4-\ubaa9\ub85d\">\uc720\ud1b5\uc5c5\uccb4 \ubaa9\ub85d:&nbsp;<\/h2>\n\n\n\n<div class=\"wp-block-columns\">\n<div class=\"wp-block-column\">\n<p class=\"has-large-font-size\" id=\"france\"><strong><strong>\ud504\ub791\uc2a4:&nbsp;<\/strong>&nbsp;<\/strong><\/p>\n\n\n\n<ul><li><a href=\"https:\/\/www.carrefour.fr\/p\/vin-blanc-val-de-loire-aop-muscadet-cotes-de-grandlieu-sur-lie-domaine-des-herbauges-reflets-de-fran-3245390244055\" target=\"_blank\" rel=\"noreferrer noopener\">Distributeurs Carrefour Hyper<\/a>&nbsp;&nbsp;&nbsp;&nbsp;<\/li><li><a href=\"https:\/\/www.carrefour.fr\/p\/vin-blanc-val-de-loire-aop-muscadet-cotes-de-grandlieu-sur-lie-domaine-des-herbauges-reflets-de-fran-3245390244055\" target=\"_blank\" rel=\"noreferrer noopener\">Carrefour Market Grand Ouest<\/a>&nbsp;<\/li><\/ul>\n\n\n\n<ul><li><a href=\"https:\/\/www.carrefour.fr\/p\/vin-blanc-val-de-loire-aop-muscadet-cotes-de-grandlieu-sur-lie-domaine-des-herbauges-reflets-de-fran-3245390244055\" target=\"_blank\" rel=\"noreferrer noopener\">Distributeurs Carrefour Hyper<\/a>&nbsp;&nbsp;&nbsp;&nbsp;<\/li><li><a href=\"https:\/\/www.carrefour.fr\/p\/vin-blanc-val-de-loire-aop-muscadet-cotes-de-grandlieu-sur-lie-domaine-des-herbauges-reflets-de-fran-3245390244055\" target=\"_blank\" rel=\"noreferrer noopener\">Carrefour Market Grand Ouest<\/a>&nbsp;<\/li><li><a href=\"https:\/\/www.e.leclerc\/fp\/chateau-de-la-pierre-2021-muscadet-cotes-de-grandlieu-sur-lie-aop-blanc-sec-75-cl-3591567594219\" target=\"_blank\" rel=\"noreferrer noopener\">E. Leclerc (Foire aux Vins Automne)<\/a>&nbsp;<\/li><li><a href=\"https:\/\/www.carrefour.fr\/p\/vin-blanc-val-de-loire-aop-muscadet-cotes-de-grandlieu-sur-lie-domaine-des-herbauges-reflets-de-fran-3245390244055\" target=\"_blank\" rel=\"noreferrer noopener\">Carrefour Sud-Est<\/a>&nbsp;&nbsp;&nbsp;&nbsp;<\/li><li>\uba74\uc138 \uad6c\uc5ed \ub0b4 \ubaa8\ub4e0 \ud504\ub791\uc2a4 \uacf5\ud56d&nbsp;<\/li><\/ul>\n\n\n\n<div style=\"height:46px\" aria-hidden=\"true\" class=\"wp-block-spacer\"><\/div>\n\n\n\n<p class=\"has-large-font-size\"><strong><strong>\uc601\uad6d:&nbsp;<\/strong>&nbsp;<\/strong><\/p>\n\n\n\n<ul><li>Ellis of Richmond&nbsp;&nbsp;<\/li><\/ul>\n\n\n\n<ol><li><a href=\"https:\/\/www.elliswines.co.uk\/node\/646\" target=\"_blank\" rel=\"noreferrer noopener\">Muscadet Sur Lie Domaine des Herbauges 2021<\/a>&nbsp;&nbsp;<\/li><li><a href=\"https:\/\/www.elliswines.co.uk\/node\/610\" target=\"_blank\" rel=\"noreferrer noopener\">Muscadet Cotes de Grandlieu sur Lie Clos de la Fine 2020<\/a>&nbsp;<\/li><li><a href=\"https:\/\/www.elliswines.co.uk\/node\/237\" target=\"_blank\" rel=\"noreferrer noopener\">Chardonnay `Vieilles Vignes` Moulin d`Argent 2021<\/a>&nbsp;<\/li><\/ol>\n\n\n\n<ul><li><a href=\"https:\/\/www.waitrose.com\/ecom\/products\/fief-guerin-muscadet-cotes-de-grandlieu-sur-lie-loire-france\/084937-43069-43070\" target=\"_blank\" rel=\"noreferrer noopener\">Waitrose (UK)<\/a>&nbsp;<\/li><li><a href=\"https:\/\/www.sainsburys.co.uk\/gol-ui\/product\/all-white-wine\/muscadet-chateau-de-la-pierre-75cl\" target=\"_blank\" rel=\"noreferrer noopener\">Sainsbury&#8217;s (UK)<\/a>&nbsp;&nbsp;<\/li><\/ul>\n\n\n\n<div style=\"height:46px\" aria-hidden=\"true\" class=\"wp-block-spacer\"><\/div>\n\n\n\n<p class=\"has-large-font-size\" id=\"usa\"><strong><strong>\ubbf8\uad6d:&nbsp;<\/strong>&nbsp;<\/strong><\/p>\n\n\n\n<ul><li><a href=\"http:\/\/www.lanternawines.com\/brands.html\" target=\"_blank\" rel=\"noreferrer noopener\">LANTERNA Distrib &#8211; US<\/a>&nbsp;&nbsp;&nbsp;<\/li><li><a href=\"https:\/\/balthazarny.com\/\" target=\"_blank\" rel=\"noreferrer noopener\">Bathazar (New-York)<\/a> (<a href=\"https:\/\/balthazarny.com\/wp-content\/uploads\/2023\/02\/2.22.23wine-with-background.pdf\" target=\"_blank\" rel=\"noreferrer noopener\">wine list<\/a>)&nbsp;&nbsp;&nbsp;&nbsp;<\/li><li><a href=\"http:\/\/www.lanternawines.com\/brands.html\" target=\"_blank\" rel=\"noreferrer noopener\">LANTERNA Distrib &#8211; US<\/a>&nbsp;&nbsp;&nbsp;<\/li><li><a href=\"https:\/\/balthazarny.com\/\" target=\"_blank\" rel=\"noreferrer noopener\">Bathazar (\ub274\uc695)<\/a> (<a href=\"https:\/\/balthazarny.com\/wp-content\/uploads\/2023\/02\/2.22.23wine-with-background.pdf\" target=\"_blank\" rel=\"noreferrer noopener\">\uc640\uc778 \ubaa9\ub85d<\/a>)&nbsp;&nbsp;&nbsp;&nbsp;<\/li><li><a href=\"https:\/\/www.oysterbarny.com\/\" target=\"_blank\" rel=\"noreferrer noopener\">Grand Central Oyster Bar (\ub274\uc695)<\/a>&nbsp;&nbsp;<\/li><li><a href=\"https:\/\/www.skurnik.com\/producer\/luc-choblet\/\" target=\"_blank\" rel=\"noreferrer noopener\">Mickael Skurnick Wines (\ub274\uc695)<\/a>&nbsp;&nbsp;&nbsp;<\/li><li><a href=\"https:\/\/www.franckssignaturewines.com\/search_wines\/index.php?action=view_region&amp;region_id=14\" target=\"_blank\" rel=\"noreferrer noopener\">Franck Signature Wines\u202f<\/a>&nbsp;<\/li><li><a href=\"https:\/\/www.lionstone.com\/category\/france\/\" target=\"_blank\" rel=\"noreferrer noopener\">LIONSTONE<\/a>&nbsp;&nbsp;<\/li><li><a href=\"https:\/\/brunolafonselection.com\/\" target=\"_blank\" rel=\"noreferrer noopener\">P.L.C.B Houston<\/a>&nbsp;<\/li><\/ul>\n\n\n\n<div style=\"height:46px\" aria-hidden=\"true\" class=\"wp-block-spacer\"><\/div>\n\n\n\n<p class=\"has-large-font-size\" id=\"south-korea\"><strong><strong>\ub300\ud55c\ubbfc\uad6d:&nbsp;<\/strong>&nbsp;<\/strong><\/p>\n\n\n\n<ul><li>\ube44\ub124\uc13c\ucf54\ub9ac\uc544(\uc8fc)\u00a0\u00a0\u00a0\u00a0<ol><li><a href=\"https:\/\/vinessen.webpot.kr\/shop_view\/?idx=153\" target=\"_blank\" rel=\"noreferrer noopener\">Muscadet, Domaine des Herbauges, ClaSsic<\/a>\u00a0<\/li><li><a href=\"https:\/\/vinessen.webpot.kr\/shop_view\/?idx=152\" target=\"_blank\" rel=\"noreferrer noopener\">Chardonnay, Domaine des Herbauges, Moulin d\u2019Argent\u00a0<\/a>\u00a0\u00a0<\/li><li><a href=\"https:\/\/vinessen.webpot.kr\/shop_view\/?idx=333\" target=\"_blank\" rel=\"noreferrer noopener\">Sparkling wine, Domaine des Herbauges, Luminescence<\/a>\u00a0<\/li><\/ol><\/li><\/ul>\n\n\n\n<div style=\"height:46px\" aria-hidden=\"true\" class=\"wp-block-spacer\"><\/div>\n\n\n\n<p class=\"has-large-font-size\" id=\"japan\"><strong><strong>\uc77c\ubcf8:&nbsp;<\/strong>&nbsp;<\/strong><\/p>\n\n\n\n<ul><li><a href=\"https:\/\/www.suicplus.com\/wcellar\/loire\/domainedesherbauges\/#wine102002\" target=\"_blank\" rel=\"noreferrer noopener\">SuicPlus\u202f<\/a>&nbsp;<\/li><li><a href=\"https:\/\/www.hesiode.com\/en\/\" target=\"_blank\" rel=\"noreferrer noopener\">HESIODE<\/a>&nbsp;<\/li><\/ul>\n<\/div>\n\n\n\n<div class=\"wp-block-column is-vertically-aligned-center\">\n<h2 id=\"\ud30c\ud2b8\ub108\ub97c-\ucc3e\uace0-\uacc4\uc2ed\ub2c8\uae4c\">\ud30c\ud2b8\ub108\ub97c \ucc3e\uace0 \uacc4\uc2ed\ub2c8\uae4c?&nbsp;<\/h2>\n\n\n\n<p>\uc81c\ub86c \uc1fc\ube14\ub808\ub294 \uc218\uc785\uc5c5\uccb4 \ubc0f \uc720\ud1b5\uc5c5\uccb4\uc640\uc758 \ud30c\ud2b8\ub108\uc2ed\uc744 \ud655\uc7a5\ud558\uae30 \uc704\ud574 \ub178\ub825\ud558\uace0 \uc788\uc2b5\ub2c8\ub2e4. \uc81c\ub86c \uc1fc\ube14\ub808\uc640\uc758 \ud30c\ud2b8\ub108\uc2ed\uc740 \ud604\uc9c0\uc640 \ucd5c\uc885 \uace0\uac1d\uc744 \uc704\ud574 \ud2b9\ubcc4\ud788 <a href=\"\/ko\/\ub178\ud558\uc6b0-\ubc15\ub78c\ud68c\/\ud328\ud0a4\uc9d5\/\" target=\"_blank\" rel=\"noreferrer noopener\">\ub9de\ucda4\ud654 \ub41c<\/a> \uc640\uc778\uc744 \ub9cc\ub0a0 \uc218 \uc788\ub294 \ubc29\ubc95\uc785\ub2c8\ub2e4.&nbsp;&nbsp;&nbsp;&nbsp;<\/p>\n\n\n\n<p>\uc774\ubbf8 \uc640\uc778\uc5d0 \ub300\ud574 \uc798 \uc54c\uace0 \uc788\uac70\ub098 \uc0d8\ud50c\uc5d0 \uad00\uc2ec\uc774 \uc788\uc73c\uc2dc\ub2e4\uba74, \uc544\ub798 \uc591\uc2dd\uc744 \uc791\uc131\ud574 \uc8fc\uc2ed\uc2dc\uc624. \ucd5c\ub300\ud55c \ube68\ub9ac \uc5f0\ub77d \ub4dc\ub9ac\uaca0\uc2b5\ub2c8\ub2e4. \uc88b\uc740 \uc778\uc5f0\uc774 \ub418\uae38 \uae30\ub300\ud558\uace0 \uc788\uaca0\uc2b5\ub2c8\ub2e4!&nbsp;<\/p>\n\n\n\n<figure class=\"wp-block-image size-large\"><img loading=\"lazy\" width=\"1024\" height=\"768\" src=\"https:\/\/www.jeromechoblet.com\/wp-content\/uploads\/2023\/03\/Jerome-Choblet-and-partners-1024x768.jpeg\" alt=\"J\u00e9r\u00f4me Choblet avec ses partenaires Ji Hyuong LEE et Young Kawn KIM de VINESSEN KOREA, \u00e0 SEOUL\" class=\"wp-image-5306\" srcset=\"https:\/\/www.jeromechoblet.com\/wp-content\/uploads\/2023\/03\/Jerome-Choblet-and-partners-1024x768.jpeg 1024w, https:\/\/www.jeromechoblet.com\/wp-content\/uploads\/2023\/03\/Jerome-Choblet-and-partners-300x225.jpeg 300w, https:\/\/www.jeromechoblet.com\/wp-content\/uploads\/2023\/03\/Jerome-Choblet-and-partners-768x576.jpeg 768w, https:\/\/www.jeromechoblet.com\/wp-content\/uploads\/2023\/03\/Jerome-Choblet-and-partners-1536x1152.jpeg 1536w, https:\/\/www.jeromechoblet.com\/wp-content\/uploads\/2023\/03\/Jerome-Choblet-and-partners-2048x1536.jpeg 2048w\" sizes=\"(max-width: 1024px) 100vw, 1024px\" title=\"\"><\/figure>\n\n\n<script type=\"text\/javascript\">var gform;gform||(document.addEventListener(\"gform_main_scripts_loaded\",function(){gform.scriptsLoaded=!0}),window.addEventListener(\"DOMContentLoaded\",function(){gform.domLoaded=!0}),gform={domLoaded:!1,scriptsLoaded:!1,initializeOnLoaded:function(o){gform.domLoaded&&gform.scriptsLoaded?o():!gform.domLoaded&&gform.scriptsLoaded?window.addEventListener(\"DOMContentLoaded\",o):document.addEventListener(\"gform_main_scripts_loaded\",o)},hooks:{action:{},filter:{}},addAction:function(o,n,r,t){gform.addHook(\"action\",o,n,r,t)},addFilter:function(o,n,r,t){gform.addHook(\"filter\",o,n,r,t)},doAction:function(o){gform.doHook(\"action\",o,arguments)},applyFilters:function(o){return gform.doHook(\"filter\",o,arguments)},removeAction:function(o,n){gform.removeHook(\"action\",o,n)},removeFilter:function(o,n,r){gform.removeHook(\"filter\",o,n,r)},addHook:function(o,n,r,t,i){null==gform.hooks[o][n]&&(gform.hooks[o][n]=[]);var e=gform.hooks[o][n];null==i&&(i=n+\"_\"+e.length),gform.hooks[o][n].push({tag:i,callable:r,priority:t=null==t?10:t})},doHook:function(n,o,r){var t;if(r=Array.prototype.slice.call(r,1),null!=gform.hooks[n][o]&&((o=gform.hooks[n][o]).sort(function(o,n){return o.priority-n.priority}),o.forEach(function(o){\"function\"!=typeof(t=o.callable)&&(t=window[t]),\"action\"==n?t.apply(null,r):r[0]=t.apply(null,r)})),\"filter\"==n)return r[0]},removeHook:function(o,n,t,i){var r;null!=gform.hooks[o][n]&&(r=(r=gform.hooks[o][n]).filter(function(o,n,r){return!!(null!=i&&i!=o.tag||null!=t&&t!=o.priority)}),gform.hooks[o][n]=r)}});<\/script>\n                <div class='gf_browser_gecko gform_wrapper gravity-theme' id='gform_wrapper_1' ><div id='gf_1' class='gform_anchor' tabindex='-1'><\/div>\n                        <div class='gform_heading'>\n\t\t\t\t\t\t\t<p class='gform_required_legend'>&quot;<span class=\"gfield_required gfield_required_asterisk\">*<\/span>&quot; indicates required fields<\/p>\n                        <\/div><form method='post' enctype='multipart\/form-data' target='gform_ajax_frame_1' id='gform_1'  action='\/ko\/wp-json\/wp\/v2\/pages\/5934#gf_1' novalidate>\n                        <div class='gform_body gform-body'><div id='gform_fields_1' class='gform_fields top_label form_sublabel_below description_below'><div id=\"field_1_1\"  class=\"gfield gfield--width-full field_sublabel_below field_description_below gfield_visibility_visible\"  data-js-reload=\"field_1_1\"><label class='gfield_label' for='input_1_1' >\uc774\ub984 \uc131<\/label><div class='ginput_container ginput_container_text'><input name='input_1' id='input_1_1' type='text' value='' class='large'    placeholder='\uae40\ub0a8\uc900'  aria-invalid=\"false\"   \/> <\/div><\/div><div id=\"field_1_6\"  class=\"gfield gfield--width-full gfield_contains_required field_sublabel_below field_description_below gfield_visibility_visible\"  data-js-reload=\"field_1_6\"><label class='gfield_label' for='input_1_6' >\uc774\uba54\uc77c<span class=\"gfield_required\"><span class=\"gfield_required gfield_required_asterisk\">*<\/span><\/span><\/label><div class='ginput_container ginput_container_email'>\n                            <input name='input_6' id='input_1_6' type='email' value='' class='large'   placeholder='example@herbauges.com' aria-required=\"true\" aria-invalid=\"false\"  \/>\n                        <\/div><\/div><div id=\"field_1_7\"  class=\"gfield gfield--width-full field_sublabel_below field_description_below gfield_visibility_visible\"  data-js-reload=\"field_1_7\"><label class='gfield_label' for='input_1_7' >\uac1c\uccb4<\/label><div class='ginput_container ginput_container_text'><input name='input_7' id='input_1_7' type='text' value='' class='large'    placeholder='\uc2e0\uccad \ubaa9\uc801'  aria-invalid=\"false\"   \/> <\/div><\/div><div id=\"field_1_2\"  class=\"gfield gfield--width-full gfield_contains_required field_sublabel_below field_description_below gfield_visibility_visible\"  data-js-reload=\"field_1_2\"><label class='gfield_label' for='input_1_2' >\uba54\uc2dc\uc9c0<span class=\"gfield_required\"><span class=\"gfield_required gfield_required_asterisk\">*<\/span><\/span><\/label><div class='ginput_container ginput_container_textarea'><textarea name='input_2' id='input_1_2' class='textarea large'    placeholder='\uba54\uc2dc\uc9c0 \uc791\uc131' aria-required=\"true\" aria-invalid=\"false\"   rows='10' cols='50'><\/textarea><\/div><\/div><fieldset id=\"field_1_5\"  class=\"gfield gfield--width-full gfield_contains_required field_sublabel_below field_description_below hidden_label gfield_visibility_visible\"  data-js-reload=\"field_1_5\"><legend class='gfield_label gfield_label_before_complex'  >RGPD<span class=\"gfield_required\"><span class=\"gfield_required gfield_required_asterisk\">*<\/span><\/span><\/legend><div class='ginput_container ginput_container_consent'><input name='input_5.1' id='input_1_5_1' type='checkbox' value='1'   aria-required=\"true\" aria-invalid=\"false\"   \/> <label class=\"gfield_consent_label\" for='input_1_5_1' ><a href=\"https:\/\/www.jeromechoblet.com\/ko\/%ea%b0%9c%ec%9d%b8%ec%a0%95%eb%b3%b4-%eb%b3%b4%ed%98%b8-%eb%b0%8f-%ea%b0%9c%ec%9d%b8-%eb%8d%b0%ec%9d%b4%ed%84%b0\/\">\uac1c\uc778\uc815\ubcf4 \ucde8\uae09\ubc29\uce68 \ubc0f \uac1c\uc778\uc815\ubcf4 \uad00\ub9ac<\/a>\uc5d0 \uba85\uc2dc\ub41c \uac1c\uc778\uc815\ubcf4 \uc0ac\uc6a9\uc5d0 \ub3d9\uc758\ud569\ub2c8\ub2e4<\/label><span class=\"gfield_required gfield_required_asterisk\">*<\/span><input type='hidden' name='input_5.2' value='&lt;a href=&quot;https:\/\/www.jeromechoblet.com\/ko\/%ea%b0%9c%ec%9d%b8%ec%a0%95%eb%b3%b4-%eb%b3%b4%ed%98%b8-%eb%b0%8f-%ea%b0%9c%ec%9d%b8-%eb%8d%b0%ec%9d%b4%ed%84%b0\/&quot;&gt;\uac1c\uc778\uc815\ubcf4 \ucde8\uae09\ubc29\uce68 \ubc0f \uac1c\uc778\uc815\ubcf4 \uad00\ub9ac&lt;\/a&gt;\uc5d0 \uba85\uc2dc\ub41c \uac1c\uc778\uc815\ubcf4 \uc0ac\uc6a9\uc5d0 \ub3d9\uc758\ud569\ub2c8\ub2e4' class='gform_hidden' \/><input type='hidden' name='input_5.3' value='1' class='gform_hidden' \/><\/div><\/fieldset><div id=\"field_1_4\"  class=\"gfield gfield--width-full field_sublabel_below field_description_below hidden_label gfield_visibility_visible\"  data-js-reload=\"field_1_4\"><label class='gfield_label' for='input_1_4' >CAPTCHA<\/label><div id='input_1_4' class='ginput_container ginput_recaptcha' data-sitekey='6Lc5kxQjAAAAAMiE-zau8AXICbkAQJ1Ou2LcSHlm'  data-theme='light' data-tabindex='-1' data-size='invisible' data-badge='bottomright'><\/div><\/div><\/div><\/div>\n        <div class='gform_footer top_label'> <input type='submit' id='gform_submit_button_1' class='gform_button button' value='\ubcf4\ub0b4\uae30'  onclick='if(window[\"gf_submitting_1\"]){return false;}  if( !jQuery(\"#gform_1\")[0].checkValidity || jQuery(\"#gform_1\")[0].checkValidity()){window[\"gf_submitting_1\"]=true;}  ' onkeypress='if( event.keyCode == 13 ){ if(window[\"gf_submitting_1\"]){return false;} if( !jQuery(\"#gform_1\")[0].checkValidity || jQuery(\"#gform_1\")[0].checkValidity()){window[\"gf_submitting_1\"]=true;}  jQuery(\"#gform_1\").trigger(\"submit\",[true]); }' \/> <input type='hidden' name='gform_ajax' value='form_id=1&amp;title=&amp;description=&amp;tabindex=0' \/>\n            <input type='hidden' class='gform_hidden' name='is_submit_1' value='1' \/>\n            <input type='hidden' class='gform_hidden' name='gform_submit' value='1' \/>\n            \n            <input type='hidden' class='gform_hidden' name='gform_unique_id' value='' \/>\n            <input type='hidden' class='gform_hidden' name='state_1' value='WyJ7XCI1LjFcIjpcIjY2MzkxMzY2MmNiM2Q0MzljOTY1Nzc5NTZlMmYxOTZhXCIsXCI1LjJcIjpcIjk5MDJiNzA1ODk0MDQ2YTQyNTMwZmEwOWU3MGQ3YjJlXCIsXCI1LjNcIjpcIjY2MzkxMzY2MmNiM2Q0MzljOTY1Nzc5NTZlMmYxOTZhXCJ9IiwiMTI0ZDQyNWZiNjE5ZmY4YzJiYWVkZjQ2MDdlM2Y4ZTQiXQ==' \/>\n            <input type='hidden' class='gform_hidden' name='gform_target_page_number_1' id='gform_target_page_number_1' value='0' \/>\n            <input type='hidden' class='gform_hidden' name='gform_source_page_number_1' id='gform_source_page_number_1' value='1' \/>\n            <input type='hidden' name='gform_field_values' value='' \/>\n            \n        <\/div>\n                        <p style=\"display: none !important;\"><label>&#916;<textarea name=\"ak_hp_textarea\" cols=\"45\" rows=\"8\" maxlength=\"100\"><\/textarea><\/label><input type=\"hidden\" id=\"ak_js_1\" name=\"ak_js\" value=\"77\"\/><script>document.getElementById( \"ak_js_1\" ).setAttribute( \"value\", ( new Date() ).getTime() );<\/script><\/p><\/form>\n                        <\/div>\n                <iframe style='display:none;width:0px;height:0px;' src='about:blank' name='gform_ajax_frame_1' id='gform_ajax_frame_1' title='This iframe contains the logic required to handle Ajax powered Gravity Forms.'><\/iframe>\n                <script type=\"text\/javascript\">\ngform.initializeOnLoaded( function() {gformInitSpinner( 1, 'https:\/\/www.jeromechoblet.com\/wp-content\/plugins\/gravityforms\/images\/spinner.svg' );jQuery('#gform_ajax_frame_1').on('load',function(){var contents = jQuery(this).contents().find('*').html();var is_postback = contents.indexOf('GF_AJAX_POSTBACK') >= 0;if(!is_postback){return;}var form_content = jQuery(this).contents().find('#gform_wrapper_1');var is_confirmation = jQuery(this).contents().find('#gform_confirmation_wrapper_1').length > 0;var is_redirect = contents.indexOf('gformRedirect(){') >= 0;var is_form = form_content.length > 0 && ! is_redirect && ! is_confirmation;var mt = parseInt(jQuery('html').css('margin-top'), 10) + parseInt(jQuery('body').css('margin-top'), 10) + 100;if(is_form){jQuery('#gform_wrapper_1').html(form_content.html());if(form_content.hasClass('gform_validation_error')){jQuery('#gform_wrapper_1').addClass('gform_validation_error');} else {jQuery('#gform_wrapper_1').removeClass('gform_validation_error');}setTimeout( function() { \/* delay the scroll by 50 milliseconds to fix a bug in chrome *\/ jQuery(document).scrollTop(jQuery('#gform_wrapper_1').offset().top - mt); }, 50 );if(window['gformInitDatepicker']) {gformInitDatepicker();}if(window['gformInitPriceFields']) {gformInitPriceFields();}var current_page = jQuery('#gform_source_page_number_1').val();gformInitSpinner( 1, 'https:\/\/www.jeromechoblet.com\/wp-content\/plugins\/gravityforms\/images\/spinner.svg' );jQuery(document).trigger('gform_page_loaded', [1, current_page]);window['gf_submitting_1'] = false;}else if(!is_redirect){var confirmation_content = jQuery(this).contents().find('.GF_AJAX_POSTBACK').html();if(!confirmation_content){confirmation_content = contents;}setTimeout(function(){jQuery('#gform_wrapper_1').replaceWith(confirmation_content);jQuery(document).scrollTop(jQuery('#gf_1').offset().top - mt);jQuery(document).trigger('gform_confirmation_loaded', [1]);window['gf_submitting_1'] = false;wp.a11y.speak(jQuery('#gform_confirmation_message_1').text());}, 50);}else{jQuery('#gform_1').append(contents);if(window['gformRedirect']) {gformRedirect();}}jQuery(document).trigger('gform_post_render', [1, current_page]);} );} );\n<\/script>\n<\/div>\n<\/div>\n","protected":false},"excerpt":{"rendered":"<p>\uc5d0\ub974\ubcf4\uc96c \uc720\ud1b5\uc5c5\uccb4 \uc804 \uc138\uacc4\uc758 \uc720\ud1b5\uc5c5\uccb4 \uc54c\uc544\ubcf4\uae30&nbsp; \uc5d0\ub974\ubcf4\uc96c\ub294 \uc804 \uc138\uacc4 \uacf3\uacf3\uc758 \uc720\ud1b5\uc5c5\uccb4\uc640 \ud611\ub825\ud558\uace0 \uc788\uc2b5\ub2c8\ub2e4. \uc6b0\ub9ac \uc640\uc778\uc758 90%\ub97c 35\uac1c\uad6d \uc774\uc0c1\uc5d0 \uc218\ucd9c\ud569\ub2c8\ub2e4.&nbsp; \uc81c\ub86c \uc1fc\ube14\ub808\ub294 \uad6c\ub9e4\uc5d0\uc11c\ubd80\ud130 \ud1b5\uad00, \ubc30\uc1a1\uc5d0 \uc774\ub974\uae30\uae4c\uc9c0 \ubaa8\ub4e0 \uc6b4\uc1a1 \uacfc\uc815\uc5d0 \ub3d9\ud589\ud569\ub2c8\ub2e4. \ud488\uc9c8\uacfc \ub9db\uc788\ub294 \uc640\uc778 \uc678\uc5d0\ub3c4, \ud30c\ud2b8\ub108\uc5d0\uac8c \ub6f0\uc5b4\ub09c \uace0\uac1d \uc11c\ube44\uc2a4\ub97c \uc81c\uacf5\ud558\ub294\ub370 \ud22c\uc790\ud558\uace0 \uc788\uc2b5\ub2c8\ub2e4.&nbsp; \uc720\ud1b5\uc5c5\uccb4 \ubaa9\ub85d:&nbsp; \ud504\ub791\uc2a4:&nbsp;&nbsp; Distributeurs Carrefour Hyper&nbsp;&nbsp;&nbsp;&nbsp; Carrefour Market Grand Ouest&nbsp; Distributeurs Carrefour Hyper&nbsp;&nbsp;&nbsp;&nbsp; Carrefour Market [&hellip;]<\/p>\n","protected":false},"author":3,"featured_media":0,"parent":2034,"menu_order":0,"comment_status":"closed","ping_status":"closed","template":"","meta":[],"couleurs":[],"acf":[],"_links":{"self":[{"href":"https:\/\/www.jeromechoblet.com\/ko\/wp-json\/wp\/v2\/pages\/5934"}],"collection":[{"href":"https:\/\/www.jeromechoblet.com\/ko\/wp-json\/wp\/v2\/pages"}],"about":[{"href":"https:\/\/www.jeromechoblet.com\/ko\/wp-json\/wp\/v2\/types\/page"}],"author":[{"embeddable":true,"href":"https:\/\/www.jeromechoblet.com\/ko\/wp-json\/wp\/v2\/users\/3"}],"replies":[{"embeddable":true,"href":"https:\/\/www.jeromechoblet.com\/ko\/wp-json\/wp\/v2\/comments?post=5934"}],"version-history":[{"count":3,"href":"https:\/\/www.jeromechoblet.com\/ko\/wp-json\/wp\/v2\/pages\/5934\/revisions"}],"predecessor-version":[{"id":6167,"href":"https:\/\/www.jeromechoblet.com\/ko\/wp-json\/wp\/v2\/pages\/5934\/revisions\/6167"}],"up":[{"embeddable":true,"href":"https:\/\/www.jeromechoblet.com\/ko\/wp-json\/wp\/v2\/pages\/2034"}],"wp:attachment":[{"href":"https:\/\/www.jeromechoblet.com\/ko\/wp-json\/wp\/v2\/media?parent=5934"}],"wp:term":[{"taxonomy":"couleurs","embeddable":true,"href":"https:\/\/www.jeromechoblet.com\/ko\/wp-json\/wp\/v2\/couleurs?post=5934"}],"curies":[{"name":"wp","href":"https:\/\/api.w.org\/{rel}","templated":true}]}}