{"id":5610,"date":"2022-12-12T10:55:47","date_gmt":"2022-12-12T09:55:47","guid":{"rendered":"https:\/\/www.jeromechoblet.com\/%ec%83%a4%eb%98%90-%eb%b0%8f-%ec%a0%9c%eb%a1%ac-%ec%87%bc%eb%b8%94%eb%a0%88-%eb%86%8d%ec%9e%a5%ec%9d%98-%ec%97%ad\/chateau-de-la-pierre\/"},"modified":"2023-04-04T10:08:23","modified_gmt":"2023-04-04T08:08:23","slug":"%ec%83%a4%eb%98%90-%eb%93%9c-%eb%9d%bc-%ed%94%bc%ec%97%90%eb%a5%b4","status":"publish","type":"page","link":"https:\/\/www.jeromechoblet.com\/ko\/%ec%83%a4%eb%98%90-%eb%b0%8f-%ec%a0%9c%eb%a1%ac-%ec%87%bc%eb%b8%94%eb%a0%88-%eb%86%8d%ec%9e%a5%ec%9d%98-%ec%97%ad\/%ec%83%a4%eb%98%90-%eb%93%9c-%eb%9d%bc-%ed%94%bc%ec%97%90%eb%a5%b4\/","title":{"rendered":"\uc0e4\ub610 \ub4dc \ub77c \ud53c\uc5d0\ub974"},"content":{"rendered":"\n<h1 id=\"\uc0e4\ub610-\ub4dc-\ub77c-\ud53c\uc5d0\ub974-\ud504\ub791\uc2a4\uc758-\uc5ed\uc0ac\uc801\uc778-\uc21c\ub840\uae38\"><strong>\uc0e4\ub610 \ub4dc \ub77c \ud53c\uc5d0\ub974<\/strong> &#8211; \ud504\ub791\uc2a4\uc758 \uc5ed\uc0ac\uc801\uc778 \uc21c\ub840\uae38<\/h1>\n\n\n\n<p><strong>\uc0e4\ub610 \ub4dc \ub77c \ud53c\uc5d0\ub974(Ch\u00e2teau de la Pierre)<\/strong>\ub294 1726\ub144\uc5d0 \uc9c0\uc5b4\uc84c\uc73c\uba70 \ud504\ub791\uc2a4\ub97c \uac70\uccd0 <a href=\"https:\/\/whc.unesco.org\/en\/list\/868\/\" target=\"_blank\" rel=\"noreferrer noopener\"><strong>\ucf64\ud3ec\uc2a4\ud154\ub77c\ub85c \uac00\ub294 \uc21c\ub840\uae38<\/strong><\/a>\uc5d0 \uc788\ub358 \uc61b \uac70\uc8fc\uc9c0\uc785\ub2c8\ub2e4. \ub2f9\uc2dc \uc131\uc758 \uc0b0 \ube44\ud0c8\uc5d0\uc11c \uace1\ubb3c\uc744 \uc7ac\ubc30\ud588\uc73c\uba70 20\uc138\uae30 \ucd08\uc5d0\ub294 \ud3ec\ub3c4\ubc2d\uc774 \ub418\uc5c8\uc2b5\ub2c8\ub2e4.&nbsp;<\/p>\n\n\n\n<p><strong>2007\ub144<\/strong>\ubd80\ud130 <strong>\uc81c\ub86c \uc1fc\ube14\ub808\uac00 \ud3ec\ub3c4\ubc2d\uc744 \uc778\uc218\ud574<\/strong> \uc0b0 \ube44\ud0c8\uc5d0 <strong><a href=\"https:\/\/www.jeromechoblet.com\/ko\/%EC%97%90%EB%A5%B4%EB%B3%B4%EC%A5%AC%EC%9D%98-%ED%8F%AC%EB%8F%84\/#%EB%AF%88%EB%A1%B1\" target=\"_blank\" data-type=\"URL\" data-id=\"https:\/\/www.jeromechoblet.com\/ko\/%EC%97%90%EB%A5%B4%EB%B3%B4%EC%A5%AC%EC%9D%98-%ED%8F%AC%EB%8F%84\/#%EB%AF%88%EB%A1%B1\" rel=\"noreferrer noopener\">\ubbc8\ub871 \ub4dc \ubd80\ub974\uace0\ub274<\/a><\/strong>\uc640 <strong><a href=\"https:\/\/www.jeromechoblet.com\/ko\/%EC%97%90%EB%A5%B4%EB%B3%B4%EC%A5%AC%EC%9D%98-%ED%8F%AC%EB%8F%84\/#%EA%B7%B8%EB%A1%A4%EB%A1%9C-%EA%B7%B8%EB%A6%AC\" target=\"_blank\" rel=\"noreferrer noopener\">\uadf8\ub864\ub85c \uadf8\ub9ac<\/a><\/strong>\ub97c \uc8fc\ub85c \uc2ec\uc5b4 <strong>\uac00\uc7a5 \uc544\ub984\ub2e4\uc6b4 \uacf3\uc73c\ub85c \ub9cc\ub4e4\uc5c8\uc2b5\ub2c8\ub2e4<\/strong>.<strong>\u00a0<\/strong> \uadf8 \uc774\ud6c4\ub85c \uc6b0\uc218\ud55c \ud658\uacbd\uc5d0\uc11c \uc8fc\ubcc0 \uc790\uc5f0\uc744 \ubcf4\uc874\ud558\uba70 \ubb38\ud654\ub97c \ud06c\uac8c \ud5a5\uc0c1\uc2dc\ucf30\uc2b5\ub2c8\ub2e4.\u00a0<\/p>\n\n\n\n<div class=\"wp-block-columns H-05-a\">\n<div class=\"wp-block-column\">\n<h3 class=\"deco--decalage\" id=\"chateaude-la-pierre\">\ubb88\uc2a4\uce74\ub370 \uaf2c\ub728 \ub4dc \uadf8\ub791\ub9ac\uc720 \uc544\ud3a0\ub9ac\uc2dc\uc639\uc758 \ub18d\uc7a5<\/h3>\n\n\n\n<p class=\"deco--decalage\">\uc774\uacf3\uc740 <strong>\ub300\uc11c\uc591 \uc5f0\uc548\uacfc \ub0ad\ud2b8 \uc2dc \uc0ac\uc774\uc5d0 \uc704\uce58\ud574 \uc788\uc2b5\ub2c8\ub2e4. <\/strong>\uc0e4\ub610 \ub4dc \ub77c \ud53c\uc5d0\ub974\ub294 <strong>\ub8e8\uc544\ub974 \uacc4\uace1\uc758 \ubb88\uc2a4\uce74\ub370 \uaf2c\ub728 \ub4dc \uadf8\ub791\ub9ac\uc720 \uc544\ud3a0\ub77c\uc2dc\uc639<\/strong>\uc758 <strong>\ud3ec\ub3c4\ubc2d 20\ud5e5\ud0c0\ub974<\/strong>\ub85c \ub418\uc5b4 \uc788\uc2b5\ub2c8\ub2e4.<strong>&nbsp;&nbsp;<\/strong>&nbsp;<\/p>\n\n\n\n<p class=\"deco--decalage\">\uc811\uadfc\uc774 \ub9e4\uc6b0 \uc5b4\ub824\uc6b4 \uc774 \ub3c5\ud2b9\ud55c \uc7a5\uc18c\ub294 \uc8fc\ubcc0\uc758 \uc624\uc5fc\uc73c\ub85c\ubd80\ud130 \ubcf4\uc874\ub418\uace0 \uc788\uc73c\uba70, \uc218\uc2ed \ud5e5\ud0c0\ub974\uc5d0 \ub2ec\ud558\ub294 100\ub144 \uc774\uc0c1 \ub41c \ud2bc\ud2bc\ud55c \ub098\ubb34\ub85c \ub458\ub7ec\uc2f8\uc5ec \uc788\uc2b5\ub2c8\ub2e4. \uc774 \uacf3\uc740 \uc81c\ub86c \uc1fc\ube14\ub808\uc758 \uac00\uc7a5 \ud3c9\ud654\ub85c\uc6b4 \ud3ec\ub3c4\ubc2d \uc911 \ud558\ub098\uc785\ub2c8\ub2e4.&nbsp;<\/p>\n<\/div>\n\n\n\n<div class=\"wp-block-column\">\n<figure class=\"wp-block-image alignfull size-full deco--decalage2\"><img loading=\"lazy\" width=\"800\" height=\"496\" src=\"https:\/\/www.jeromechoblet.com\/wp-content\/uploads\/2023\/03\/saint-leger-les-vignes_2.jpg\" alt=\"Ch\u00e2teau de la Pierre - J\u00e9r\u00f4me Choblet \" class=\"wp-image-5206\" srcset=\"https:\/\/www.jeromechoblet.com\/wp-content\/uploads\/2023\/03\/saint-leger-les-vignes_2.jpg 800w, https:\/\/www.jeromechoblet.com\/wp-content\/uploads\/2023\/03\/saint-leger-les-vignes_2-300x186.jpg 300w, https:\/\/www.jeromechoblet.com\/wp-content\/uploads\/2023\/03\/saint-leger-les-vignes_2-768x476.jpg 768w\" sizes=\"(max-width: 800px) 100vw, 800px\" title=\"\"><\/figure>\n<\/div>\n<\/div>\n\n\n\n<section class=\"wp-container-69f343daa953c wp-block-group H-10-a\">\n<div class=\"wp-block-columns are-vertically-aligned-center\">\n<div class=\"wp-block-column is-vertically-aligned-center\">\n<figure class=\"wp-block-image size-large\"><img loading=\"lazy\" width=\"1024\" height=\"768\" src=\"https:\/\/www.jeromechoblet.com\/wp-content\/uploads\/2023\/03\/IMG_0641-1024x768.jpeg\" alt=\"Vineyards of Ch\u00e2teau de la Pierre  \" class=\"wp-image-5211\" srcset=\"https:\/\/www.jeromechoblet.com\/wp-content\/uploads\/2023\/03\/IMG_0641-1024x768.jpeg 1024w, https:\/\/www.jeromechoblet.com\/wp-content\/uploads\/2023\/03\/IMG_0641-300x225.jpeg 300w, https:\/\/www.jeromechoblet.com\/wp-content\/uploads\/2023\/03\/IMG_0641-768x576.jpeg 768w, https:\/\/www.jeromechoblet.com\/wp-content\/uploads\/2023\/03\/IMG_0641-1536x1152.jpeg 1536w, https:\/\/www.jeromechoblet.com\/wp-content\/uploads\/2023\/03\/IMG_0641-2048x1536.jpeg 2048w\" sizes=\"(max-width: 1024px) 100vw, 1024px\" title=\"\"><\/figure>\n<\/div>\n\n\n\n<div class=\"wp-block-column is-vertically-aligned-center\">\n<h2 class=\"h3\" id=\"constantius-ad-se-tandem-1\">\uc0e4\ub610 \ub4dc \ub77c \ud53c\uc5d0\ub974\uc758 \uc9c0\uc18d \uac00\ub2a5\ud55c \ud3ec\ub3c4 \uc7ac\ubc30 \uac1c\ubc1c<\/h2>\n\n\n\n<p>2022\ub144\uc5d0\ub294 <strong>\uc57c\uc0dd \ub3d9\ubb3c\uacfc \uc57c\uc0dd \uc2dd\ubb3c\uc774 \uc790\ub77c\uba74\uc11c \uc0c8\ub85c\uc6b4 \uc0dd\ud0dc\uacc4\uac00 \ub9cc\ub4e4\uc5b4\uc9c0\ub294<\/strong> \uac83\uc744 \ubaa9\ud45c\ub85c <strong>\ud3ec\ub3c4 \uc0b0\ub9bc\uc5c5<\/strong>\uc5d0 15\ud5e5\ud0c0\ub974\ub97c \ucd94\uac00\ub85c \ud22c\uc790\ud588\uc2b5\ub2c8\ub2e4.&nbsp;<\/p>\n\n\n\n<p>\uc774 \uc0c8 \ud504\ub85c\uc81d\ud2b8\uc758 \uccab \ubc88\uc9f8 \ub2e8\uacc4\uc5d0\uc11c \uc0dd\uc6b8\ud0c0\ub9ac \uc7ac\uac74\uc744 \uc704\ud574 1,000\uadf8\ub8e8 \uc774\uc0c1\uc758 \ub098\ubb34\ub97c \uc2ec\uc5c8\uc2b5\ub2c8\ub2e4.&nbsp;<\/p>\n\n\n\n<p>2023\ub144 \ucd08\ubd80\ud130 \uc2dc\uc791\ub418\ub294 \ub450 \ubc88\uc9f8 \ub2e8\uacc4\uc5d0\uc11c\ub294 <strong>\ub098\ubb34, \uc2dd\ubb3c<\/strong> \ub4f1 2,500\uc885 \uc774\uc0c1\uc758 \ub2e4\uc591\ud55c \uc885\uc744 <strong>\uc2ec\uace0<\/strong> \ub2e4\uc74c\uacfc \uac19\uc774 \uc624\ub798\ub418\uace0 \ub354 <strong>\uc800\ud56d\ub825\uc774 \uac15\ud55c<\/strong> \uc0c8\ub85c\uc6b4 \ud3ec\ub3c4\uc640 \ud568\uaed8 \uc7ac\ubc30\ud569\ub2c8\ub2e4.&nbsp;<\/p>\n\n\n\n<ul><li>\ubb34\uc2a4\uce74\ub9ac\uc2a4&nbsp;&nbsp;&nbsp;<\/li><li>\ud50c\ub85c\ub808\uc54c&nbsp;&nbsp;&nbsp;<\/li><li>\uc18c\ub810\ub9ac&nbsp;&nbsp;&nbsp;<\/li><li>\ud50c\ub8b0\ub974\ud0c0\uc774&nbsp;&nbsp;&nbsp;&nbsp;&nbsp;<\/li><li>\ubcfc\ud2f0\uc2a4&nbsp;&nbsp;&nbsp;<\/li><li>\uce7c\ub77c\ub514\uc2a4&nbsp;<\/li><\/ul>\n<\/div>\n<\/div>\n\n\n\n<div class=\"wp-block-columns are-vertically-aligned-center\">\n<div class=\"wp-block-column is-vertically-aligned-center\">\n<h2 class=\"h3\" id=\"quam-commodo-urna-tellus-a-vel-1\">\ud658\uacbd\uc801 \uc811\uadfc\uc744 \ud1b5\ud55c \ud488\uc9c8<\/h2>\n\n\n\n<p><strong>\uc0e4\ub610 \ub4dc \ub77c \ud53c\uc5d0\ub974<\/strong>\uc5d0\uc11c <a href=\"\/ko\/\ub178\ud558\uc6b0-\ubc15\ub78c\ud68c\/\uc778\uc99d\/\" target=\"_blank\" rel=\"noreferrer noopener\"><strong>\ud63c\ub18d\uc784\uc5c5<\/strong><\/a>\uc5d0 \ub300\ud55c \ub178\ub825\uc740 \uc678\ubd80\uc758 \ud22c\uc785\uc5d0 \uc758\uc874\ud558\uc9c0 \uc54a\uace0 <strong>\ud658\uacbd \ubcf4\uc874\uc744 \uc6b0\uc120\uc2dc<\/strong>\ud558\ub294 \uac83\uc744 \ubaa9\ud45c\ub85c \ud569\ub2c8\ub2e4.\u00a0\u00a0<\/p>\n\n\n\n<p>\uc9c8\ubcd1\uc5d0 \ub300\ud55c \ud3ec\ub3c4\ub098\ubb34\uc758 \ud68c\ubcf5\ub825\uc744 \uac15\ud654\ud558\uace0 <strong>\uc790\uc5f0\uc801 \ud1b5\uc81c\uc640 \uc800\ud56d<\/strong>\uc744 \uac00\ub2a5\ud558\uac8c \ud558\ub294 \uc0c8\ub85c\uc6b4 \uc0dd\ud0dc\uacc4\ub97c \uc870\uc131\ud558\uae30 \uc704\ud55c \uc811\uadfc\ubc95\uc744 \ucd94\uad6c\ud569\ub2c8\ub2e4. \uadf8 \uacb0\uacfc <strong>\uac74\uac15\ud55c \ud3ec\ub3c4\ub098\ubb34<\/strong>\ub97c \uc7ac\ubc30\ud558\uace0 <strong>\uace0\ud488\uc9c8\uc758 \uc640\uc778<\/strong>\uc744 \uc0dd\uc0b0\ud560 \uc218 \uc788\uac8c \ub418\uc5c8\uc2b5\ub2c8\ub2e4.<strong>&nbsp;<\/strong>&nbsp;<\/p>\n\n\n\n<p>\uadf8 \uc5b4\ub290 \ub54c\ubcf4\ub2e4 \ub354 \uc790\uc5f0\uc744 \ubcf4\ud638\ud558\uace0 \uc720\uc9c0\ud558\ub294 \uc0e4\ub610 \ub4dc \ub77c \ud53c\uc5d0\ub974\uac00 \ub418\uae30 \uc704\ud574 \ucd5c\uc120\uc744 \ub2e4\ud558\uace0 \uc788\uc2b5\ub2c8\ub2e4.&nbsp;<\/p>\n\n\n\n<div class=\"wp-container-69f343daa91e5 wp-block-buttons\">\n<div class=\"wp-block-button\"><a class=\"wp-block-button__link\" href=\"https:\/\/www.jeromechoblet.com\/ko\/%eb%aa%a8%eb%93%a0-%ec%99%80%ec%9d%b8\/\" target=\"_blank\" rel=\"noreferrer noopener\"><strong>\ubaa8\ub4e0 \uc640\uc778<\/strong><\/a><\/div>\n<\/div>\n<\/div>\n\n\n\n<div class=\"wp-block-column is-vertically-aligned-center\">\n<figure class=\"wp-block-image size-large\"><img loading=\"lazy\" width=\"1024\" height=\"768\" src=\"https:\/\/www.jeromechoblet.com\/wp-content\/uploads\/2023\/03\/IMG_3922-1024x768.jpeg\" alt=\"An environmental approach to preserving our vines \" class=\"wp-image-5219\" srcset=\"https:\/\/www.jeromechoblet.com\/wp-content\/uploads\/2023\/03\/IMG_3922-1024x768.jpeg 1024w, https:\/\/www.jeromechoblet.com\/wp-content\/uploads\/2023\/03\/IMG_3922-300x225.jpeg 300w, https:\/\/www.jeromechoblet.com\/wp-content\/uploads\/2023\/03\/IMG_3922-768x576.jpeg 768w, https:\/\/www.jeromechoblet.com\/wp-content\/uploads\/2023\/03\/IMG_3922-1536x1152.jpeg 1536w, https:\/\/www.jeromechoblet.com\/wp-content\/uploads\/2023\/03\/IMG_3922-2048x1536.jpeg 2048w\" sizes=\"(max-width: 1024px) 100vw, 1024px\" title=\"\"><\/figure>\n<\/div>\n<\/div>\n<\/section>\n","protected":false},"excerpt":{"rendered":"<p>\uc0e4\ub610 \ub4dc \ub77c \ud53c\uc5d0\ub974 &#8211; \ud504\ub791\uc2a4\uc758 \uc5ed\uc0ac\uc801\uc778 \uc21c\ub840\uae38 \uc0e4\ub610 \ub4dc \ub77c \ud53c\uc5d0\ub974(Ch\u00e2teau de la Pierre)\ub294 1726\ub144\uc5d0 \uc9c0\uc5b4\uc84c\uc73c\uba70 \ud504\ub791\uc2a4\ub97c \uac70\uccd0 \ucf64\ud3ec\uc2a4\ud154\ub77c\ub85c \uac00\ub294 \uc21c\ub840\uae38\uc5d0 \uc788\ub358 \uc61b \uac70\uc8fc\uc9c0\uc785\ub2c8\ub2e4. \ub2f9\uc2dc \uc131\uc758 \uc0b0 \ube44\ud0c8\uc5d0\uc11c \uace1\ubb3c\uc744 \uc7ac\ubc30\ud588\uc73c\uba70 20\uc138\uae30 \ucd08\uc5d0\ub294 \ud3ec\ub3c4\ubc2d\uc774 \ub418\uc5c8\uc2b5\ub2c8\ub2e4.&nbsp; 2007\ub144\ubd80\ud130 \uc81c\ub86c \uc1fc\ube14\ub808\uac00 \ud3ec\ub3c4\ubc2d\uc744 \uc778\uc218\ud574 \uc0b0 \ube44\ud0c8\uc5d0 \ubbc8\ub871 \ub4dc \ubd80\ub974\uace0\ub274\uc640 \uadf8\ub864\ub85c \uadf8\ub9ac\ub97c \uc8fc\ub85c \uc2ec\uc5b4 \uac00\uc7a5 \uc544\ub984\ub2e4\uc6b4 \uacf3\uc73c\ub85c \ub9cc\ub4e4\uc5c8\uc2b5\ub2c8\ub2e4.\u00a0 \uadf8 \uc774\ud6c4\ub85c [&hellip;]<\/p>\n","protected":false},"author":1,"featured_media":0,"parent":2763,"menu_order":0,"comment_status":"closed","ping_status":"closed","template":"","meta":[],"couleurs":[],"acf":[],"_links":{"self":[{"href":"https:\/\/www.jeromechoblet.com\/ko\/wp-json\/wp\/v2\/pages\/5610"}],"collection":[{"href":"https:\/\/www.jeromechoblet.com\/ko\/wp-json\/wp\/v2\/pages"}],"about":[{"href":"https:\/\/www.jeromechoblet.com\/ko\/wp-json\/wp\/v2\/types\/page"}],"author":[{"embeddable":true,"href":"https:\/\/www.jeromechoblet.com\/ko\/wp-json\/wp\/v2\/users\/1"}],"replies":[{"embeddable":true,"href":"https:\/\/www.jeromechoblet.com\/ko\/wp-json\/wp\/v2\/comments?post=5610"}],"version-history":[{"count":2,"href":"https:\/\/www.jeromechoblet.com\/ko\/wp-json\/wp\/v2\/pages\/5610\/revisions"}],"predecessor-version":[{"id":6090,"href":"https:\/\/www.jeromechoblet.com\/ko\/wp-json\/wp\/v2\/pages\/5610\/revisions\/6090"}],"up":[{"embeddable":true,"href":"https:\/\/www.jeromechoblet.com\/ko\/wp-json\/wp\/v2\/pages\/2763"}],"wp:attachment":[{"href":"https:\/\/www.jeromechoblet.com\/ko\/wp-json\/wp\/v2\/media?parent=5610"}],"wp:term":[{"taxonomy":"couleurs","embeddable":true,"href":"https:\/\/www.jeromechoblet.com\/ko\/wp-json\/wp\/v2\/couleurs?post=5610"}],"curies":[{"name":"wp","href":"https:\/\/api.w.org\/{rel}","templated":true}]}}