{"id":5877,"date":"2023-03-22T18:08:31","date_gmt":"2023-03-22T17:08:31","guid":{"rendered":"https:\/\/www.jeromechoblet.com\/%e3%82%b5%e3%83%b4%e3%82%a9%e3%82%a2%e3%83%95%e3%82%a7%e3%83%bc%e3%83%ab\/our-distributors\/"},"modified":"2023-04-17T11:44:34","modified_gmt":"2023-04-17T09:44:34","slug":"%e5%bd%93%e7%a4%be%e3%81%ae-%e8%b2%a9%e5%a3%b2%e4%bb%a3%e7%90%86%e5%ba%97","status":"publish","type":"page","link":"https:\/\/www.jeromechoblet.com\/ja\/%e3%82%b5%e3%83%b4%e3%82%a9%e3%82%a2%e3%83%95%e3%82%a7%e3%83%bc%e3%83%ab\/%e5%bd%93%e7%a4%be%e3%81%ae-%e8%b2%a9%e5%a3%b2%e4%bb%a3%e7%90%86%e5%ba%97\/","title":{"rendered":"\u5f53\u793e\u306e \u8ca9\u58f2\u4ee3\u7406\u5e97"},"content":{"rendered":"\n<div class=\"wp-block-columns H-05-a\">\n<div class=\"wp-block-column\">\n<h1 id=\"\u5f53\u793e\u306e\u8ca9\u58f2\u4ee3\u7406\u5e97\">\u5f53\u793e\u306e\u8ca9\u58f2\u4ee3\u7406\u5e97<\/h1>\n\n\n\n<h2 class=\"deco--decalage\" id=\"restabat-ut-abstergendae-caus-1\">\u4e16\u754c\u5404\u5730\u306e\u8ca9\u58f2\u4ee3\u7406\u5e97\u3092\u3054\u89a7\u304f\u3060\u3055\u3044&nbsp;<\/h2>\n\n\n\n<p>\u5f53\u793e\u306f<strong>\u4e16\u754c\u4e2d\u306e\u8ca9\u58f2\u4ee3\u7406\u5e97<\/strong>\u3068\u63d0\u643a\u3057\u3066\u304a\u308a\u3001\u751f\u7523\u3057\u3066\u3044\u308b<strong><a href=\"\/ja\/\u79c1\u305f\u3061\u306e\u30ef\u30a4\u30f3\/\" target=\"_blank\" rel=\"noreferrer noopener\">\u30ef\u30a4\u30f3<\/a>\u306e90%\u304c35\u304b\u56fd\u4ee5\u4e0a\u306e\u56fd\u306b\u8f38\u51fa\u3055\u308c\u3066\u3044\u307e\u3059\u3002<\/strong>&nbsp;<\/p>\n\n\n\n<p><strong><strong>\u30b8\u30a7\u30ed\u30fc\u30e0\u30fb\u30b7\u30e7\u30d6\u30ec\u3067\u306f\u3001<\/strong>\u5546\u54c1\u306e\u51fa\u8377\u304b\u3089\u901a\u95a2\u624b\u7d9a\u304d\u3084\u5f15\u304d\u6e21\u3057\u307e\u3067\u3001<strong>\u3054\u6ce8\u6587\u54c1\u306e\u8f38\u9001\u306e\u3059\u3079\u3066\u306e\u904e\u7a0b\u3067\u304a\u5ba2\u69d8\u3092\u30b5\u30dd\u30fc\u30c8\u3057\u3066\u3044\u307e\u3059\u3002\u9ad8\u54c1\u8cea\u306e\u7f8e\u5473\u3057\u3044\u30ef\u30a4\u30f3<\/strong>\u3060\u3051\u3067\u306a\u304f\u3001\u30d1\u30fc\u30c8\u30ca\u30fc\u306b\u5bfe\u3059\u308b<strong>\u512a\u308c\u305f\u30ab\u30b9\u30bf\u30de\u30fc\u30b5\u30fc\u30d3\u30b9<\/strong>\u306b\u3082\u529b\u3092\u6ce8\u3044\u3067\u3044\u307e\u3059\u3002&nbsp;<\/strong><\/p>\n<\/div>\n\n\n\n<div class=\"wp-block-column\">\n<figure class=\"wp-block-image alignfull size-large\"><img loading=\"lazy\" width=\"1024\" height=\"768\" src=\"https:\/\/www.jeromechoblet.com\/wp-content\/uploads\/2023\/03\/Jerome-Choblet-and-distributors-1024x768.jpeg\" alt=\"J\u00e9r\u00f4me Choblet avec son partenaire Franck Agostini de Franck Signature Wines sur un salon distributeur \u00e0 New-York\" class=\"wp-image-5310\" srcset=\"https:\/\/www.jeromechoblet.com\/wp-content\/uploads\/2023\/03\/Jerome-Choblet-and-distributors-1024x768.jpeg 1024w, https:\/\/www.jeromechoblet.com\/wp-content\/uploads\/2023\/03\/Jerome-Choblet-and-distributors-300x225.jpeg 300w, https:\/\/www.jeromechoblet.com\/wp-content\/uploads\/2023\/03\/Jerome-Choblet-and-distributors-768x576.jpeg 768w, https:\/\/www.jeromechoblet.com\/wp-content\/uploads\/2023\/03\/Jerome-Choblet-and-distributors-1536x1152.jpeg 1536w, https:\/\/www.jeromechoblet.com\/wp-content\/uploads\/2023\/03\/Jerome-Choblet-and-distributors-2048x1536.jpeg 2048w\" sizes=\"(max-width: 1024px) 100vw, 1024px\" title=\"\"><\/figure>\n<\/div>\n<\/div>\n\n\n\n<h2 id=\"\u8ca9\u58f2\u4ee3\u7406\u5e97\u306e\u4e00\u89a7\">\u8ca9\u58f2\u4ee3\u7406\u5e97\u306e\u4e00\u89a7&nbsp;<\/h2>\n\n\n\n<div class=\"wp-block-columns\">\n<div class=\"wp-block-column\">\n<p class=\"has-large-font-size\" id=\"france\"><strong><strong>\u30d5\u30e9\u30f3\u30b9<\/strong>&nbsp;<\/strong><\/p>\n\n\n\n<ul><li><a style=\"font-family: -apple-system, BlinkMacSystemFont, &quot;Segoe UI&quot;, Roboto, Oxygen-Sans, Ubuntu, Cantarell, &quot;Helvetica Neue&quot;, sans-serif;\" href=\"https:\/\/www.carrefour.fr\/p\/vin-blanc-val-de-loire-aop-muscadet-cotes-de-grandlieu-sur-lie-domaine-des-herbauges-reflets-de-fran-3245390244055\" target=\"_blank\" rel=\"noreferrer noopener\">\u30ab\u30eb\u30d5\u30fc\u30eb\u30cf\u30a4\u30d1\u30fc\u8ca9\u58f2\u4ee3\u7406\u5e97<\/a><span style=\"color: initial; font-family: -apple-system, BlinkMacSystemFont, &quot;Segoe UI&quot;, Roboto, Oxygen-Sans, Ubuntu, Cantarell, &quot;Helvetica Neue&quot;, sans-serif;\">&nbsp;<\/span><\/li><li><a href=\"https:\/\/www.carrefour.fr\/p\/vin-blanc-val-de-loire-aop-muscadet-cotes-de-grandlieu-sur-lie-domaine-des-herbauges-reflets-de-fran-3245390244055\" target=\"_blank\" rel=\"noreferrer noopener\">\u30ab\u30eb\u30d5\u30fc\u30eb\u30de\u30fc\u30b1\u30c3\u30c8 \u30b0\u30e9\u30f3\u30fb\u30a6\u30a8\u30b9\u30c8<\/a>&nbsp;<\/li><li><a href=\"https:\/\/www.e.leclerc\/fp\/chateau-de-la-pierre-2021-muscadet-cotes-de-grandlieu-sur-lie-aop-blanc-sec-75-cl-3591567594219\" target=\"_blank\" rel=\"noreferrer noopener\">E. \u30eb\u30af\u30ec\u30fc\u30eb\uff08\u79cb\u306e\u30ef\u30a4\u30f3\u30d5\u30a7\u30a2\uff09<\/a>&nbsp;<\/li><li><a href=\"https:\/\/www.carrefour.fr\/p\/vin-blanc-val-de-loire-aop-muscadet-cotes-de-grandlieu-sur-lie-domaine-des-herbauges-reflets-de-fran-3245390244055\" target=\"_blank\" rel=\"noreferrer noopener\">\u30ab\u30eb\u30d5\u30fc\u30eb \u30b7\u30e5\u30c9\u30fb\u30a8\u30b9\u30c8<\/a>&nbsp;&nbsp;&nbsp;&nbsp;<\/li><li>\u3059\u3079\u3066\u306e\u30d5\u30e9\u30f3\u30b9\u7a7a\u6e2f\u306e\u514d\u7a0e\u30a8\u30ea\u30a2&nbsp;<\/li><\/ul>\n\n\n\n<div style=\"height:46px\" aria-hidden=\"true\" class=\"wp-block-spacer\"><\/div>\n\n\n\n<p class=\"has-large-font-size\"><strong><strong>\u82f1\u56fd<\/strong>&nbsp;<\/strong><\/p>\n\n\n\n<ul><li>\u30a8\u30ea\u30b9\u30fb\u30aa\u30d6\u30fb\u30ea\u30c3\u30c1\u30e2\u30f3\u30c9&nbsp;&nbsp;<\/li><\/ul>\n\n\n\n<ol><li><a style=\"font-family: -apple-system, BlinkMacSystemFont, &quot;Segoe UI&quot;, Roboto, Oxygen-Sans, Ubuntu, Cantarell, &quot;Helvetica Neue&quot;, sans-serif;\" href=\"https:\/\/www.elliswines.co.uk\/node\/646\" target=\"_blank\" rel=\"noreferrer noopener\">\u30df\u30e5\u30b9\u30ab\u30c7 \u30b7\u30e5\u30fc\u30eb \u30ea\u30fc \u30c9\u30e1\u30fc\u30cc\u30fb\u30c7\u30fb\u30bc\u30eb\u30dc\u30fc\u30b8\u30e5 2021<\/a><span style=\"color: initial; font-family: -apple-system, BlinkMacSystemFont, &quot;Segoe UI&quot;, Roboto, Oxygen-Sans, Ubuntu, Cantarell, &quot;Helvetica Neue&quot;, sans-serif;\">&nbsp;<\/span><\/li><li><a href=\"https:\/\/www.elliswines.co.uk\/node\/610\" target=\"_blank\" rel=\"noreferrer noopener\">\u30df\u30e5\u30b9\u30ab\u30c7 \u30b3\u30fc\u30c8 \u30c9 \u30b0\u30e9\u30f3\u30ea\u30e5\u30fc \u30b7\u30e5\u30fc\u30eb \u30ea\u30fc \u30af\u30ed \u30c9 \u30e9 \u30d5\u30a3\u30fc\u30cc 2020<\/a>&nbsp;<\/li><li><a href=\"https:\/\/www.elliswines.co.uk\/node\/237\" target=\"_blank\" rel=\"noreferrer noopener\">\u30b7\u30e3\u30eb\u30c9\u30cd\u300c\u30f4\u30a3\u30a8\u30a4\u30e6\u30fb\u30f4\u30a3\u30fc\u30cb\u30e5\u300d \u30e0\u30fc\u30e9\u30f3 \u30c0\u30eb\u30b8\u30e3\u30f3 2021<\/a><\/li><\/ol>\n\n\n\n<ul><li><a href=\"https:\/\/www.waitrose.com\/ecom\/products\/fief-guerin-muscadet-cotes-de-grandlieu-sur-lie-loire-france\/084937-43069-43070\" target=\"_blank\" rel=\"noreferrer noopener\">\u30a6\u30a7\u30a4\u30c8\u30ed\u30fc\u30ba\uff08\u82f1\u56fd\uff09<\/a>&nbsp;<\/li><li><a href=\"https:\/\/www.sainsburys.co.uk\/gol-ui\/product\/all-white-wine\/muscadet-chateau-de-la-pierre-75cl\" target=\"_blank\" rel=\"noreferrer noopener\">\u30bb\u30a4\u30f3\u30ba\u30d9\u30ea\u30fc\u30ba\uff08\u82f1\u56fd\uff09<\/a>&nbsp;<\/li><\/ul>\n\n\n\n<div style=\"height:46px\" aria-hidden=\"true\" class=\"wp-block-spacer\"><\/div>\n\n\n\n<p class=\"has-large-font-size\" id=\"usa\"><strong><strong>\u7c73\u56fd<\/strong>&nbsp;<\/strong><\/p>\n\n\n\n<ul><li><a style=\"font-family: -apple-system, BlinkMacSystemFont, &quot;Segoe UI&quot;, Roboto, Oxygen-Sans, Ubuntu, Cantarell, &quot;Helvetica Neue&quot;, sans-serif;\" href=\"http:\/\/www.lanternawines.com\/brands.html\" target=\"_blank\" rel=\"noreferrer noopener\">\u30e9\u30f3\u30c6\u30eb\u30ca\u30fb\u30c7\u30a3\u30b9\u30c8\u30ea\u30d6 &#8211; \u7c73\u56fd<\/a><span style=\"color: initial; font-family: -apple-system, BlinkMacSystemFont, &quot;Segoe UI&quot;, Roboto, Oxygen-Sans, Ubuntu, Cantarell, &quot;Helvetica Neue&quot;, sans-serif;\">&nbsp;&nbsp;&nbsp;<\/span><\/li><li><a href=\"https:\/\/balthazarny.com\/\" target=\"_blank\" rel=\"noreferrer noopener\">\u30d0\u30b5\u30b6\u30fc\u30eb\uff08\u30cb\u30e5\u30fc\u30e8\u30fc\u30af\uff09<\/a>\uff08<a href=\"https:\/\/balthazarny.com\/wp-content\/uploads\/2023\/02\/2.22.23wine-with-background.pdf\" target=\"_blank\" rel=\"noreferrer noopener\">\u30ef\u30a4\u30f3\u4e00\u89a7<\/a>\uff09&nbsp;&nbsp;&nbsp;&nbsp;<\/li><li><a href=\"https:\/\/www.oysterbarny.com\/\" target=\"_blank\" rel=\"noreferrer noopener\">\u30b0\u30e9\u30f3\u30c9\u30fb\u30bb\u30f3\u30c8\u30e9\u30eb\u30fb\u30aa\u30a4\u30b9\u30bf\u30fc\u30fb\u30d0\u30fc\uff08\u30cb\u30e5\u30fc\u30e8\u30fc\u30af\uff09<\/a>&nbsp;&nbsp;<\/li><li><a href=\"https:\/\/www.skurnik.com\/producer\/luc-choblet\/\" target=\"_blank\" rel=\"noreferrer noopener\">\u30de\u30a4\u30b1\u30eb\u30fb\u30b9\u30ab\u30fc\u30cb\u30c3\u30af\u30fb\u30ef\u30a4\u30f3\u30ba\uff08\u30cb\u30e5\u30fc\u30e8\u30fc\u30af\uff09<\/a>&nbsp;&nbsp;&nbsp;<\/li><li><a href=\"https:\/\/www.franckssignaturewines.com\/search_wines\/index.php?action=view_region&amp;region_id=14\" target=\"_blank\" rel=\"noreferrer noopener\">\u30d5\u30e9\u30f3\u30af\u30fb\u30b7\u30b0\u30cd\u30c1\u30e3\u30fc\u30fb\u30ef\u30a4\u30f3\u30ba<\/a>&nbsp;<\/li><li><a style=\"font-family: -apple-system, BlinkMacSystemFont, &quot;Segoe UI&quot;, Roboto, Oxygen-Sans, Ubuntu, Cantarell, &quot;Helvetica Neue&quot;, sans-serif;\" href=\"https:\/\/www.lionstone.com\/category\/france\/\" target=\"_blank\" rel=\"noreferrer noopener\">\u30e9\u30a4\u30aa\u30f3\u30b9\u30c8\u30fc\u30f3<\/a><span style=\"color: initial; font-family: -apple-system, BlinkMacSystemFont, &quot;Segoe UI&quot;, Roboto, Oxygen-Sans, Ubuntu, Cantarell, &quot;Helvetica Neue&quot;, sans-serif;\">&nbsp;&nbsp;<\/span><\/li><li><a href=\"https:\/\/brunolafonselection.com\/\" target=\"_blank\" rel=\"noreferrer noopener\">P.L.C.B \u30d2\u30e5\u30fc\u30b9\u30c8\u30f3<\/a>&nbsp;<\/li><\/ul>\n\n\n\n<div style=\"height:46px\" aria-hidden=\"true\" class=\"wp-block-spacer\"><\/div>\n\n\n\n<p class=\"has-large-font-size\" id=\"south-korea\"><strong><strong>\u97d3\u56fd<\/strong>&nbsp;<\/strong><\/p>\n\n\n\n<ul><li>\u30f4\u30a3\u30cd\u30c3\u30bb\u30f3\u30fb\u30b3\u30ea\u30a2&nbsp;<\/li><\/ul>\n\n\n\n<ol><li><a href=\"https:\/\/vinessen.webpot.kr\/shop_view\/?idx=153\" target=\"_blank\" rel=\"noreferrer noopener\">\u30df\u30e5\u30b9\u30ab\u30c7\u3001\u30c9\u30e1\u30fc\u30cc\u30fb\u30c7\u30fb\u30bc\u30eb\u30dc\u30fc\u30b8\u30e5\u3001\u30af\u30e9\u30b7\u30c3\u30af<\/a>&nbsp;<\/li><li><a href=\"https:\/\/vinessen.webpot.kr\/shop_view\/?idx=152\" target=\"_blank\" rel=\"noreferrer noopener\">\u30b7\u30e3\u30eb\u30c9\u30cd\u3001\u30c9\u30e1\u30fc\u30cc\u30fb\u30c7\u30fb\u30bc\u30eb\u30dc\u30fc\u30b8\u30e5\u3001\u30e0\u30fc\u30e9\u30f3\u30fb\u30c0\u30eb\u30b8\u30e3\u30f3<\/a>&nbsp;&nbsp;<\/li><li><a href=\"https:\/\/vinessen.webpot.kr\/shop_view\/?idx=333\" target=\"_blank\" rel=\"noreferrer noopener\">\u30b9\u30d1\u30fc\u30af\u30ea\u30f3\u30b0\u30ef\u30a4\u30f3\u3001\u30c9\u30e1\u30fc\u30cc\u30fb\u30c7\u30fb\u30bc\u30eb\u30dc\u30fc\u30b8\u30e5\u3001\u30eb\u30df\u30cd\u30bb\u30f3\u30b9<\/a>&nbsp;<\/li><\/ol>\n\n\n\n<div style=\"height:46px\" aria-hidden=\"true\" class=\"wp-block-spacer\"><\/div>\n\n\n\n<p class=\"has-large-font-size\" id=\"japan\"><strong><strong>\u65e5\u672c<\/strong>&nbsp;<\/strong><\/p>\n\n\n\n<ul><li><a style=\"font-family: -apple-system, BlinkMacSystemFont, &quot;Segoe UI&quot;, Roboto, Oxygen-Sans, Ubuntu, Cantarell, &quot;Helvetica Neue&quot;, sans-serif;\" href=\"https:\/\/www.suicplus.com\/wcellar\/loire\/domainedesherbauges\/#wine102002\" target=\"_blank\" rel=\"noreferrer noopener\">\u30b9\u30a4\u30c3\u30af\u30d7\u30e9\u30b9<\/a><span style=\"color: initial; font-family: -apple-system, BlinkMacSystemFont, &quot;Segoe UI&quot;, Roboto, Oxygen-Sans, Ubuntu, Cantarell, &quot;Helvetica Neue&quot;, sans-serif;\">&nbsp;<\/span><\/li><li><a href=\"https:\/\/www.hesiode.com\/en\/\" target=\"_blank\" rel=\"noreferrer noopener\">\u30a8\u30b8\u30aa\u30fc\u30c9<\/a>&nbsp;<\/li><\/ul>\n<\/div>\n\n\n\n<div class=\"wp-block-column is-vertically-aligned-center\">\n<h2 id=\"\u30d1\u30fc\u30c8\u30ca\u30fc\u3092\u304a\u63a2\u3057\u3067\u3059\u304b\">\u30d1\u30fc\u30c8\u30ca\u30fc\u3092\u304a\u63a2\u3057\u3067\u3059\u304b\uff1f&nbsp;<\/h2>\n\n\n\n<p>\u5f53\u793e\u306f\u8f38\u5165\u696d\u8005\u3084\u8ca9\u58f2\u4ee3\u7406\u5e97\u3068\u306e\u30d1\u30fc\u30c8\u30ca\u30fc\u30b7\u30c3\u30d7\u3092\u5e38\u306b\u62e1\u5927\u3057\u3088\u3046\u3068\u52aa\u3081\u3066\u3044\u307e\u3059\u3002\u30b8\u30a7\u30ed\u30fc\u30e0\u30fb\u30b7\u30e7\u30d6\u30ec\u3067\u306f\u3001\u30d1\u30fc\u30c8\u30ca\u30fc\u30b7\u30c3\u30d7\u3092\u901a\u3058\u3066\u3001\u8ca9\u58f2\u56fd\u3068\u6700\u7d42\u9867\u5ba2\u306b\u30d1\u30fc\u30bd\u30ca\u30e9\u30a4\u30ba\u3057\u305f\u30ef\u30a4\u30f3\u3092\u63d0\u4f9b\u3057\u3066\u3044\u307e\u3059\u3002&nbsp;&nbsp;&nbsp;&nbsp;<\/p>\n\n\n\n<p>\u3082\u3057\u5f53\u793e\u306e\u30ef\u30a4\u30f3\u3092\u65e2\u306b\u3054\u5b58\u77e5\u3067\u30b5\u30f3\u30d7\u30eb\u3092\u3054\u5e0c\u671b\u306e\u65b9\u306f\u3001\u4ee5\u4e0b\u306e\u30d5\u30a9\u30fc\u30e0\u3092\u8a18\u5165\u3044\u305f\u3060\u3051\u308c\u3070\u3001\u3053\u3061\u3089\u304b\u3089\u306a\u308b\u3079\u304f\u65e9\u304f\u3054\u9023\u7d61\u3044\u305f\u3057\u307e\u3059\u3002\u4e00\u7dd2\u306b\u4ed5\u4e8b\u304c\u3067\u304d\u308b\u65e5\u3092\u697d\u3057\u307f\u306b\u3057\u3066\u3044\u307e\u3059\uff01&nbsp;<\/p>\n\n\n\n<figure class=\"wp-block-image size-large\"><img loading=\"lazy\" width=\"1024\" height=\"768\" src=\"https:\/\/www.jeromechoblet.com\/wp-content\/uploads\/2023\/03\/Jerome-Choblet-and-partners-1024x768.jpeg\" alt=\"J\u00e9r\u00f4me Choblet avec ses partenaires Ji Hyuong LEE et Young Kawn KIM de VINESSEN KOREA, \u00e0 SEOUL\" class=\"wp-image-5306\" srcset=\"https:\/\/www.jeromechoblet.com\/wp-content\/uploads\/2023\/03\/Jerome-Choblet-and-partners-1024x768.jpeg 1024w, https:\/\/www.jeromechoblet.com\/wp-content\/uploads\/2023\/03\/Jerome-Choblet-and-partners-300x225.jpeg 300w, https:\/\/www.jeromechoblet.com\/wp-content\/uploads\/2023\/03\/Jerome-Choblet-and-partners-768x576.jpeg 768w, https:\/\/www.jeromechoblet.com\/wp-content\/uploads\/2023\/03\/Jerome-Choblet-and-partners-1536x1152.jpeg 1536w, https:\/\/www.jeromechoblet.com\/wp-content\/uploads\/2023\/03\/Jerome-Choblet-and-partners-2048x1536.jpeg 2048w\" sizes=\"(max-width: 1024px) 100vw, 1024px\" title=\"\"><\/figure>\n\n\n<script type=\"text\/javascript\">var gform;gform||(document.addEventListener(\"gform_main_scripts_loaded\",function(){gform.scriptsLoaded=!0}),window.addEventListener(\"DOMContentLoaded\",function(){gform.domLoaded=!0}),gform={domLoaded:!1,scriptsLoaded:!1,initializeOnLoaded:function(o){gform.domLoaded&&gform.scriptsLoaded?o():!gform.domLoaded&&gform.scriptsLoaded?window.addEventListener(\"DOMContentLoaded\",o):document.addEventListener(\"gform_main_scripts_loaded\",o)},hooks:{action:{},filter:{}},addAction:function(o,n,r,t){gform.addHook(\"action\",o,n,r,t)},addFilter:function(o,n,r,t){gform.addHook(\"filter\",o,n,r,t)},doAction:function(o){gform.doHook(\"action\",o,arguments)},applyFilters:function(o){return gform.doHook(\"filter\",o,arguments)},removeAction:function(o,n){gform.removeHook(\"action\",o,n)},removeFilter:function(o,n,r){gform.removeHook(\"filter\",o,n,r)},addHook:function(o,n,r,t,i){null==gform.hooks[o][n]&&(gform.hooks[o][n]=[]);var e=gform.hooks[o][n];null==i&&(i=n+\"_\"+e.length),gform.hooks[o][n].push({tag:i,callable:r,priority:t=null==t?10:t})},doHook:function(n,o,r){var t;if(r=Array.prototype.slice.call(r,1),null!=gform.hooks[n][o]&&((o=gform.hooks[n][o]).sort(function(o,n){return o.priority-n.priority}),o.forEach(function(o){\"function\"!=typeof(t=o.callable)&&(t=window[t]),\"action\"==n?t.apply(null,r):r[0]=t.apply(null,r)})),\"filter\"==n)return r[0]},removeHook:function(o,n,t,i){var r;null!=gform.hooks[o][n]&&(r=(r=gform.hooks[o][n]).filter(function(o,n,r){return!!(null!=i&&i!=o.tag||null!=t&&t!=o.priority)}),gform.hooks[o][n]=r)}});<\/script>\n                <div class='gf_browser_gecko gform_wrapper gravity-theme' id='gform_wrapper_1' ><div id='gf_1' class='gform_anchor' tabindex='-1'><\/div>\n                        <div class='gform_heading'>\n\t\t\t\t\t\t\t<p class='gform_required_legend'>&quot;<span class=\"gfield_required gfield_required_asterisk\">*<\/span>&quot; indicates required fields<\/p>\n                        <\/div><form method='post' enctype='multipart\/form-data' target='gform_ajax_frame_1' id='gform_1'  action='\/ja\/wp-json\/wp\/v2\/pages\/5877#gf_1' novalidate>\n                        <div class='gform_body gform-body'><div id='gform_fields_1' class='gform_fields top_label form_sublabel_below description_below'><div id=\"field_1_1\"  class=\"gfield gfield--width-full field_sublabel_below field_description_below gfield_visibility_visible\"  data-js-reload=\"field_1_1\"><label class='gfield_label' for='input_1_1' >\u540d\u524d \u59d3<\/label><div class='ginput_container ginput_container_text'><input name='input_1' id='input_1_1' type='text' value='' class='large'    placeholder='\u5c71\u7530 \u592a\u90ce'  aria-invalid=\"false\"   \/> <\/div><\/div><div id=\"field_1_6\"  class=\"gfield gfield--width-full gfield_contains_required field_sublabel_below field_description_below gfield_visibility_visible\"  data-js-reload=\"field_1_6\"><label class='gfield_label' for='input_1_6' >\u96fb\u5b50\u30e1\u30fc\u30eb<span class=\"gfield_required\"><span class=\"gfield_required gfield_required_asterisk\">*<\/span><\/span><\/label><div class='ginput_container ginput_container_email'>\n                            <input name='input_6' id='input_1_6' type='email' value='' class='large'   placeholder='example@herbauges.com' aria-required=\"true\" aria-invalid=\"false\"  \/>\n                        <\/div><\/div><div id=\"field_1_7\"  class=\"gfield gfield--width-full field_sublabel_below field_description_below gfield_visibility_visible\"  data-js-reload=\"field_1_7\"><label class='gfield_label' for='input_1_7' >\u5bfe\u8c61\u7269<\/label><div class='ginput_container ginput_container_text'><input name='input_7' id='input_1_7' type='text' value='' class='large'    placeholder='\u5fdc\u52df\u306e\u76ee\u7684'  aria-invalid=\"false\"   \/> <\/div><\/div><div id=\"field_1_2\"  class=\"gfield gfield--width-full gfield_contains_required field_sublabel_below field_description_below gfield_visibility_visible\"  data-js-reload=\"field_1_2\"><label class='gfield_label' for='input_1_2' >\u30e1\u30c3\u30bb\u30fc\u30b8<span class=\"gfield_required\"><span class=\"gfield_required gfield_required_asterisk\">*<\/span><\/span><\/label><div class='ginput_container ginput_container_textarea'><textarea name='input_2' id='input_1_2' class='textarea large'    placeholder='\u30e1\u30c3\u30bb\u30fc\u30b8\u3092\u66f8\u304f' aria-required=\"true\" aria-invalid=\"false\"   rows='10' cols='50'><\/textarea><\/div><\/div><fieldset id=\"field_1_5\"  class=\"gfield gfield--width-full gfield_contains_required field_sublabel_below field_description_below hidden_label gfield_visibility_visible\"  data-js-reload=\"field_1_5\"><legend class='gfield_label gfield_label_before_complex'  >RGPD<span class=\"gfield_required\"><span class=\"gfield_required gfield_required_asterisk\">*<\/span><\/span><\/legend><div class='ginput_container ginput_container_consent'><input name='input_5.1' id='input_1_5_1' type='checkbox' value='1'   aria-required=\"true\" aria-invalid=\"false\"   \/> <label class=\"gfield_consent_label\" for='input_1_5_1' >\u79c1\u306f\u3001<a href=\"https:\/\/www.jeromechoblet.com\/ja\/cookie-policy-eu\/\"> \u306b\u8a18\u8f09\u3055\u308c\u3066\u3044\u308b\u79c1\u306e\u500b\u4eba<\/a>\u60c5\u5831\u306e\u5229\u7528\u306b\u3064\u3044\u3066\u540c\u610f\u3057\u307e\u3059\u3002.<\/label><span class=\"gfield_required gfield_required_asterisk\">*<\/span><input type='hidden' name='input_5.2' value='\u79c1\u306f\u3001&lt;a href=&quot;https:\/\/www.jeromechoblet.com\/ja\/cookie-policy-eu\/&quot;&gt; \u306b\u8a18\u8f09\u3055\u308c\u3066\u3044\u308b\u79c1\u306e\u500b\u4eba&lt;\/a&gt;\u60c5\u5831\u306e\u5229\u7528\u306b\u3064\u3044\u3066\u540c\u610f\u3057\u307e\u3059\u3002.' class='gform_hidden' \/><input type='hidden' name='input_5.3' value='1' class='gform_hidden' \/><\/div><\/fieldset><div id=\"field_1_4\"  class=\"gfield gfield--width-full field_sublabel_below field_description_below hidden_label gfield_visibility_visible\"  data-js-reload=\"field_1_4\"><label class='gfield_label' for='input_1_4' >CAPTCHA<\/label><div id='input_1_4' class='ginput_container ginput_recaptcha' data-sitekey='6Lc5kxQjAAAAAMiE-zau8AXICbkAQJ1Ou2LcSHlm'  data-theme='light' data-tabindex='-1' data-size='invisible' data-badge='bottomright'><\/div><\/div><\/div><\/div>\n        <div class='gform_footer top_label'> <input type='submit' id='gform_submit_button_1' class='gform_button button' value='\u9001\u4fe1'  onclick='if(window[\"gf_submitting_1\"]){return false;}  if( !jQuery(\"#gform_1\")[0].checkValidity || jQuery(\"#gform_1\")[0].checkValidity()){window[\"gf_submitting_1\"]=true;}  ' onkeypress='if( event.keyCode == 13 ){ if(window[\"gf_submitting_1\"]){return false;} if( !jQuery(\"#gform_1\")[0].checkValidity || jQuery(\"#gform_1\")[0].checkValidity()){window[\"gf_submitting_1\"]=true;}  jQuery(\"#gform_1\").trigger(\"submit\",[true]); }' \/> <input type='hidden' name='gform_ajax' value='form_id=1&amp;title=&amp;description=&amp;tabindex=0' \/>\n            <input type='hidden' class='gform_hidden' name='is_submit_1' value='1' \/>\n            <input type='hidden' class='gform_hidden' name='gform_submit' value='1' \/>\n            \n            <input type='hidden' class='gform_hidden' name='gform_unique_id' value='' \/>\n            <input type='hidden' class='gform_hidden' name='state_1' value='WyJ7XCI1LjFcIjpcIjY2MzkxMzY2MmNiM2Q0MzljOTY1Nzc5NTZlMmYxOTZhXCIsXCI1LjJcIjpcImFlODAwYWRlNzU5MjZkZDY5YmRmNDNlYzljYWUwNzExXCIsXCI1LjNcIjpcIjY2MzkxMzY2MmNiM2Q0MzljOTY1Nzc5NTZlMmYxOTZhXCJ9IiwiZTQxMzczOTBjODU2NDNjYjRiNjBkNGM1ZjFiZDQyNDgiXQ==' \/>\n            <input type='hidden' class='gform_hidden' name='gform_target_page_number_1' id='gform_target_page_number_1' value='0' \/>\n            <input type='hidden' class='gform_hidden' name='gform_source_page_number_1' id='gform_source_page_number_1' value='1' \/>\n            <input type='hidden' name='gform_field_values' value='' \/>\n            \n        <\/div>\n                        <p style=\"display: none !important;\"><label>&#916;<textarea name=\"ak_hp_textarea\" cols=\"45\" rows=\"8\" maxlength=\"100\"><\/textarea><\/label><input type=\"hidden\" id=\"ak_js_1\" name=\"ak_js\" value=\"242\"\/><script>document.getElementById( \"ak_js_1\" ).setAttribute( \"value\", ( new Date() ).getTime() );<\/script><\/p><\/form>\n                        <\/div>\n                <iframe style='display:none;width:0px;height:0px;' src='about:blank' name='gform_ajax_frame_1' id='gform_ajax_frame_1' title='This iframe contains the logic required to handle Ajax powered Gravity Forms.'><\/iframe>\n                <script type=\"text\/javascript\">\ngform.initializeOnLoaded( function() {gformInitSpinner( 1, 'https:\/\/www.jeromechoblet.com\/wp-content\/plugins\/gravityforms\/images\/spinner.svg' );jQuery('#gform_ajax_frame_1').on('load',function(){var contents = jQuery(this).contents().find('*').html();var is_postback = contents.indexOf('GF_AJAX_POSTBACK') >= 0;if(!is_postback){return;}var form_content = jQuery(this).contents().find('#gform_wrapper_1');var is_confirmation = jQuery(this).contents().find('#gform_confirmation_wrapper_1').length > 0;var is_redirect = contents.indexOf('gformRedirect(){') >= 0;var is_form = form_content.length > 0 && ! is_redirect && ! is_confirmation;var mt = parseInt(jQuery('html').css('margin-top'), 10) + parseInt(jQuery('body').css('margin-top'), 10) + 100;if(is_form){jQuery('#gform_wrapper_1').html(form_content.html());if(form_content.hasClass('gform_validation_error')){jQuery('#gform_wrapper_1').addClass('gform_validation_error');} else {jQuery('#gform_wrapper_1').removeClass('gform_validation_error');}setTimeout( function() { \/* delay the scroll by 50 milliseconds to fix a bug in chrome *\/ jQuery(document).scrollTop(jQuery('#gform_wrapper_1').offset().top - mt); }, 50 );if(window['gformInitDatepicker']) {gformInitDatepicker();}if(window['gformInitPriceFields']) {gformInitPriceFields();}var current_page = jQuery('#gform_source_page_number_1').val();gformInitSpinner( 1, 'https:\/\/www.jeromechoblet.com\/wp-content\/plugins\/gravityforms\/images\/spinner.svg' );jQuery(document).trigger('gform_page_loaded', [1, current_page]);window['gf_submitting_1'] = false;}else if(!is_redirect){var confirmation_content = jQuery(this).contents().find('.GF_AJAX_POSTBACK').html();if(!confirmation_content){confirmation_content = contents;}setTimeout(function(){jQuery('#gform_wrapper_1').replaceWith(confirmation_content);jQuery(document).scrollTop(jQuery('#gf_1').offset().top - mt);jQuery(document).trigger('gform_confirmation_loaded', [1]);window['gf_submitting_1'] = false;wp.a11y.speak(jQuery('#gform_confirmation_message_1').text());}, 50);}else{jQuery('#gform_1').append(contents);if(window['gformRedirect']) {gformRedirect();}}jQuery(document).trigger('gform_post_render', [1, current_page]);} );} );\n<\/script>\n<\/div>\n<\/div>\n","protected":false},"excerpt":{"rendered":"<p>\u5f53\u793e\u306e\u8ca9\u58f2\u4ee3\u7406\u5e97 \u4e16\u754c\u5404\u5730\u306e\u8ca9\u58f2\u4ee3\u7406\u5e97\u3092\u3054\u89a7\u304f\u3060\u3055\u3044&nbsp; \u5f53\u793e\u306f\u4e16\u754c\u4e2d\u306e\u8ca9\u58f2\u4ee3\u7406\u5e97\u3068\u63d0\u643a\u3057\u3066\u304a\u308a\u3001\u751f\u7523\u3057\u3066\u3044\u308b\u30ef\u30a4\u30f3\u306e90%\u304c35\u304b\u56fd\u4ee5\u4e0a\u306e\u56fd\u306b\u8f38\u51fa\u3055\u308c\u3066\u3044\u307e\u3059\u3002&nbsp; \u30b8\u30a7\u30ed\u30fc\u30e0\u30fb\u30b7\u30e7\u30d6\u30ec\u3067\u306f\u3001\u5546\u54c1\u306e\u51fa\u8377 [&hellip;]<\/p>\n","protected":false},"author":3,"featured_media":0,"parent":3528,"menu_order":0,"comment_status":"closed","ping_status":"closed","template":"","meta":[],"couleurs":[],"acf":[],"_links":{"self":[{"href":"https:\/\/www.jeromechoblet.com\/ja\/wp-json\/wp\/v2\/pages\/5877"}],"collection":[{"href":"https:\/\/www.jeromechoblet.com\/ja\/wp-json\/wp\/v2\/pages"}],"about":[{"href":"https:\/\/www.jeromechoblet.com\/ja\/wp-json\/wp\/v2\/types\/page"}],"author":[{"embeddable":true,"href":"https:\/\/www.jeromechoblet.com\/ja\/wp-json\/wp\/v2\/users\/3"}],"replies":[{"embeddable":true,"href":"https:\/\/www.jeromechoblet.com\/ja\/wp-json\/wp\/v2\/comments?post=5877"}],"version-history":[{"count":4,"href":"https:\/\/www.jeromechoblet.com\/ja\/wp-json\/wp\/v2\/pages\/5877\/revisions"}],"predecessor-version":[{"id":6244,"href":"https:\/\/www.jeromechoblet.com\/ja\/wp-json\/wp\/v2\/pages\/5877\/revisions\/6244"}],"up":[{"embeddable":true,"href":"https:\/\/www.jeromechoblet.com\/ja\/wp-json\/wp\/v2\/pages\/3528"}],"wp:attachment":[{"href":"https:\/\/www.jeromechoblet.com\/ja\/wp-json\/wp\/v2\/media?parent=5877"}],"wp:term":[{"taxonomy":"couleurs","embeddable":true,"href":"https:\/\/www.jeromechoblet.com\/ja\/wp-json\/wp\/v2\/couleurs?post=5877"}],"curies":[{"name":"wp","href":"https:\/\/api.w.org\/{rel}","templated":true}]}}