{"id":5587,"date":"2022-12-12T10:55:47","date_gmt":"2022-12-12T09:55:47","guid":{"rendered":"https:\/\/www.jeromechoblet.com\/%e6%ad%b4%e5%8f%b2-%e3%82%b8%e3%82%a7%e3%83%ad%e3%83%bc%e3%83%a0%e3%82%b7%e3%83%a7%e3%83%96%e3%83%ac-%e3%81%ae-%e3%82%b7%e3%83%a3%e3%83%88%e3%83%bc-%e3%81%a8-%e3%83%af%e3%82%a4%e3%83%b3%e9%86%b8\/chateau-de-la-pierre\/"},"modified":"2023-04-04T10:07:40","modified_gmt":"2023-04-04T08:07:40","slug":"%e3%82%b7%e3%83%a3%e3%83%88%e3%83%bc-%e3%83%89-%e3%83%a9-%e3%83%94%e3%82%a8%e3%83%bc%e3%83%ab","status":"publish","type":"page","link":"https:\/\/www.jeromechoblet.com\/ja\/%e3%82%b7%e3%83%a7%e3%83%96%e3%83%ac%e3%81%ae%e3%82%b7%e3%83%a3%e3%83%88%e3%83%bc\/%e3%82%b7%e3%83%a3%e3%83%88%e3%83%bc-%e3%83%89-%e3%83%a9-%e3%83%94%e3%82%a8%e3%83%bc%e3%83%ab\/","title":{"rendered":"\u30b7\u30e3\u30c8\u30fc\u30fb\u30c9\u30fb\u30e9\u30fb\u30d4\u30a8\u30fc\u30eb"},"content":{"rendered":"\n<h1 id=\"\u30b7\u30e3\u30c8\u30fc-\u30c9-\u30e9-\u30d4\u30a8\u30fc\u30eb-\u30d5\u30e9\u30f3\u30b9\u306e\u6b74\u53f2\u7684\u306a\u5de1\u793c\u8def\"><strong>\u30b7\u30e3\u30c8\u30fc\u30fb\u30c9\u30fb\u30e9\u30fb\u30d4\u30a8\u30fc\u30eb <\/strong>&#8211; \u30d5\u30e9\u30f3\u30b9\u306e\u6b74\u53f2\u7684\u306a\u5de1\u793c\u8def&nbsp;<\/h1>\n\n\n\n<p><strong>\u30b7\u30e3\u30c8\u30fc\u30fb\u30c9\u30fb\u30e9\u30fb\u30d4\u30a8\u30fc\u30eb<\/strong>\u306f1726\u5e74\u306b\u5efa\u8a2d\u3055\u308c\u3001\u30d5\u30e9\u30f3\u30b9\u306e<a href=\"https:\/\/whc.unesco.org\/en\/list\/868\/\" target=\"_blank\" rel=\"noreferrer noopener\"><strong>\u30b3\u30f3\u30dd\u30b9\u30c6\u30fc\u30e9\u3078\u306e\u5de1\u793c\u8def<\/strong><\/a>\u306b\u304a\u3044\u3066\u6ede\u5728\u6240\u306e\u5f79\u5272\u3092\u679c\u305f\u3057\u3066\u3044\u307e\u3057\u305f\u3002\u5f53\u6642\u3001\u57ce\u306e\u50be\u659c\u306f\u7a40\u7269\u306e\u683d\u57f9\u306b\u4f7f\u7528\u3055\u308c\u3066\u3044\u307e\u3057\u305f\u304c\u300120\u4e16\u7d00\u521d\u982d\u306b\u30d6\u30c9\u30a6\u7551\u3068\u306a\u308a\u307e\u3057\u305f\u3002&nbsp;<\/p>\n\n\n\n<p><strong>2007\u5e74<\/strong>\u3001<strong>\u30b8\u30a7\u30ed\u30fc\u30e0\u30fb\u30b7\u30e7\u30d6\u30ec\u306f\u3053\u306e\u30d6\u30c9\u30a6\u7551\u3092\u8cfc\u5165\u3057\u3001\u4e3b\u306b<a href=\"https:\/\/www.jeromechoblet.com\/ja\/%E5%BD%93%E7%A4%BE-%E3%81%AE%E3%83%96%E3%83%89%E3%82%A6\/#%E3%83%A0%E3%83%AD%E3%83%B3%E3%83%BB%E3%83%89%E3%83%BB%E3%83%96%E3%83%AB%E3%82%B4%E3%83%BC%E3%83%8B%E3%83%A5\" target=\"_blank\" data-type=\"URL\" data-id=\"https:\/\/www.jeromechoblet.com\/ja\/%E5%BD%93%E7%A4%BE-%E3%81%AE%E3%83%96%E3%83%89%E3%82%A6\/#%E3%83%A0%E3%83%AD%E3%83%B3%E3%83%BB%E3%83%89%E3%83%BB%E3%83%96%E3%83%AB%E3%82%B4%E3%83%BC%E3%83%8B%E3%83%A5\" rel=\"noreferrer noopener\">\u30e0\u30ed\u30f3\u30fb\u30c9\u30fb\u30d6\u30eb\u30b4\u30fc\u30cb\u30e5<\/a>\u3068<a href=\"https:\/\/www.jeromechoblet.com\/ja\/%E5%BD%93%E7%A4%BE-%E3%81%AE%E3%83%96%E3%83%89%E3%82%A6\/#%E3%82%B0%E3%83%AD%E3%83%AD%E3%83%BC%E3%82%B0%E3%83%AA\" target=\"_blank\" data-type=\"URL\" data-id=\"https:\/\/www.jeromechoblet.com\/ja\/%E5%BD%93%E7%A4%BE-%E3%81%AE%E3%83%96%E3%83%89%E3%82%A6\/#%E3%82%B0%E3%83%AD%E3%83%AD%E3%83%BC%E3%82%B0%E3%83%AA\" rel=\"noreferrer noopener\">\u30b0\u30ed\u30ed\u30fc\u30fb\u30b0\u30ea<\/a>\u3092\u683d\u57f9\u3059\u308b\u7f8e\u3057\u3044\u50be\u659c\u3092\u4f5c\u308a\u4e0a\u3052\u307e\u3057\u305f\u3002<\/strong> \u305d\u308c\u4ee5\u964d\u3001\u30d6\u30c9\u30a6\u683d\u57f9\u306f\u3001\u4fdd\u5168\u306e\u884c\u304d\u5c4a\u3044\u305f\u7d20\u6674\u3089\u3057\u3044\u74b0\u5883\u306e\u4e2d\u3067\u3001\u5468\u56f2\u306e\u81ea\u7136\u306e\u6075\u307f\u3092\u53d7\u3051\u7d9a\u3051\u3066\u3044\u307e\u3059\u3002\u00a0<\/p>\n\n\n\n<div class=\"wp-block-columns H-05-a\">\n<div class=\"wp-block-column\">\n<h3 class=\"deco--decalage\" id=\"chateaude-la-pierre\">\u30a2\u30da\u30e9\u30b7\u30aa\u30f3\u300c\u30df\u30e5\u30b9\u30ab\u30c7 \u30b3\u30fc\u30c8 \u30c9 \u30b0\u30e9\u30f3\u30ea\u30e5\u30fc\u300d\u306e\u30ef\u30a4\u30f3\u91b8\u9020\u6240<\/h3>\n\n\n\n<p class=\"deco--decalage\">\u3053\u306e\u30ef\u30a4\u30f3\u91b8\u9020\u6240\u306f<strong>\u5927\u897f\u6d0b\u6cbf\u5cb8\u3068\u30ca\u30f3\u30c8\u306e\u8857\u306e\u4e2d\u9593\u306b\u4f4d\u7f6e\u3057\u3066\u304a\u308a\u3001<\/strong>\u30b7\u30e3\u30c8\u30fc\u30fb\u30c9\u30fb\u30e9\u30fb\u30d4\u30a8\u30fc\u30eb\u306f\u3001<strong>\u30ed\u30ef\u30fc\u30eb\u6e13\u8c37\u306e\u30a2\u30da\u30e9\u30b7\u30aa\u30f3\u300c\u30df\u30e5\u30b9\u30ab\u30c7 \u30b3\u30fc\u30c8 \u30c9 \u30b0\u30e9\u30f3\u30ea\u30e5\u30fc\u300d<\/strong>\u306b<strong>20\u30d8\u30af\u30bf\u30fc\u30eb\u306e\u30d6\u30c9\u30a6\u7551<\/strong>\u3092\u6240\u6709\u3057\u3066\u3044\u307e\u3059\u3002&nbsp;<\/p>\n\n\n\n<p class=\"deco--decalage\">\u72ec\u7279\u306a\u7acb\u5730\u3067\u8fd1\u5bc4\u308b\u3053\u3068\u3082\u96e3\u3057\u304f\u3001\u3042\u3089\u3086\u308b\u6c5a\u67d3\u304b\u3089\u4fdd\u8b77\u3055\u308c\u3001\u4f55\u767e\u5e74\u306e\u6a39\u9f62\u3092\u8a87\u308b\u901e\u3057\u3044\u6a39\u6728\u306b\u4f55\u5341\u30d8\u30af\u30bf\u30fc\u30eb\u3082\u5468\u56f2\u3092\u56f2\u307e\u308c\u305f\u3053\u306e\u5834\u6240\u306f\u3001\u30b8\u30a7\u30ed\u30fc\u30e0\u30fb\u30b7\u30e7\u30d6\u30ec\u3067\u6700\u3082\u5e73\u7a4f\u306a\u30d6\u30c9\u30a6\u7551\u306e\u3072\u3068\u3064\u3068\u306a\u3063\u3066\u3044\u307e\u3059\u3002&nbsp;<\/p>\n<\/div>\n\n\n\n<div class=\"wp-block-column\">\n<figure class=\"wp-block-image alignfull size-full deco--decalage2\"><img loading=\"lazy\" width=\"800\" height=\"496\" src=\"https:\/\/www.jeromechoblet.com\/wp-content\/uploads\/2023\/03\/saint-leger-les-vignes_2.jpg\" alt=\"Ch\u00e2teau de la Pierre - J\u00e9r\u00f4me Choblet \" class=\"wp-image-5206\" srcset=\"https:\/\/www.jeromechoblet.com\/wp-content\/uploads\/2023\/03\/saint-leger-les-vignes_2.jpg 800w, https:\/\/www.jeromechoblet.com\/wp-content\/uploads\/2023\/03\/saint-leger-les-vignes_2-300x186.jpg 300w, https:\/\/www.jeromechoblet.com\/wp-content\/uploads\/2023\/03\/saint-leger-les-vignes_2-768x476.jpg 768w\" sizes=\"(max-width: 800px) 100vw, 800px\" title=\"\"><\/figure>\n<\/div>\n<\/div>\n\n\n\n<section class=\"wp-container-69f364d8de396 wp-block-group H-10-a\">\n<div class=\"wp-block-columns are-vertically-aligned-center\">\n<div class=\"wp-block-column is-vertically-aligned-center\">\n<figure class=\"wp-block-image size-large\"><img loading=\"lazy\" width=\"1024\" height=\"768\" src=\"https:\/\/www.jeromechoblet.com\/wp-content\/uploads\/2023\/03\/IMG_0641-1024x768.jpeg\" alt=\"Vineyards of Ch\u00e2teau de la Pierre  \" class=\"wp-image-5211\" srcset=\"https:\/\/www.jeromechoblet.com\/wp-content\/uploads\/2023\/03\/IMG_0641-1024x768.jpeg 1024w, https:\/\/www.jeromechoblet.com\/wp-content\/uploads\/2023\/03\/IMG_0641-300x225.jpeg 300w, https:\/\/www.jeromechoblet.com\/wp-content\/uploads\/2023\/03\/IMG_0641-768x576.jpeg 768w, https:\/\/www.jeromechoblet.com\/wp-content\/uploads\/2023\/03\/IMG_0641-1536x1152.jpeg 1536w, https:\/\/www.jeromechoblet.com\/wp-content\/uploads\/2023\/03\/IMG_0641-2048x1536.jpeg 2048w\" sizes=\"(max-width: 1024px) 100vw, 1024px\" title=\"\"><\/figure>\n<\/div>\n\n\n\n<div class=\"wp-block-column is-vertically-aligned-center\">\n<h2 class=\"h3\" id=\"constantius-ad-se-tandem-1\">\u30b7\u30e3\u30c8\u30fc\u30fb\u30c9\u30fb\u30e9\u30fb\u30d4\u30a8\u30fc\u30eb\u306b\u304a\u3051\u308b\u6301\u7d9a\u53ef\u80fd\u306a\u30d6\u30c9\u30a6\u683d\u57f9\u306e\u958b\u767a<\/h2>\n\n\n\n<p>2022\u5e74\u300115\u30d8\u30af\u30bf\u30fc\u30eb\u5206\u306e\u8ffd\u52a0\u6295\u8cc7\u3092<strong>\u30d3\u30c6\u30a3\u30d5\u30a9\u30ec\u30b9\u30c8\u30ea\u30fc\uff08\u30d6\u30c9\u30a6\u683d\u57f9\u306e\u30a2\u30b0\u30ed\u30d5\u30a9\u30ec\u30b9\u30c8\u30ea\u30fc\uff09<\/strong>\u306b\u5272\u308a\u5f53\u3066\u3001<strong>\u91ce\u751f\u306e\u52d5\u690d\u7269\u306e\u6210\u9577\u3092\u5f8c\u62bc\u3057\u3059\u308b\u65b0\u305f\u306a\u751f\u614b\u7cfb\u306e\u78ba\u7acb<\/strong>\u304c\u56f3\u3089\u308c\u307e\u3057\u305f\u3002&nbsp;<\/p>\n\n\n\n<p>\u3053\u306e\u65b0\u30d7\u30ed\u30b8\u30a7\u30af\u30c8\u306e\u7b2c1\u6bb5\u968e\u3067\u306f\u3001\u751f\u3051\u57a3\u3092\u7bc9\u304d\u76f4\u3059\u305f\u3081\u306b1,000\u672c\u4ee5\u4e0a\u306e\u6a39\u6728\u304c\u690d\u6a39\u3055\u308c\u307e\u3057\u305f\u3002&nbsp;<\/p>\n\n\n\n<p>\u7b2c2\u6bb5\u968e\u306f2023\u5e74\u524d\u534a\u306b\u958b\u59cb\u3055\u308c\u308b\u4e88\u5b9a\u3067\u3059\u3002<strong>\u6a39\u6728\u3084\u690d\u7269<\/strong>\u306a\u3069\u69d8\u3005\u306a\u7a2e\u304c2,500\u672c\u4ee5\u4e0a<strong>\u690d\u3048\u3089\u308c\u308b<\/strong>\u898b\u8fbc\u307f\u3068\u306a\u3063\u3066\u304a\u308a\u3001<strong>\u8010\u6027\u3092\u3082\u3063\u305f<\/strong>\u65b0\u65e7\u306e<strong>\u30d6\u30c9\u30a6<\/strong>\u3068\u5171\u5b58\u3092\u56f3\u308a\u307e\u3059\u3002\u54c1\u7a2e\u306f\u4ee5\u4e0b\u306e\u901a\u308a\u3067\u3059\u3002&nbsp;<\/p>\n\n\n\n<ul><li>\u30e0\u30b9\u30ab\u30ea&nbsp;<\/li><li>\u30d5\u30ed\u30ec\u30a2\u30eb&nbsp;<\/li><li>\u30bd\u30ec\u30fc\u30ea&nbsp;<\/li><li>\u30d5\u30eb\u30fc\u30eb\u30bf\u30a4&nbsp;&nbsp;<\/li><li>\u30f4\u30a9\u30eb\u30c6\u30a3\u30b9&nbsp;<\/li><li>\u30ab\u30e9\u30eb\u30c7\u30a3&nbsp;<\/li><\/ul>\n<\/div>\n<\/div>\n\n\n\n<div class=\"wp-block-columns are-vertically-aligned-center\">\n<div class=\"wp-block-column is-vertically-aligned-center\">\n<h2 class=\"h3\" id=\"quam-commodo-urna-tellus-a-vel-1\">\u54c1\u8cea\u3078\u306e\u74b0\u5883\u578b\u30a2\u30d7\u30ed\u30fc\u30c1<\/h2>\n\n\n\n<p><strong>\u30b7\u30e3\u30c8\u30fc\u30fb\u30c9\u30fb\u30e9\u30fb\u30d4\u30a8\u30fc\u30eb<\/strong>\u3067\u306f\u3001<a href=\"\/ja\/\u30b5\u30f4\u30a9\u30a2\u30d5\u30a7\u30fc\u30eb\/\u8a8d\u8a3c\/\" target=\"_blank\" rel=\"noreferrer noopener\"><strong>\u30a2\u30b0\u30ed\u30d5\u30a9\u30ec\u30b9\u30c8\u30ea\u30fc<\/strong><\/a><strong>\u306e\u53d6\u308a\u7d44\u307f<\/strong>\u3092\u901a\u3058\u3066\u3001\u5916\u304b\u3089\u624b\u3092\u52a0\u3048\u305a\u306b<strong>\u74b0\u5883\u3092\u4fdd\u5168\u3057\u3088\u3046\u3068\u52aa\u3081\u3066\u3044\u307e\u3059<\/strong>\u3002\u00a0<\/p>\n\n\n\n<p>\u5f53\u793e\u306e\u30a2\u30d7\u30ed\u30fc\u30c1\u306f\u75c5\u6c17\u306b\u5bfe\u3059\u308b\u30d6\u30c9\u30a6\u306e\u8010\u6027\u3092\u9ad8\u3081\u3001\u65b0\u305f\u306a\u751f\u614b\u7cfb\u3092\u80b2\u3080\u3053\u3068\u306b\u3088\u308a\u3001<strong>\u81ea\u7136\u306a\u74b0\u5883\u306e\u4e2d\u3067\u30d6\u30c9\u30a6\u3092\u7ba1\u7406\u3057\u3001\u305d\u306e\u62b5\u6297\u529b\u3092\u5f37\u5316<\/strong>\u3057\u307e\u3059\u3002\u3053\u308c\u304c\u3001<strong>\u5065\u5eb7\u7684\u306a\u30d6\u30c9\u30a6<\/strong>\u3092\u683d\u57f9\u3057\u3001<strong>\u9ad8\u54c1\u8cea\u306e\u30ef\u30a4\u30f3<\/strong>\u3092\u9020\u308b\u3053\u3068\u3078\u3068\u7e4b\u304c\u308a\u307e\u3059\u3002&nbsp;<\/p>\n\n\n\n<p>\u74b0\u5883\u306e\u4fdd\u8b77\u304c\u6025\u52d9\u306b\u306a\u3063\u3066\u3044\u308b\u4eca\u3001\u5f53\u793e\u3067\u306f\u3001\u30b7\u30e3\u30c8\u30fc\u30fb\u30c9\u30fb\u30e9\u30fb\u30d4\u30a8\u30fc\u30eb\u3092\u81ea\u7136\u306b\u6700\u5927\u9650\u914d\u616e\u3057\u305f\u30d6\u30c9\u30a6\u7551\u3068\u3057\u3066\u904b\u55b6\u3057\u3066\u3044\u304f\u3053\u3068\u306b\u30b3\u30df\u30c3\u30c8\u3057\u3066\u3044\u307e\u3059\u3002&nbsp;<\/p>\n\n\n\n<div class=\"wp-container-69f364d8ddf3e wp-block-buttons\">\n<div class=\"wp-block-button\"><a class=\"wp-block-button__link\" href=\"https:\/\/www.jeromechoblet.com\/ja\/%e7%a7%81%e3%81%9f%e3%81%a1%e3%81%ae%e3%83%af%e3%82%a4%e3%83%b3\/\" target=\"_blank\" rel=\"noreferrer noopener\">\u79c1\u305f\u3061\u306e\u30ef\u30a4\u30f3<\/a><\/div>\n<\/div>\n<\/div>\n\n\n\n<div class=\"wp-block-column is-vertically-aligned-center\">\n<figure class=\"wp-block-image size-large\"><img loading=\"lazy\" width=\"1024\" height=\"768\" src=\"https:\/\/www.jeromechoblet.com\/wp-content\/uploads\/2023\/03\/IMG_3922-1024x768.jpeg\" alt=\"An environmental approach to preserving our vines \" class=\"wp-image-5219\" srcset=\"https:\/\/www.jeromechoblet.com\/wp-content\/uploads\/2023\/03\/IMG_3922-1024x768.jpeg 1024w, https:\/\/www.jeromechoblet.com\/wp-content\/uploads\/2023\/03\/IMG_3922-300x225.jpeg 300w, https:\/\/www.jeromechoblet.com\/wp-content\/uploads\/2023\/03\/IMG_3922-768x576.jpeg 768w, https:\/\/www.jeromechoblet.com\/wp-content\/uploads\/2023\/03\/IMG_3922-1536x1152.jpeg 1536w, https:\/\/www.jeromechoblet.com\/wp-content\/uploads\/2023\/03\/IMG_3922-2048x1536.jpeg 2048w\" sizes=\"(max-width: 1024px) 100vw, 1024px\" title=\"\"><\/figure>\n<\/div>\n<\/div>\n<\/section>\n","protected":false},"excerpt":{"rendered":"<p>\u30b7\u30e3\u30c8\u30fc\u30fb\u30c9\u30fb\u30e9\u30fb\u30d4\u30a8\u30fc\u30eb &#8211; \u30d5\u30e9\u30f3\u30b9\u306e\u6b74\u53f2\u7684\u306a\u5de1\u793c\u8def&nbsp; \u30b7\u30e3\u30c8\u30fc\u30fb\u30c9\u30fb\u30e9\u30fb\u30d4\u30a8\u30fc\u30eb\u306f1726\u5e74\u306b\u5efa\u8a2d\u3055\u308c\u3001\u30d5\u30e9\u30f3\u30b9\u306e\u30b3\u30f3\u30dd\u30b9\u30c6\u30fc\u30e9\u3078\u306e\u5de1\u793c\u8def\u306b\u304a\u3044\u3066\u6ede\u5728\u6240\u306e\u5f79\u5272\u3092\u679c\u305f\u3057\u3066\u3044\u307e\u3057\u305f\u3002\u5f53\u6642\u3001\u57ce\u306e\u50be\u659c [&hellip;]<\/p>\n","protected":false},"author":1,"featured_media":0,"parent":3534,"menu_order":0,"comment_status":"closed","ping_status":"closed","template":"","meta":[],"couleurs":[],"acf":[],"_links":{"self":[{"href":"https:\/\/www.jeromechoblet.com\/ja\/wp-json\/wp\/v2\/pages\/5587"}],"collection":[{"href":"https:\/\/www.jeromechoblet.com\/ja\/wp-json\/wp\/v2\/pages"}],"about":[{"href":"https:\/\/www.jeromechoblet.com\/ja\/wp-json\/wp\/v2\/types\/page"}],"author":[{"embeddable":true,"href":"https:\/\/www.jeromechoblet.com\/ja\/wp-json\/wp\/v2\/users\/1"}],"replies":[{"embeddable":true,"href":"https:\/\/www.jeromechoblet.com\/ja\/wp-json\/wp\/v2\/comments?post=5587"}],"version-history":[{"count":4,"href":"https:\/\/www.jeromechoblet.com\/ja\/wp-json\/wp\/v2\/pages\/5587\/revisions"}],"predecessor-version":[{"id":6089,"href":"https:\/\/www.jeromechoblet.com\/ja\/wp-json\/wp\/v2\/pages\/5587\/revisions\/6089"}],"up":[{"embeddable":true,"href":"https:\/\/www.jeromechoblet.com\/ja\/wp-json\/wp\/v2\/pages\/3534"}],"wp:attachment":[{"href":"https:\/\/www.jeromechoblet.com\/ja\/wp-json\/wp\/v2\/media?parent=5587"}],"wp:term":[{"taxonomy":"couleurs","embeddable":true,"href":"https:\/\/www.jeromechoblet.com\/ja\/wp-json\/wp\/v2\/couleurs?post=5587"}],"curies":[{"name":"wp","href":"https:\/\/api.w.org\/{rel}","templated":true}]}}