{"id":9491,"date":"2024-12-02T16:03:47","date_gmt":"2024-12-02T15:03:47","guid":{"rendered":"https:\/\/www.jeromechoblet.com\/?page_id=9491"},"modified":"2024-12-02T16:05:41","modified_gmt":"2024-12-02T15:05:41","slug":"melon-b","status":"publish","type":"page","link":"https:\/\/www.jeromechoblet.com\/en\/our-wines\/melon-b\/","title":{"rendered":"Melon B"},"content":{"rendered":"\n<div class=\"wp-block-columns H-05-a\">\n<div class=\"wp-block-column\">\n<h1 class=\"deco--decalage\" id=\"restabat-ut-abstergendae-caus-1\"><strong>Melon B<\/strong><\/h1>\n<\/div>\n\n\n\n<div class=\"wp-block-column\">\n<figure class=\"wp-block-image alignfull size-large deco--decalage2\"><img loading=\"lazy\" width=\"930\" height=\"1024\" src=\"https:\/\/www.jeromechoblet.com\/wp-content\/uploads\/2023\/02\/zan-WrueFKpTlQs-unsplash-4-930x1024.jpg\" alt=\"\" class=\"wp-image-3467\" srcset=\"https:\/\/www.jeromechoblet.com\/wp-content\/uploads\/2023\/02\/zan-WrueFKpTlQs-unsplash-4-930x1024.jpg 930w, https:\/\/www.jeromechoblet.com\/wp-content\/uploads\/2023\/02\/zan-WrueFKpTlQs-unsplash-4-272x300.jpg 272w, https:\/\/www.jeromechoblet.com\/wp-content\/uploads\/2023\/02\/zan-WrueFKpTlQs-unsplash-4-768x846.jpg 768w, https:\/\/www.jeromechoblet.com\/wp-content\/uploads\/2023\/02\/zan-WrueFKpTlQs-unsplash-4.jpg 941w\" sizes=\"(max-width: 930px) 100vw, 930px\" title=\"\"><\/figure>\n<\/div>\n<\/div>\n\n\n<div class=\"boucle--filtres\">\r\n\r\n  <p>Filters :<\/p>\r\n\r\n  <div>\r\n        <div class=\"boucle--filtres__item\">\r\n        <span>Selections<\/span>\r\n        <div>\r\n                      <div class=\"boucle--filtres__item__checkbox\">\r\n              <input type=\"checkbox\" id=\"domaine-des-herbauges-en\" name=\"gamme\" >\r\n              <label for=\"domaine-des-herbauges-en\">Domaine des Herbauges<\/label>\r\n            <\/div>\r\n                      <div class=\"boucle--filtres__item__checkbox\">\r\n              <input type=\"checkbox\" id=\"j-c-en\" name=\"gamme\" >\r\n              <label for=\"j-c-en\">J-C<\/label>\r\n            <\/div>\r\n                      <div class=\"boucle--filtres__item__checkbox\">\r\n              <input type=\"checkbox\" id=\"jerome-choblet-en\" name=\"gamme\" >\r\n              <label for=\"jerome-choblet-en\">J\u00e9r\u00f4me CHOBLET Loire R\u00e9serve<\/label>\r\n            <\/div>\r\n                      <div class=\"boucle--filtres__item__checkbox\">\r\n              <input type=\"checkbox\" id=\"herbauges-en\" name=\"gamme\" >\r\n              <label for=\"herbauges-en\">Herbauges<\/label>\r\n            <\/div>\r\n                      <div class=\"boucle--filtres__item__checkbox\">\r\n              <input type=\"checkbox\" id=\"canette-by-jc-2-en\" name=\"gamme\" >\r\n              <label for=\"canette-by-jc-2-en\">Canette By JC<\/label>\r\n            <\/div>\r\n                  <\/div>\r\n      <\/div>\r\n          <div class=\"boucle--filtres__item\">\r\n        <span>Type<\/span>\r\n        <div>\r\n                      <div class=\"boucle--filtres__item__checkbox\">\r\n              <input type=\"checkbox\" id=\"white-wines\" name=\"couleur\" >\r\n              <label for=\"white-wines\">White wines<\/label>\r\n            <\/div>\r\n                      <div class=\"boucle--filtres__item__checkbox\">\r\n              <input type=\"checkbox\" id=\"rose-wines\" name=\"couleur\" >\r\n              <label for=\"rose-wines\">Ros\u00e9 wines<\/label>\r\n            <\/div>\r\n                  <\/div>\r\n      <\/div>\r\n          <div class=\"boucle--filtres__item\">\r\n        <span>Appellations<\/span>\r\n        <div>\r\n                      <div class=\"boucle--filtres__item__checkbox\">\r\n              <input type=\"checkbox\" id=\"muscadet-cotes-de-grandlieu-en\" name=\"appellation\" >\r\n              <label for=\"muscadet-cotes-de-grandlieu-en\">Muscadet C\u00f4tes de GrandLieu<\/label>\r\n            <\/div>\r\n                      <div class=\"boucle--filtres__item__checkbox\">\r\n              <input type=\"checkbox\" id=\"aop-muscadet-en\" name=\"appellation\" >\r\n              <label for=\"aop-muscadet-en\">AOP Muscadet<\/label>\r\n            <\/div>\r\n                  <\/div>\r\n      <\/div>\r\n    \r\n<\/div>\r\n\r\n  <button class=\"boucle--filtres__reset\" type=\"button\">Reset<\/button>\r\n\r\n<\/div>\r\n\r\n<section class=\"boucle--produits\">\r\n\r\n  \r\n    \r\n    <article class=\"produit\" data-cepage=\"melon-de-bourgogne-en\" data-gamme=\"domaine-des-herbauges-en\" data-couleur=\"white-wines\" data-appellation=\"muscadet-cotes-de-grandlieu-en\">\r\n      <a href=\"https:\/\/www.jeromechoblet.com\/en\/vins\/domaine-herbauges-muscadet-classic\/\">\r\n\r\n                  <figure><img src=\"https:\/\/www.jeromechoblet.com\/wp-content\/uploads\/2023\/02\/classic-capsule.png\" alt=\"Domaine des Herbauges - Domaine Herbauges Muscadet C\u00f4tes de GrandLieu Sur Lie &#8220;ClaSsic&#8221;\" title=\"\"><\/figure>\r\n        \r\n                <p class=\"titre\">White wines &#8211; Domaine des Herbauges<\/p>\r\n\r\n        <p>Domaine Herbauges Muscadet C\u00f4tes de GrandLieu Sur Lie &#8220;ClaSsic&#8221;<\/p>\r\n\r\n        <button class=\"btn\">Discover this wine<\/button>\r\n      <\/a>\r\n    <\/article class=\"produit\">\r\n\r\n  \r\n    \r\n    <article class=\"produit\" data-cepage=\"melon-de-bourgogne-en\" data-gamme=\"domaine-des-herbauges-en\" data-couleur=\"white-wines\" data-appellation=\"muscadet-cotes-de-grandlieu-en\">\r\n      <a href=\"https:\/\/www.jeromechoblet.com\/en\/vins\/domaine-herbauges-muscadet-chateau-de-la-pierre\/\">\r\n\r\n                  <figure><img src=\"https:\/\/www.jeromechoblet.com\/wp-content\/uploads\/2023\/01\/chateau-de-la-pierre-capsule-vis-SM.png\" alt=\"Domaine des Herbauges - Domaine des Herbauges Muscadet C\u00f4tes de Grandlieu\/Lie Chateau de la Pierre\" title=\"\"><\/figure>\r\n        \r\n                <p class=\"titre\">White wines &#8211; Domaine des Herbauges<\/p>\r\n\r\n        <p>Domaine des Herbauges Muscadet C\u00f4tes de Grandlieu\/Lie Chateau de la Pierre<\/p>\r\n\r\n        <button class=\"btn\">Discover this wine<\/button>\r\n      <\/a>\r\n    <\/article class=\"produit\">\r\n\r\n  \r\n    \r\n    <article class=\"produit\" data-cepage=\"melon-de-bourgogne-en\" data-gamme=\"domaine-des-herbauges-en\" data-couleur=\"white-wines\" data-appellation=\"aop-muscadet-en\">\r\n      <a href=\"https:\/\/www.jeromechoblet.com\/en\/vins\/domaine-herbauges-muscadet\/\">\r\n\r\n                  <figure><img src=\"https:\/\/www.jeromechoblet.com\/wp-content\/uploads\/2023\/02\/domaine-herbauges-muscadet-bvs.png\" alt=\"Domaine des Herbauges - Domaine Herbauges Muscadet\" title=\"\"><\/figure>\r\n        \r\n                <p class=\"titre\">White wines &#8211; Domaine des Herbauges<\/p>\r\n\r\n        <p>Domaine Herbauges Muscadet<\/p>\r\n\r\n        <button class=\"btn\">Discover this wine<\/button>\r\n      <\/a>\r\n    <\/article class=\"produit\">\r\n\r\n  \r\n    \r\n    <article class=\"produit\" data-cepage=\"melon-de-bourgogne-en\" data-gamme=\"domaine-des-herbauges-en\" data-couleur=\"white-wines\" data-appellation=\"muscadet-cotes-de-grandlieu-en\">\r\n      <a href=\"https:\/\/www.jeromechoblet.com\/en\/vins\/domaine-des-herbauges-muscadet-clos-fine\/\">\r\n\r\n                  <figure><img src=\"https:\/\/www.jeromechoblet.com\/wp-content\/uploads\/2023\/02\/clos-de-la-fine-muscadet-capsule.png\" alt=\"Domaine des Herbauges - Domaine des Herbauges Muscadet Clos de la Fine\" title=\"\"><\/figure>\r\n        \r\n                <p class=\"titre\">White wines &#8211; Domaine des Herbauges<\/p>\r\n\r\n        <p>Domaine des Herbauges Muscadet Clos de la Fine<\/p>\r\n\r\n        <button class=\"btn\">Discover this wine<\/button>\r\n      <\/a>\r\n    <\/article class=\"produit\">\r\n\r\n  \r\n    \r\n    <article class=\"produit\" data-cepage=\"melon-de-bourgogne-en\" data-gamme=\"domaine-des-herbauges-en\" data-couleur=\"white-wines\" data-appellation=\"muscadet-cotes-de-grandlieu-en\">\r\n      <a href=\"https:\/\/www.jeromechoblet.com\/en\/vins\/domaine-herbauges-muscadet-clos-senaigerie\/\">\r\n\r\n                  <figure><img src=\"https:\/\/www.jeromechoblet.com\/wp-content\/uploads\/2023\/02\/la-senaigerie-muscadet-capsule.png\" alt=\"Domaine des Herbauges - Domaine des Herbauges Muscadet Clos de la S\u00e9naigerie\" title=\"\"><\/figure>\r\n        \r\n                <p class=\"titre\">White wines &#8211; Domaine des Herbauges<\/p>\r\n\r\n        <p>Domaine des Herbauges Muscadet Clos de la S\u00e9naigerie<\/p>\r\n\r\n        <button class=\"btn\">Discover this wine<\/button>\r\n      <\/a>\r\n    <\/article class=\"produit\">\r\n\r\n  \r\n    \r\n    <article class=\"produit\" data-cepage=\"melon-de-bourgogne-en\" data-gamme=\"domaine-des-herbauges-en\" data-couleur=\"white-wines\" data-appellation=\"muscadet-cotes-de-grandlieu-en\">\r\n      <a href=\"https:\/\/www.jeromechoblet.com\/en\/vins\/domaine-des-herbauges-muscadet-fief-guerin\/\">\r\n\r\n                  <figure><img src=\"https:\/\/www.jeromechoblet.com\/wp-content\/uploads\/2023\/02\/fief-guerin-vieilles-vignes-capsule-vis.png\" alt=\"Domaine des Herbauges - Domaine des Herbauges Muscadet Fief Gu\u00e9rin\" title=\"\"><\/figure>\r\n        \r\n                <p class=\"titre\">White wines &#8211; Domaine des Herbauges<\/p>\r\n\r\n        <p>Domaine des Herbauges Muscadet Fief Gu\u00e9rin<\/p>\r\n\r\n        <button class=\"btn\">Discover this wine<\/button>\r\n      <\/a>\r\n    <\/article class=\"produit\">\r\n\r\n  \r\n    \r\n    <article class=\"produit\" data-cepage=\"melon-de-bourgogne-en\" data-gamme=\"domaine-des-herbauges-en\" data-couleur=\"white-wines\" data-appellation=\"muscadet-cotes-de-grandlieu-en\">\r\n      <a href=\"https:\/\/www.jeromechoblet.com\/en\/vins\/domaine-des-herbauges-muscadet-la-roche-blanche\/\">\r\n\r\n                  <figure><img src=\"https:\/\/www.jeromechoblet.com\/wp-content\/uploads\/2023\/02\/la-roche-blanche-capsule-1.png\" alt=\"Domaine des Herbauges - Domaine des Herbauges Muscadet La Roche Blanche\" title=\"\"><\/figure>\r\n        \r\n                <p class=\"titre\">White wines &#8211; Domaine des Herbauges<\/p>\r\n\r\n        <p>Domaine des Herbauges Muscadet La Roche Blanche<\/p>\r\n\r\n        <button class=\"btn\">Discover this wine<\/button>\r\n      <\/a>\r\n    <\/article class=\"produit\">\r\n\r\n  \r\n    \r\n    <article class=\"produit\" data-cepage=\"melon-de-bourgogne-en\" data-gamme=\"domaine-des-herbauges-en\" data-couleur=\"white-wines\" data-appellation=\"muscadet-cotes-de-grandlieu-en\">\r\n      <a href=\"https:\/\/www.jeromechoblet.com\/en\/vins\/domaine-des-herbauges-muscadet-cotes-grandlieu-sur-lie\/\">\r\n\r\n                  <figure><img src=\"https:\/\/www.jeromechoblet.com\/wp-content\/uploads\/2023\/02\/domaine-herbauges-muscadet-cotes-de-grandlieu-sur-lie-bvs1.png\" alt=\"Domaine des Herbauges - Domaine Herbauges Muscadet C\u00f4tes GrandLieu Sur Lie\" title=\"\"><\/figure>\r\n        \r\n                <p class=\"titre\">White wines &#8211; Domaine des Herbauges<\/p>\r\n\r\n        <p>Domaine Herbauges Muscadet C\u00f4tes GrandLieu Sur Lie<\/p>\r\n\r\n        <button class=\"btn\">Discover this wine<\/button>\r\n      <\/a>\r\n    <\/article class=\"produit\">\r\n\r\n  \r\n    \r\n    <article class=\"produit\" data-cepage=\"melon-de-bourgogne-en\" data-gamme=\"j-c-en\" data-couleur=\"white-wines\" data-appellation=\"aop-muscadet-en\">\r\n      <a href=\"https:\/\/www.jeromechoblet.com\/en\/vins\/selection-jerome-choblet-muscadet-jc\/\">\r\n\r\n                  <figure><img src=\"https:\/\/www.jeromechoblet.com\/wp-content\/uploads\/2023\/02\/JC-muscadet-bvs.png\" alt=\"Domaine des Herbauges - JC Selection Muscadet\" title=\"\"><\/figure>\r\n        \r\n                <p class=\"titre\">White wines &#8211; J-C<\/p>\r\n\r\n        <p>JC Selection Muscadet<\/p>\r\n\r\n        <button class=\"btn\">Discover this wine<\/button>\r\n      <\/a>\r\n    <\/article class=\"produit\">\r\n\r\n  \r\n    \r\n    <article class=\"produit\" data-cepage=\"melon-de-bourgogne-en\" data-gamme=\"jerome-choblet-en\" data-couleur=\"white-wines\" data-appellation=\"muscadet-cotes-de-grandlieu-en\">\r\n      <a href=\"https:\/\/www.jeromechoblet.com\/en\/vins\/jerome-choblet-muscadet-cotes-de-grandlieu-sur-lie\/\">\r\n\r\n                  <figure><img src=\"https:\/\/www.jeromechoblet.com\/wp-content\/uploads\/2023\/02\/jerom-choblet-muscadet-cotes-de-grandlieu-sur-lie-bvs-1.png\" alt=\"Domaine des Herbauges - J\u00e9rome Choblet Selection Muscadet C\u00f4tes de GrandLieu Sur Lie\" title=\"\"><\/figure>\r\n        \r\n                <p class=\"titre\">White wines &#8211; J\u00e9r\u00f4me CHOBLET Loire R\u00e9serve<\/p>\r\n\r\n        <p>J\u00e9rome Choblet Selection Muscadet C\u00f4tes de GrandLieu Sur Lie<\/p>\r\n\r\n        <button class=\"btn\">Discover this wine<\/button>\r\n      <\/a>\r\n    <\/article class=\"produit\">\r\n\r\n  \r\n    \r\n    <article class=\"produit\" data-cepage=\"melon-de-bourgogne-en\" data-gamme=\"jerome-choblet-en\" data-couleur=\"white-wines\" data-appellation=\"aop-muscadet-en\">\r\n      <a href=\"https:\/\/www.jeromechoblet.com\/en\/vins\/jerome-choblet-selection-muscadet\/\">\r\n\r\n                  <figure><img src=\"https:\/\/www.jeromechoblet.com\/wp-content\/uploads\/2023\/02\/jerom-choblet-muscadet-bvs.png\" alt=\"Domaine des Herbauges - J\u00e9rome Choblet Selection Muscadet\" title=\"\"><\/figure>\r\n        \r\n                <p class=\"titre\">White wines &#8211; J\u00e9r\u00f4me CHOBLET Loire R\u00e9serve<\/p>\r\n\r\n        <p>J\u00e9rome Choblet Selection Muscadet<\/p>\r\n\r\n        <button class=\"btn\">Discover this wine<\/button>\r\n      <\/a>\r\n    <\/article class=\"produit\">\r\n\r\n  \r\n    \r\n    <article class=\"produit\" data-cepage=\"melon-de-bourgogne-en\" data-gamme=\"domaine-des-herbauges-en\" data-couleur=\"white-wines\" data-appellation=\"muscadet-cotes-de-grandlieu-en\">\r\n      <a href=\"https:\/\/www.jeromechoblet.com\/en\/vins\/domaine-des-5-chemins-muscadet\/\">\r\n\r\n                  <figure><img src=\"https:\/\/www.jeromechoblet.com\/wp-content\/uploads\/2023\/02\/les-5-chemins-muscadet-bleu.png\" alt=\"Domaine des Herbauges - Domaine des 5 Chemins Muscadet\" title=\"\"><\/figure>\r\n        \r\n                <p class=\"titre\">White wines &#8211; Domaine des Herbauges<\/p>\r\n\r\n        <p>Domaine des 5 Chemins Muscadet<\/p>\r\n\r\n        <button class=\"btn\">Discover this wine<\/button>\r\n      <\/a>\r\n    <\/article class=\"produit\">\r\n\r\n  \r\n    \r\n    <article class=\"produit\" data-cepage=\"melon-de-bourgogne-en\" data-gamme=\"domaine-des-herbauges-en\" data-couleur=\"white-wines\" data-appellation=\"muscadet-cotes-de-grandlieu-en\">\r\n      <a href=\"https:\/\/www.jeromechoblet.com\/en\/vins\/domaine-des-herbauges-muscadet-vieilles-vignes\/\">\r\n\r\n                  <figure><img src=\"https:\/\/www.jeromechoblet.com\/wp-content\/uploads\/2023\/01\/muscadet-vieilles-vignes.png\" alt=\"Domaine des Herbauges - Domaine des Herbauges Muscadet Vieilles Vignes\" title=\"\"><\/figure>\r\n        \r\n                <p class=\"titre\">White wines &#8211; Domaine des Herbauges<\/p>\r\n\r\n        <p>Domaine des Herbauges Muscadet Vieilles Vignes<\/p>\r\n\r\n        <button class=\"btn\">Discover this wine<\/button>\r\n      <\/a>\r\n    <\/article class=\"produit\">\r\n\r\n  \r\n    \r\n    <article class=\"produit\" data-cepage=\"melon-de-bourgogne-en\" data-gamme=\"herbauges-en\" data-couleur=\"white-wines\" data-appellation=\"aop-muscadet-en\">\r\n      <a href=\"https:\/\/www.jeromechoblet.com\/en\/vins\/herbauges-aop-muscadet\/\">\r\n\r\n                  <figure><img src=\"https:\/\/www.jeromechoblet.com\/wp-content\/uploads\/2023\/02\/herbauges-muscadet-loire-valley-bvs-1.png\" alt=\"Domaine des Herbauges - Herbauges Selection Muscadet\" title=\"\"><\/figure>\r\n        \r\n                <p class=\"titre\">White wines &#8211; Herbauges<\/p>\r\n\r\n        <p>Herbauges Selection Muscadet<\/p>\r\n\r\n        <button class=\"btn\">Discover this wine<\/button>\r\n      <\/a>\r\n    <\/article class=\"produit\">\r\n\r\n  \r\n    \r\n    <article class=\"produit\" data-cepage=\"melon-de-bourgogne-en\" data-gamme=\"domaine-des-herbauges-en\" data-couleur=\"white-wines\" data-appellation=\"muscadet-cotes-de-grandlieu-en\">\r\n      <a href=\"https:\/\/www.jeromechoblet.com\/en\/vins\/manoir-des-herbauges\/\">\r\n\r\n                  <figure><img src=\"https:\/\/www.jeromechoblet.com\/wp-content\/uploads\/2023\/02\/manoir-des-herbauges-muscadet-capsule.png\" alt=\"Domaine des Herbauges - Manoir des Herbauges\" title=\"\"><\/figure>\r\n        \r\n                <p class=\"titre\">White wines &#8211; Domaine des Herbauges<span> <i class=\"fas fa-heart\"><\/i> Favorite<\/span><\/p>\r\n\r\n        <p>Manoir des Herbauges<\/p>\r\n\r\n        <button class=\"btn\">Discover this wine<\/button>\r\n      <\/a>\r\n    <\/article class=\"produit\">\r\n\r\n  \r\n    \r\n    <article class=\"produit\" data-cepage=\"cabernet-franc-en\" data-gamme=\"canette-by-jc-2-en\" data-couleur=\"rose-wines\" data-appellation=\"aop-muscadet-en\">\r\n      <a href=\"https:\/\/www.jeromechoblet.com\/en\/vins\/vin-en-canette-by-jerome-choblet\/\">\r\n\r\n                  <figure><img src=\"https:\/\/www.jeromechoblet.com\/wp-content\/uploads\/2023\/07\/gamme-cannettes-relief-2-edited-scaled.jpg\" alt=\"Domaine des Herbauges - Premium Can Of Wine by J\u00e9r\u00f4me Choblet\" title=\"\"><\/figure>\r\n        \r\n        <span class=\"new\">New !<\/span>        <p class=\"titre\">Ros\u00e9 wines &#8211; Canette By JC<\/p>\r\n\r\n        <p>Premium Can Of Wine by J\u00e9r\u00f4me Choblet<\/p>\r\n\r\n        <button class=\"btn\">Discover this wine<\/button>\r\n      <\/a>\r\n    <\/article class=\"produit\">\r\n\r\n  \r\n    \r\n    <article class=\"produit\" data-cepage=\"melon-de-bourgogne-en\" data-gamme=\"canette-by-jc-2-en\" data-couleur=\"white-wines\" data-appellation=\"aop-muscadet-en\">\r\n      <a href=\"https:\/\/www.jeromechoblet.com\/en\/vins\/wine-in-a-can-jc-by-jerome-choblet-6\/\">\r\n\r\n                  <figure><img src=\"https:\/\/www.jeromechoblet.com\/wp-content\/uploads\/2024\/11\/vin-de-loire-muscadet-scaled.jpg\" alt=\"Domaine des Herbauges - VIN DE LOIRE CAN BY JC Muscadet\" title=\"\"><\/figure>\r\n        \r\n        <span class=\"new\">New !<\/span>        <p class=\"titre\">White wines &#8211; Canette By JC<\/p>\r\n\r\n        <p>VIN DE LOIRE CAN BY JC Muscadet<\/p>\r\n\r\n        <button class=\"btn\">Discover this wine<\/button>\r\n      <\/a>\r\n    <\/article class=\"produit\">\r\n\r\n  \r\n<\/section>\r\n","protected":false},"excerpt":{"rendered":"<p>Melon B<\/p>\n","protected":false},"author":6,"featured_media":0,"parent":2006,"menu_order":0,"comment_status":"closed","ping_status":"closed","template":"","meta":[],"couleurs":[],"acf":[],"_links":{"self":[{"href":"https:\/\/www.jeromechoblet.com\/en\/wp-json\/wp\/v2\/pages\/9491"}],"collection":[{"href":"https:\/\/www.jeromechoblet.com\/en\/wp-json\/wp\/v2\/pages"}],"about":[{"href":"https:\/\/www.jeromechoblet.com\/en\/wp-json\/wp\/v2\/types\/page"}],"author":[{"embeddable":true,"href":"https:\/\/www.jeromechoblet.com\/en\/wp-json\/wp\/v2\/users\/6"}],"replies":[{"embeddable":true,"href":"https:\/\/www.jeromechoblet.com\/en\/wp-json\/wp\/v2\/comments?post=9491"}],"version-history":[{"count":1,"href":"https:\/\/www.jeromechoblet.com\/en\/wp-json\/wp\/v2\/pages\/9491\/revisions"}],"predecessor-version":[{"id":9492,"href":"https:\/\/www.jeromechoblet.com\/en\/wp-json\/wp\/v2\/pages\/9491\/revisions\/9492"}],"up":[{"embeddable":true,"href":"https:\/\/www.jeromechoblet.com\/en\/wp-json\/wp\/v2\/pages\/2006"}],"wp:attachment":[{"href":"https:\/\/www.jeromechoblet.com\/en\/wp-json\/wp\/v2\/media?parent=9491"}],"wp:term":[{"taxonomy":"couleurs","embeddable":true,"href":"https:\/\/www.jeromechoblet.com\/en\/wp-json\/wp\/v2\/couleurs?post=9491"}],"curies":[{"name":"wp","href":"https:\/\/api.w.org\/{rel}","templated":true}]}}