{"id":9478,"date":"2024-12-02T15:42:21","date_gmt":"2024-12-02T14:42:21","guid":{"rendered":"https:\/\/www.jeromechoblet.com\/?page_id=9478"},"modified":"2024-12-02T15:42:58","modified_gmt":"2024-12-02T14:42:58","slug":"chenin","status":"publish","type":"page","link":"https:\/\/www.jeromechoblet.com\/en\/our-wines\/chenin\/","title":{"rendered":"Chenin"},"content":{"rendered":"\n<div class=\"wp-block-columns H-05-a\">\n<div class=\"wp-block-column\">\n<h1 class=\"deco--decalage\" id=\"restabat-ut-abstergendae-caus-1\"><strong>Chenin<\/strong><\/h1>\n<\/div>\n\n\n\n<div class=\"wp-block-column\">\n<figure class=\"wp-block-image alignfull size-full deco--decalage2\"><img loading=\"lazy\" width=\"1024\" height=\"683\" src=\"https:\/\/www.jeromechoblet.com\/wp-content\/uploads\/2022\/12\/pexels-polina-tankilevitch-7336925.webp\" alt=\"\" class=\"wp-image-601\" srcset=\"https:\/\/www.jeromechoblet.com\/wp-content\/uploads\/2022\/12\/pexels-polina-tankilevitch-7336925.webp 1024w, https:\/\/www.jeromechoblet.com\/wp-content\/uploads\/2022\/12\/pexels-polina-tankilevitch-7336925-300x200.webp 300w, https:\/\/www.jeromechoblet.com\/wp-content\/uploads\/2022\/12\/pexels-polina-tankilevitch-7336925-768x512.webp 768w\" sizes=\"(max-width: 1024px) 100vw, 1024px\" title=\"\"><\/figure>\n<\/div>\n<\/div>\n\n\n<div class=\"boucle--filtres\">\r\n\r\n  <p>Filters :<\/p>\r\n\r\n  <div>\r\n        <div class=\"boucle--filtres__item\">\r\n        <span>Selections<\/span>\r\n        <div>\r\n                      <div class=\"boucle--filtres__item__checkbox\">\r\n              <input type=\"checkbox\" id=\"j-c-en\" name=\"gamme\" >\r\n              <label for=\"j-c-en\">J-C<\/label>\r\n            <\/div>\r\n                      <div class=\"boucle--filtres__item__checkbox\">\r\n              <input type=\"checkbox\" id=\"herbauges-en\" name=\"gamme\" >\r\n              <label for=\"herbauges-en\">Herbauges<\/label>\r\n            <\/div>\r\n                      <div class=\"boucle--filtres__item__checkbox\">\r\n              <input type=\"checkbox\" id=\"jerome-choblet-en\" name=\"gamme\" >\r\n              <label for=\"jerome-choblet-en\">J\u00e9r\u00f4me CHOBLET Loire R\u00e9serve<\/label>\r\n            <\/div>\r\n                      <div class=\"boucle--filtres__item__checkbox\">\r\n              <input type=\"checkbox\" id=\"canette-by-jc-2-en\" name=\"gamme\" >\r\n              <label for=\"canette-by-jc-2-en\">Canette By JC<\/label>\r\n            <\/div>\r\n                      <div class=\"boucle--filtres__item__checkbox\">\r\n              <input type=\"checkbox\" id=\"la-salle-2\" name=\"gamme\" >\r\n              <label for=\"la-salle-2\">La Salle<\/label>\r\n            <\/div>\r\n                  <\/div>\r\n      <\/div>\r\n          <div class=\"boucle--filtres__item\">\r\n        <span>Type<\/span>\r\n        <div>\r\n                      <div class=\"boucle--filtres__item__checkbox\">\r\n              <input type=\"checkbox\" id=\"white-wines\" name=\"couleur\" >\r\n              <label for=\"white-wines\">White wines<\/label>\r\n            <\/div>\r\n                      <div class=\"boucle--filtres__item__checkbox\">\r\n              <input type=\"checkbox\" id=\"rose-wines\" name=\"couleur\" >\r\n              <label for=\"rose-wines\">Ros\u00e9 wines<\/label>\r\n            <\/div>\r\n                      <div class=\"boucle--filtres__item__checkbox\">\r\n              <input type=\"checkbox\" id=\"sparkling-wine\" name=\"couleur\" >\r\n              <label for=\"sparkling-wine\">Sparkling wine<\/label>\r\n            <\/div>\r\n                  <\/div>\r\n      <\/div>\r\n          <div class=\"boucle--filtres__item\">\r\n        <span>Appellations<\/span>\r\n        <div>\r\n                      <div class=\"boucle--filtres__item__checkbox\">\r\n              <input type=\"checkbox\" id=\"igp-val-de-loire-en\" name=\"appellation\" >\r\n              <label for=\"igp-val-de-loire-en\">IGP Val De Loire<\/label>\r\n            <\/div>\r\n                      <div class=\"boucle--filtres__item__checkbox\">\r\n              <input type=\"checkbox\" id=\"aop-saumur-en\" name=\"appellation\" >\r\n              <label for=\"aop-saumur-en\">AOP Saumur<\/label>\r\n            <\/div>\r\n                      <div class=\"boucle--filtres__item__checkbox\">\r\n              <input type=\"checkbox\" id=\"aop-muscadet-en\" name=\"appellation\" >\r\n              <label for=\"aop-muscadet-en\">AOP Muscadet<\/label>\r\n            <\/div>\r\n                  <\/div>\r\n      <\/div>\r\n    \r\n<\/div>\r\n\r\n  <button class=\"boucle--filtres__reset\" type=\"button\">Reset<\/button>\r\n\r\n<\/div>\r\n\r\n<section class=\"boucle--produits\">\r\n\r\n  \r\n    \r\n    <article class=\"produit\" data-cepage=\"chenin-en\" data-gamme=\"j-c-en\" data-couleur=\"white-wines\" data-appellation=\"igp-val-de-loire-en\">\r\n      <a href=\"https:\/\/www.jeromechoblet.com\/en\/vins\/jc-selection-chenin-igp-du-val-de-loire\/\">\r\n\r\n                  <figure><img src=\"https:\/\/www.jeromechoblet.com\/wp-content\/uploads\/2023\/02\/JC-chenin-bvs.png\" alt=\"Domaine des Herbauges - JC Selection Chenin IGP du Val de Loire\" title=\"\"><\/figure>\r\n        \r\n                <p class=\"titre\">White wines &#8211; J-C<\/p>\r\n\r\n        <p>JC Selection Chenin IGP du Val de Loire<\/p>\r\n\r\n        <button class=\"btn\">Discover this wine<\/button>\r\n      <\/a>\r\n    <\/article class=\"produit\">\r\n\r\n  \r\n    \r\n    <article class=\"produit\" data-cepage=\"chenin-en\" data-gamme=\"herbauges-en\" data-couleur=\"white-wines\" data-appellation=\"igp-val-de-loire-en\">\r\n      <a href=\"https:\/\/www.jeromechoblet.com\/en\/vins\/herbauges-selection-chenin-igp-du-val-de-loire\/\">\r\n\r\n                  <figure><img src=\"https:\/\/www.jeromechoblet.com\/wp-content\/uploads\/2023\/02\/herbauges-chenin-loire-valley-bvs-1.png\" alt=\"Domaine des Herbauges - Herbauges selection Chenin IGP du Val de Loire\" title=\"\"><\/figure>\r\n        \r\n                <p class=\"titre\">White wines &#8211; Herbauges<\/p>\r\n\r\n        <p>Herbauges selection Chenin IGP du Val de Loire<\/p>\r\n\r\n        <button class=\"btn\">Discover this wine<\/button>\r\n      <\/a>\r\n    <\/article class=\"produit\">\r\n\r\n  \r\n    \r\n    <article class=\"produit\" data-cepage=\"chenin-en\" data-gamme=\"jerome-choblet-en\" data-couleur=\"white-wines\" data-appellation=\"aop-saumur-en\">\r\n      <a href=\"https:\/\/www.jeromechoblet.com\/en\/vins\/aop-saumur-jerome-choblet-selection\/\">\r\n\r\n                  <figure><img src=\"https:\/\/www.jeromechoblet.com\/wp-content\/uploads\/2023\/02\/jerom-choblet-saumur-bvs.png\" alt=\"Domaine des Herbauges - J\u00e9rome Choblet Selection AOP Saumur\" title=\"\"><\/figure>\r\n        \r\n                <p class=\"titre\">White wines &#8211; J\u00e9r\u00f4me CHOBLET Loire R\u00e9serve<\/p>\r\n\r\n        <p>J\u00e9rome Choblet Selection AOP Saumur<\/p>\r\n\r\n        <button class=\"btn\">Discover this wine<\/button>\r\n      <\/a>\r\n    <\/article class=\"produit\">\r\n\r\n  \r\n    \r\n    <article class=\"produit\" data-cepage=\"chenin-en\" data-gamme=\"j-c-en\" data-couleur=\"white-wines\" data-appellation=\"aop-saumur-en\">\r\n      <a href=\"https:\/\/www.jeromechoblet.com\/en\/vins\/jc-selection-aop-saumur\/\">\r\n\r\n                  <figure><img src=\"https:\/\/www.jeromechoblet.com\/wp-content\/uploads\/2023\/02\/JC-saumur-bvs-1.png\" alt=\"Domaine des Herbauges - JC Selection AOP Saumur\" title=\"\"><\/figure>\r\n        \r\n                <p class=\"titre\">White wines &#8211; J-C<\/p>\r\n\r\n        <p>JC Selection AOP Saumur<\/p>\r\n\r\n        <button class=\"btn\">Discover this wine<\/button>\r\n      <\/a>\r\n    <\/article class=\"produit\">\r\n\r\n  \r\n    \r\n    <article class=\"produit\" data-cepage=\"chenin-en\" data-gamme=\"herbauges-en\" data-couleur=\"white-wines\" data-appellation=\"aop-saumur-en\">\r\n      <a href=\"https:\/\/www.jeromechoblet.com\/en\/vins\/herbauges-selection-aop-saumur\/\">\r\n\r\n                  <figure><img src=\"https:\/\/www.jeromechoblet.com\/wp-content\/uploads\/2023\/02\/herbauges-saumur-loire-valley-bvs-1.png\" alt=\"Domaine des Herbauges - Herbauges Selection AOP Saumur\" title=\"\"><\/figure>\r\n        \r\n                <p class=\"titre\">White wines &#8211; Herbauges<\/p>\r\n\r\n        <p>Herbauges Selection AOP Saumur<\/p>\r\n\r\n        <button class=\"btn\">Discover this wine<\/button>\r\n      <\/a>\r\n    <\/article class=\"produit\">\r\n\r\n  \r\n    \r\n    <article class=\"produit\" data-cepage=\"chenin-en\" data-gamme=\"jerome-choblet-en\" data-couleur=\"white-wines\" data-appellation=\"igp-val-de-loire-en\">\r\n      <a href=\"https:\/\/www.jeromechoblet.com\/en\/vins\/jerome-choblet-selection-chenin-igp-du-val-de-loire\/\">\r\n\r\n                  <figure><img src=\"https:\/\/www.jeromechoblet.com\/wp-content\/uploads\/2023\/02\/jerom-choblet-chenin-bvs.png\" alt=\"Domaine des Herbauges - J\u00e9rome Choblet Selection Chenin IGP du Val de Loire\" title=\"\"><\/figure>\r\n        \r\n                <p class=\"titre\">White wines &#8211; J\u00e9r\u00f4me CHOBLET Loire R\u00e9serve<\/p>\r\n\r\n        <p>J\u00e9rome Choblet Selection Chenin IGP du Val de Loire<\/p>\r\n\r\n        <button class=\"btn\">Discover this wine<\/button>\r\n      <\/a>\r\n    <\/article class=\"produit\">\r\n\r\n  \r\n    \r\n    <article class=\"produit\" data-cepage=\"cabernet-franc-en\" data-gamme=\"canette-by-jc-2-en\" data-couleur=\"rose-wines\" data-appellation=\"aop-muscadet-en\">\r\n      <a href=\"https:\/\/www.jeromechoblet.com\/en\/vins\/vin-en-canette-by-jerome-choblet\/\">\r\n\r\n                  <figure><img src=\"https:\/\/www.jeromechoblet.com\/wp-content\/uploads\/2023\/07\/gamme-cannettes-relief-2-edited-scaled.jpg\" alt=\"Domaine des Herbauges - Premium Can Of Wine by J\u00e9r\u00f4me Choblet\" title=\"\"><\/figure>\r\n        \r\n        <span class=\"new\">New !<\/span>        <p class=\"titre\">Ros\u00e9 wines &#8211; Canette By JC<\/p>\r\n\r\n        <p>Premium Can Of Wine by J\u00e9r\u00f4me Choblet<\/p>\r\n\r\n        <button class=\"btn\">Discover this wine<\/button>\r\n      <\/a>\r\n    <\/article class=\"produit\">\r\n\r\n  \r\n    \r\n    <article class=\"produit\" data-cepage=\"chenin-en\" data-gamme=\"la-salle-2\" data-couleur=\"sparkling-wine\" data-appellation=\"aop-saumur-en\">\r\n      <a href=\"https:\/\/www.jeromechoblet.com\/en\/vins\/la-salle-brut\/\">\r\n\r\n                  <figure><img src=\"https:\/\/www.jeromechoblet.com\/wp-content\/uploads\/2024\/12\/la-salle-bellay-saumur-brut.png\" alt=\"Domaine des Herbauges - Ch\u00e2teau La Salle Brut\" title=\"\"><\/figure>\r\n        \r\n                <p class=\"titre\">Sparkling wine &#8211; La Salle<\/p>\r\n\r\n        <p>Ch\u00e2teau La Salle Brut<\/p>\r\n\r\n        <button class=\"btn\">Discover this wine<\/button>\r\n      <\/a>\r\n    <\/article class=\"produit\">\r\n\r\n  \r\n<\/section>\r\n","protected":false},"excerpt":{"rendered":"<p>Chenin<\/p>\n","protected":false},"author":6,"featured_media":0,"parent":2006,"menu_order":0,"comment_status":"closed","ping_status":"closed","template":"","meta":[],"couleurs":[],"acf":[],"_links":{"self":[{"href":"https:\/\/www.jeromechoblet.com\/en\/wp-json\/wp\/v2\/pages\/9478"}],"collection":[{"href":"https:\/\/www.jeromechoblet.com\/en\/wp-json\/wp\/v2\/pages"}],"about":[{"href":"https:\/\/www.jeromechoblet.com\/en\/wp-json\/wp\/v2\/types\/page"}],"author":[{"embeddable":true,"href":"https:\/\/www.jeromechoblet.com\/en\/wp-json\/wp\/v2\/users\/6"}],"replies":[{"embeddable":true,"href":"https:\/\/www.jeromechoblet.com\/en\/wp-json\/wp\/v2\/comments?post=9478"}],"version-history":[{"count":2,"href":"https:\/\/www.jeromechoblet.com\/en\/wp-json\/wp\/v2\/pages\/9478\/revisions"}],"predecessor-version":[{"id":9480,"href":"https:\/\/www.jeromechoblet.com\/en\/wp-json\/wp\/v2\/pages\/9478\/revisions\/9480"}],"up":[{"embeddable":true,"href":"https:\/\/www.jeromechoblet.com\/en\/wp-json\/wp\/v2\/pages\/2006"}],"wp:attachment":[{"href":"https:\/\/www.jeromechoblet.com\/en\/wp-json\/wp\/v2\/media?parent=9478"}],"wp:term":[{"taxonomy":"couleurs","embeddable":true,"href":"https:\/\/www.jeromechoblet.com\/en\/wp-json\/wp\/v2\/couleurs?post=9478"}],"curies":[{"name":"wp","href":"https:\/\/api.w.org\/{rel}","templated":true}]}}