{"id":9462,"date":"2024-12-02T15:27:50","date_gmt":"2024-12-02T14:27:50","guid":{"rendered":"https:\/\/www.jeromechoblet.com\/?page_id=9462"},"modified":"2024-12-02T15:27:51","modified_gmt":"2024-12-02T14:27:51","slug":"jerome-choblet","status":"publish","type":"page","link":"https:\/\/www.jeromechoblet.com\/en\/our-wines\/jerome-choblet\/","title":{"rendered":"J\u00e9r\u00f4me Choblet"},"content":{"rendered":"\n<div class=\"wp-block-columns H-05-a\">\n<div class=\"wp-block-column\">\n<h1 class=\"deco--decalage\" id=\"restabat-ut-abstergendae-caus-1\"><strong>J\u00e9r\u00f4me Choblet<\/strong> <strong>Loire R\u00e9serve<\/strong><\/h1>\n<\/div>\n\n\n\n<div class=\"wp-block-column\">\n<figure class=\"wp-block-image alignfull size-full deco--decalage2\"><img loading=\"lazy\" width=\"1024\" height=\"683\" src=\"https:\/\/www.jeromechoblet.com\/wp-content\/uploads\/2022\/12\/pexels-terje-sollie-313715.webp\" alt=\"\" class=\"wp-image-608\" srcset=\"https:\/\/www.jeromechoblet.com\/wp-content\/uploads\/2022\/12\/pexels-terje-sollie-313715.webp 1024w, https:\/\/www.jeromechoblet.com\/wp-content\/uploads\/2022\/12\/pexels-terje-sollie-313715-300x200.webp 300w, https:\/\/www.jeromechoblet.com\/wp-content\/uploads\/2022\/12\/pexels-terje-sollie-313715-768x512.webp 768w\" sizes=\"(max-width: 1024px) 100vw, 1024px\" title=\"\"><\/figure>\n<\/div>\n<\/div>\n\n\n<div class=\"boucle--filtres\">\r\n\r\n  <p>Filters :<\/p>\r\n\r\n  <div>\r\n        <div class=\"boucle--filtres__item\">\r\n        <span>Grape varieties<\/span>\r\n        <div>\r\n                      <div class=\"boucle--filtres__item__checkbox\">\r\n\r\n              <input type=\"checkbox\" id=\"melon-de-bourgogne-en\" name=\"cepage\" >\r\n              <label for=\"melon-de-bourgogne-en\">Melon B<\/label>\r\n            <\/div>\r\n                      <div class=\"boucle--filtres__item__checkbox\">\r\n\r\n              <input type=\"checkbox\" id=\"chardonnay-en\" name=\"cepage\" >\r\n              <label for=\"chardonnay-en\">Chardonnay<\/label>\r\n            <\/div>\r\n                      <div class=\"boucle--filtres__item__checkbox\">\r\n\r\n              <input type=\"checkbox\" id=\"chenin-en\" name=\"cepage\" >\r\n              <label for=\"chenin-en\">Chenin<\/label>\r\n            <\/div>\r\n                  <\/div>\r\n      <\/div>\r\n          <div class=\"boucle--filtres__item\">\r\n        <span>Type<\/span>\r\n        <div>\r\n                      <div class=\"boucle--filtres__item__checkbox\">\r\n              <input type=\"checkbox\" id=\"white-wines\" name=\"couleur\" >\r\n              <label for=\"white-wines\">White wines<\/label>\r\n            <\/div>\r\n                  <\/div>\r\n      <\/div>\r\n          <div class=\"boucle--filtres__item\">\r\n        <span>Appellations<\/span>\r\n        <div>\r\n                      <div class=\"boucle--filtres__item__checkbox\">\r\n              <input type=\"checkbox\" id=\"muscadet-cotes-de-grandlieu-en\" name=\"appellation\" >\r\n              <label for=\"muscadet-cotes-de-grandlieu-en\">Muscadet C\u00f4tes de GrandLieu<\/label>\r\n            <\/div>\r\n                      <div class=\"boucle--filtres__item__checkbox\">\r\n              <input type=\"checkbox\" id=\"aop-muscadet-en\" name=\"appellation\" >\r\n              <label for=\"aop-muscadet-en\">AOP Muscadet<\/label>\r\n            <\/div>\r\n                      <div class=\"boucle--filtres__item__checkbox\">\r\n              <input type=\"checkbox\" id=\"igp-val-de-loire-en\" name=\"appellation\" >\r\n              <label for=\"igp-val-de-loire-en\">IGP Val De Loire<\/label>\r\n            <\/div>\r\n                      <div class=\"boucle--filtres__item__checkbox\">\r\n              <input type=\"checkbox\" id=\"aop-saumur-en\" name=\"appellation\" >\r\n              <label for=\"aop-saumur-en\">AOP Saumur<\/label>\r\n            <\/div>\r\n                  <\/div>\r\n      <\/div>\r\n    \r\n<\/div>\r\n\r\n  <button class=\"boucle--filtres__reset\" type=\"button\">Reset<\/button>\r\n\r\n<\/div>\r\n\r\n<section class=\"boucle--produits\">\r\n\r\n  \r\n    \r\n    <article class=\"produit\" data-cepage=\"melon-de-bourgogne-en\" data-gamme=\"jerome-choblet-en\" data-couleur=\"white-wines\" data-appellation=\"muscadet-cotes-de-grandlieu-en\">\r\n      <a href=\"https:\/\/www.jeromechoblet.com\/en\/vins\/jerome-choblet-muscadet-cotes-de-grandlieu-sur-lie\/\">\r\n\r\n                  <figure><img src=\"https:\/\/www.jeromechoblet.com\/wp-content\/uploads\/2023\/02\/jerom-choblet-muscadet-cotes-de-grandlieu-sur-lie-bvs-1.png\" alt=\"Domaine des Herbauges - J\u00e9rome Choblet Selection Muscadet C\u00f4tes de GrandLieu Sur Lie\" title=\"\"><\/figure>\r\n        \r\n                <p class=\"titre\">White wines &#8211; J\u00e9r\u00f4me CHOBLET Loire R\u00e9serve<\/p>\r\n\r\n        <p>J\u00e9rome Choblet Selection Muscadet C\u00f4tes de GrandLieu Sur Lie<\/p>\r\n\r\n        <button class=\"btn\">Discover this wine<\/button>\r\n      <\/a>\r\n    <\/article class=\"produit\">\r\n\r\n  \r\n    \r\n    <article class=\"produit\" data-cepage=\"melon-de-bourgogne-en\" data-gamme=\"jerome-choblet-en\" data-couleur=\"white-wines\" data-appellation=\"aop-muscadet-en\">\r\n      <a href=\"https:\/\/www.jeromechoblet.com\/en\/vins\/jerome-choblet-selection-muscadet\/\">\r\n\r\n                  <figure><img src=\"https:\/\/www.jeromechoblet.com\/wp-content\/uploads\/2023\/02\/jerom-choblet-muscadet-bvs.png\" alt=\"Domaine des Herbauges - J\u00e9rome Choblet Selection Muscadet\" title=\"\"><\/figure>\r\n        \r\n                <p class=\"titre\">White wines &#8211; J\u00e9r\u00f4me CHOBLET Loire R\u00e9serve<\/p>\r\n\r\n        <p>J\u00e9rome Choblet Selection Muscadet<\/p>\r\n\r\n        <button class=\"btn\">Discover this wine<\/button>\r\n      <\/a>\r\n    <\/article class=\"produit\">\r\n\r\n  \r\n    \r\n    <article class=\"produit\" data-cepage=\"chardonnay-en\" data-gamme=\"jerome-choblet-en\" data-couleur=\"white-wines\" data-appellation=\"igp-val-de-loire-en\">\r\n      <a href=\"https:\/\/www.jeromechoblet.com\/en\/vins\/jerome-choblet-selection-chardonnay-igp-val-de-loire\/\">\r\n\r\n                  <figure><img src=\"https:\/\/www.jeromechoblet.com\/wp-content\/uploads\/2023\/02\/jerom-choblet-chardonnay-bvs.png\" alt=\"Domaine des Herbauges - J\u00e9rome Choblet Selection IGP du Val de Loire Chardonnay\" title=\"\"><\/figure>\r\n        \r\n                <p class=\"titre\">White wines &#8211; J\u00e9r\u00f4me CHOBLET Loire R\u00e9serve<\/p>\r\n\r\n        <p>J\u00e9rome Choblet Selection IGP du Val de Loire Chardonnay<\/p>\r\n\r\n        <button class=\"btn\">Discover this wine<\/button>\r\n      <\/a>\r\n    <\/article class=\"produit\">\r\n\r\n  \r\n    \r\n    <article class=\"produit\" data-cepage=\"chenin-en\" data-gamme=\"jerome-choblet-en\" data-couleur=\"white-wines\" data-appellation=\"aop-saumur-en\">\r\n      <a href=\"https:\/\/www.jeromechoblet.com\/en\/vins\/aop-saumur-jerome-choblet-selection\/\">\r\n\r\n                  <figure><img src=\"https:\/\/www.jeromechoblet.com\/wp-content\/uploads\/2023\/02\/jerom-choblet-saumur-bvs.png\" alt=\"Domaine des Herbauges - J\u00e9rome Choblet Selection AOP Saumur\" title=\"\"><\/figure>\r\n        \r\n                <p class=\"titre\">White wines &#8211; J\u00e9r\u00f4me CHOBLET Loire R\u00e9serve<\/p>\r\n\r\n        <p>J\u00e9rome Choblet Selection AOP Saumur<\/p>\r\n\r\n        <button class=\"btn\">Discover this wine<\/button>\r\n      <\/a>\r\n    <\/article class=\"produit\">\r\n\r\n  \r\n    \r\n    <article class=\"produit\" data-cepage=\"chenin-en\" data-gamme=\"jerome-choblet-en\" data-couleur=\"white-wines\" data-appellation=\"igp-val-de-loire-en\">\r\n      <a href=\"https:\/\/www.jeromechoblet.com\/en\/vins\/jerome-choblet-selection-chenin-igp-du-val-de-loire\/\">\r\n\r\n                  <figure><img src=\"https:\/\/www.jeromechoblet.com\/wp-content\/uploads\/2023\/02\/jerom-choblet-chenin-bvs.png\" alt=\"Domaine des Herbauges - J\u00e9rome Choblet Selection Chenin IGP du Val de Loire\" title=\"\"><\/figure>\r\n        \r\n                <p class=\"titre\">White wines &#8211; J\u00e9r\u00f4me CHOBLET Loire R\u00e9serve<\/p>\r\n\r\n        <p>J\u00e9rome Choblet Selection Chenin IGP du Val de Loire<\/p>\r\n\r\n        <button class=\"btn\">Discover this wine<\/button>\r\n      <\/a>\r\n    <\/article class=\"produit\">\r\n\r\n  \r\n<\/section>\r\n","protected":false},"excerpt":{"rendered":"<p>J\u00e9r\u00f4me Choblet Loire R\u00e9serve<\/p>\n","protected":false},"author":6,"featured_media":0,"parent":2006,"menu_order":0,"comment_status":"closed","ping_status":"closed","template":"","meta":[],"couleurs":[],"acf":[],"_links":{"self":[{"href":"https:\/\/www.jeromechoblet.com\/en\/wp-json\/wp\/v2\/pages\/9462"}],"collection":[{"href":"https:\/\/www.jeromechoblet.com\/en\/wp-json\/wp\/v2\/pages"}],"about":[{"href":"https:\/\/www.jeromechoblet.com\/en\/wp-json\/wp\/v2\/types\/page"}],"author":[{"embeddable":true,"href":"https:\/\/www.jeromechoblet.com\/en\/wp-json\/wp\/v2\/users\/6"}],"replies":[{"embeddable":true,"href":"https:\/\/www.jeromechoblet.com\/en\/wp-json\/wp\/v2\/comments?post=9462"}],"version-history":[{"count":2,"href":"https:\/\/www.jeromechoblet.com\/en\/wp-json\/wp\/v2\/pages\/9462\/revisions"}],"predecessor-version":[{"id":9464,"href":"https:\/\/www.jeromechoblet.com\/en\/wp-json\/wp\/v2\/pages\/9462\/revisions\/9464"}],"up":[{"embeddable":true,"href":"https:\/\/www.jeromechoblet.com\/en\/wp-json\/wp\/v2\/pages\/2006"}],"wp:attachment":[{"href":"https:\/\/www.jeromechoblet.com\/en\/wp-json\/wp\/v2\/media?parent=9462"}],"wp:term":[{"taxonomy":"couleurs","embeddable":true,"href":"https:\/\/www.jeromechoblet.com\/en\/wp-json\/wp\/v2\/couleurs?post=9462"}],"curies":[{"name":"wp","href":"https:\/\/api.w.org\/{rel}","templated":true}]}}