{"id":8687,"date":"2023-04-05T14:22:15","date_gmt":"2023-04-05T12:22:15","guid":{"rendered":"https:\/\/www.jeromechoblet.com\/our-wines\/chardonnay\/"},"modified":"2024-11-15T15:33:47","modified_gmt":"2024-11-15T14:33:47","slug":"chardonnay","status":"publish","type":"page","link":"https:\/\/www.jeromechoblet.com\/en\/our-wines\/chardonnay\/","title":{"rendered":"Chardonnay"},"content":{"rendered":"\n<div class=\"wp-block-columns H-05-a\">\n<div class=\"wp-block-column\">\n<h1 class=\"deco--decalage\" id=\"restabat-ut-abstergendae-caus-1\"><strong><strong>Chardonnay<\/strong><\/strong><\/h1>\n<\/div>\n\n\n\n<div class=\"wp-block-column\">\n<figure class=\"wp-block-image alignfull size-full deco--decalage2\"><img loading=\"lazy\" width=\"1024\" height=\"683\" src=\"https:\/\/www.jeromechoblet.com\/wp-content\/uploads\/2022\/12\/pexels-roman-odintsov-4871177.webp\" alt=\"\" class=\"wp-image-602\" srcset=\"https:\/\/www.jeromechoblet.com\/wp-content\/uploads\/2022\/12\/pexels-roman-odintsov-4871177.webp 1024w, https:\/\/www.jeromechoblet.com\/wp-content\/uploads\/2022\/12\/pexels-roman-odintsov-4871177-300x200.webp 300w, https:\/\/www.jeromechoblet.com\/wp-content\/uploads\/2022\/12\/pexels-roman-odintsov-4871177-768x512.webp 768w\" sizes=\"(max-width: 1024px) 100vw, 1024px\" title=\"\"><\/figure>\n<\/div>\n<\/div>\n\n\n<div class=\"boucle--filtres\">\r\n\r\n  <p>Filters :<\/p>\r\n\r\n  <div>\r\n        <div class=\"boucle--filtres__item\">\r\n        <span>Grape varieties<\/span>\r\n        <div>\r\n                      <div class=\"boucle--filtres__item__checkbox\">\r\n\r\n              <input type=\"checkbox\" id=\"chardonnay-en\" name=\"cepage\" >\r\n              <label for=\"chardonnay-en\">Chardonnay<\/label>\r\n            <\/div>\r\n                      <div class=\"boucle--filtres__item__checkbox\">\r\n\r\n              <input type=\"checkbox\" id=\"cabernet-franc-en\" name=\"cepage\" >\r\n              <label for=\"cabernet-franc-en\">Cabernet Franc<\/label>\r\n            <\/div>\r\n                  <\/div>\r\n      <\/div>\r\n          <div class=\"boucle--filtres__item\">\r\n        <span>Selections<\/span>\r\n        <div>\r\n                      <div class=\"boucle--filtres__item__checkbox\">\r\n              <input type=\"checkbox\" id=\"domaine-des-herbauges-en\" name=\"gamme\" >\r\n              <label for=\"domaine-des-herbauges-en\">Domaine des Herbauges<\/label>\r\n            <\/div>\r\n                      <div class=\"boucle--filtres__item__checkbox\">\r\n              <input type=\"checkbox\" id=\"jerome-choblet-en\" name=\"gamme\" >\r\n              <label for=\"jerome-choblet-en\">J\u00e9r\u00f4me CHOBLET Loire R\u00e9serve<\/label>\r\n            <\/div>\r\n                      <div class=\"boucle--filtres__item__checkbox\">\r\n              <input type=\"checkbox\" id=\"j-c-en\" name=\"gamme\" >\r\n              <label for=\"j-c-en\">J-C<\/label>\r\n            <\/div>\r\n                      <div class=\"boucle--filtres__item__checkbox\">\r\n              <input type=\"checkbox\" id=\"herbauges-en\" name=\"gamme\" >\r\n              <label for=\"herbauges-en\">Herbauges<\/label>\r\n            <\/div>\r\n                      <div class=\"boucle--filtres__item__checkbox\">\r\n              <input type=\"checkbox\" id=\"canette-by-jc-2-en\" name=\"gamme\" >\r\n              <label for=\"canette-by-jc-2-en\">Canette By JC<\/label>\r\n            <\/div>\r\n                  <\/div>\r\n      <\/div>\r\n          <div class=\"boucle--filtres__item\">\r\n        <span>Type<\/span>\r\n        <div>\r\n                      <div class=\"boucle--filtres__item__checkbox\">\r\n              <input type=\"checkbox\" id=\"white-wines\" name=\"couleur\" >\r\n              <label for=\"white-wines\">White wines<\/label>\r\n            <\/div>\r\n                      <div class=\"boucle--filtres__item__checkbox\">\r\n              <input type=\"checkbox\" id=\"rose-wines\" name=\"couleur\" >\r\n              <label for=\"rose-wines\">Ros\u00e9 wines<\/label>\r\n            <\/div>\r\n                  <\/div>\r\n      <\/div>\r\n          <div class=\"boucle--filtres__item\">\r\n        <span>Appellations<\/span>\r\n        <div>\r\n                      <div class=\"boucle--filtres__item__checkbox\">\r\n              <input type=\"checkbox\" id=\"igp-val-de-loire-en\" name=\"appellation\" >\r\n              <label for=\"igp-val-de-loire-en\">IGP Val De Loire<\/label>\r\n            <\/div>\r\n                      <div class=\"boucle--filtres__item__checkbox\">\r\n              <input type=\"checkbox\" id=\"aop-muscadet-en\" name=\"appellation\" >\r\n              <label for=\"aop-muscadet-en\">AOP Muscadet<\/label>\r\n            <\/div>\r\n                  <\/div>\r\n      <\/div>\r\n    \r\n<\/div>\r\n\r\n  <button class=\"boucle--filtres__reset\" type=\"button\">Reset<\/button>\r\n\r\n<\/div>\r\n\r\n<section class=\"boucle--produits\">\r\n\r\n  \r\n    \r\n    <article class=\"produit\" data-cepage=\"chardonnay-en\" data-gamme=\"domaine-des-herbauges-en\" data-couleur=\"white-wines\" data-appellation=\"igp-val-de-loire-en\">\r\n      <a href=\"https:\/\/www.jeromechoblet.com\/en\/vins\/domaine-herbauges-chardonnay-moulin-argent\/\">\r\n\r\n                  <figure><img src=\"https:\/\/www.jeromechoblet.com\/wp-content\/uploads\/2023\/02\/Chardonnay-moulin-dargent-domaines-herbauges.png\" alt=\"Domaine des Herbauges - Domaine des Herbauges Chardonnay Moulin d&#8217;Argent\" title=\"\"><\/figure>\r\n        \r\n                <p class=\"titre\">White wines &#8211; Domaine des Herbauges<\/p>\r\n\r\n        <p>Domaine des Herbauges Chardonnay Moulin d&#8217;Argent<\/p>\r\n\r\n        <button class=\"btn\">Discover this wine<\/button>\r\n      <\/a>\r\n    <\/article class=\"produit\">\r\n\r\n  \r\n    \r\n    <article class=\"produit\" data-cepage=\"chardonnay-en\" data-gamme=\"domaine-des-herbauges-en\" data-couleur=\"white-wines\" data-appellation=\"igp-val-de-loire-en\">\r\n      <a href=\"https:\/\/www.jeromechoblet.com\/en\/vins\/domaine-herbauges-chardonnay-igp-du-val-de-loire\/\">\r\n\r\n                  <figure><img src=\"https:\/\/www.jeromechoblet.com\/wp-content\/uploads\/2023\/02\/domaine-herbauges-chardonnay-bvs.png\" alt=\"Domaine des Herbauges - Domaine Herbauges Chardonnay IGP du Val de Loire\" title=\"\"><\/figure>\r\n        \r\n                <p class=\"titre\">White wines &#8211; Domaine des Herbauges<\/p>\r\n\r\n        <p>Domaine Herbauges Chardonnay IGP du Val de Loire<\/p>\r\n\r\n        <button class=\"btn\">Discover this wine<\/button>\r\n      <\/a>\r\n    <\/article class=\"produit\">\r\n\r\n  \r\n    \r\n    <article class=\"produit\" data-cepage=\"chardonnay-en\" data-gamme=\"jerome-choblet-en\" data-couleur=\"white-wines\" data-appellation=\"igp-val-de-loire-en\">\r\n      <a href=\"https:\/\/www.jeromechoblet.com\/en\/vins\/jerome-choblet-selection-chardonnay-igp-val-de-loire\/\">\r\n\r\n                  <figure><img src=\"https:\/\/www.jeromechoblet.com\/wp-content\/uploads\/2023\/02\/jerom-choblet-chardonnay-bvs.png\" alt=\"Domaine des Herbauges - J\u00e9rome Choblet Selection IGP du Val de Loire Chardonnay\" title=\"\"><\/figure>\r\n        \r\n                <p class=\"titre\">White wines &#8211; J\u00e9r\u00f4me CHOBLET Loire R\u00e9serve<\/p>\r\n\r\n        <p>J\u00e9rome Choblet Selection IGP du Val de Loire Chardonnay<\/p>\r\n\r\n        <button class=\"btn\">Discover this wine<\/button>\r\n      <\/a>\r\n    <\/article class=\"produit\">\r\n\r\n  \r\n    \r\n    <article class=\"produit\" data-cepage=\"chardonnay-en\" data-gamme=\"j-c-en\" data-couleur=\"white-wines\" data-appellation=\"igp-val-de-loire-en\">\r\n      <a href=\"https:\/\/www.jeromechoblet.com\/en\/vins\/jc-chardonnay-igp-du-val-de-loire\/\">\r\n\r\n                  <figure><img src=\"https:\/\/www.jeromechoblet.com\/wp-content\/uploads\/2023\/02\/JC-chardonnay-bvs.png\" alt=\"Domaine des Herbauges - JC Selection Chardonnay IGP du Val de Loire\" title=\"\"><\/figure>\r\n        \r\n                <p class=\"titre\">White wines &#8211; J-C<\/p>\r\n\r\n        <p>JC Selection Chardonnay IGP du Val de Loire<\/p>\r\n\r\n        <button class=\"btn\">Discover this wine<\/button>\r\n      <\/a>\r\n    <\/article class=\"produit\">\r\n\r\n  \r\n    \r\n    <article class=\"produit\" data-cepage=\"chardonnay-en\" data-gamme=\"herbauges-en\" data-couleur=\"white-wines\" data-appellation=\"igp-val-de-loire-en\">\r\n      <a href=\"https:\/\/www.jeromechoblet.com\/en\/vins\/herbauges-chardonnay-igp-du-val-de-loire\/\">\r\n\r\n                  <figure><img src=\"https:\/\/www.jeromechoblet.com\/wp-content\/uploads\/2023\/02\/herbauges-chardonnay-loire-valley-bvs.png\" alt=\"Domaine des Herbauges - Herbauges Selection Chardonnay IGP du Val de Loire\" title=\"\"><\/figure>\r\n        \r\n                <p class=\"titre\">White wines &#8211; Herbauges<\/p>\r\n\r\n        <p>Herbauges Selection Chardonnay IGP du Val de Loire<\/p>\r\n\r\n        <button class=\"btn\">Discover this wine<\/button>\r\n      <\/a>\r\n    <\/article class=\"produit\">\r\n\r\n  \r\n    \r\n    <article class=\"produit\" data-cepage=\"chardonnay-en\" data-gamme=\"domaine-des-herbauges-en\" data-couleur=\"white-wines\" data-appellation=\"igp-val-de-loire-en\">\r\n      <a href=\"https:\/\/www.jeromechoblet.com\/en\/vins\/domaine-des-5-chemins-chardonnay-igp-val-de-loire\/\">\r\n\r\n                  <figure><img src=\"https:\/\/www.jeromechoblet.com\/wp-content\/uploads\/2023\/02\/les-5-chemins-chardonnay-bleu.png\" alt=\"Domaine des Herbauges - Domaine des 5 Chemins Chardonnay IGP Val de Loire\" title=\"\"><\/figure>\r\n        \r\n                <p class=\"titre\">White wines &#8211; Domaine des Herbauges<\/p>\r\n\r\n        <p>Domaine des 5 Chemins Chardonnay IGP Val de Loire<\/p>\r\n\r\n        <button class=\"btn\">Discover this wine<\/button>\r\n      <\/a>\r\n    <\/article class=\"produit\">\r\n\r\n  \r\n    \r\n    <article class=\"produit\" data-cepage=\"cabernet-franc-en\" data-gamme=\"canette-by-jc-2-en\" data-couleur=\"rose-wines\" data-appellation=\"aop-muscadet-en\">\r\n      <a href=\"https:\/\/www.jeromechoblet.com\/en\/vins\/vin-en-canette-by-jerome-choblet\/\">\r\n\r\n                  <figure><img src=\"https:\/\/www.jeromechoblet.com\/wp-content\/uploads\/2023\/07\/gamme-cannettes-relief-2-edited-scaled.jpg\" alt=\"Domaine des Herbauges - Premium Can Of Wine by J\u00e9r\u00f4me Choblet\" title=\"\"><\/figure>\r\n        \r\n        <span class=\"new\">New !<\/span>        <p class=\"titre\">Ros\u00e9 wines &#8211; Canette By JC<\/p>\r\n\r\n        <p>Premium Can Of Wine by J\u00e9r\u00f4me Choblet<\/p>\r\n\r\n        <button class=\"btn\">Discover this wine<\/button>\r\n      <\/a>\r\n    <\/article class=\"produit\">\r\n\r\n  \r\n    \r\n    <article class=\"produit\" data-cepage=\"chardonnay-en\" data-gamme=\"canette-by-jc-2-en\" data-couleur=\"white-wines\" data-appellation=\"igp-val-de-loire-en\">\r\n      <a href=\"https:\/\/www.jeromechoblet.com\/en\/vins\/wine-in-a-can-jc-by-jerome-choblet-4\/\">\r\n\r\n                  <figure><img src=\"https:\/\/www.jeromechoblet.com\/wp-content\/uploads\/2024\/11\/vin-de-loire-chardonnay-scaled.jpg\" alt=\"Domaine des Herbauges - VIN DE LOIRE CAN BY JC Chardonnay\" title=\"\"><\/figure>\r\n        \r\n        <span class=\"new\">New !<\/span>        <p class=\"titre\">White wines &#8211; Canette By JC<\/p>\r\n\r\n        <p>VIN DE LOIRE CAN BY JC Chardonnay<\/p>\r\n\r\n        <button class=\"btn\">Discover this wine<\/button>\r\n      <\/a>\r\n    <\/article class=\"produit\">\r\n\r\n  \r\n<\/section>\r\n","protected":false},"excerpt":{"rendered":"<p>Chardonnay<\/p>\n","protected":false},"author":1,"featured_media":0,"parent":2006,"menu_order":0,"comment_status":"closed","ping_status":"closed","template":"","meta":[],"couleurs":[],"acf":[],"_links":{"self":[{"href":"https:\/\/www.jeromechoblet.com\/en\/wp-json\/wp\/v2\/pages\/8687"}],"collection":[{"href":"https:\/\/www.jeromechoblet.com\/en\/wp-json\/wp\/v2\/pages"}],"about":[{"href":"https:\/\/www.jeromechoblet.com\/en\/wp-json\/wp\/v2\/types\/page"}],"author":[{"embeddable":true,"href":"https:\/\/www.jeromechoblet.com\/en\/wp-json\/wp\/v2\/users\/1"}],"replies":[{"embeddable":true,"href":"https:\/\/www.jeromechoblet.com\/en\/wp-json\/wp\/v2\/comments?post=8687"}],"version-history":[{"count":4,"href":"https:\/\/www.jeromechoblet.com\/en\/wp-json\/wp\/v2\/pages\/8687\/revisions"}],"predecessor-version":[{"id":8697,"href":"https:\/\/www.jeromechoblet.com\/en\/wp-json\/wp\/v2\/pages\/8687\/revisions\/8697"}],"up":[{"embeddable":true,"href":"https:\/\/www.jeromechoblet.com\/en\/wp-json\/wp\/v2\/pages\/2006"}],"wp:attachment":[{"href":"https:\/\/www.jeromechoblet.com\/en\/wp-json\/wp\/v2\/media?parent=8687"}],"wp:term":[{"taxonomy":"couleurs","embeddable":true,"href":"https:\/\/www.jeromechoblet.com\/en\/wp-json\/wp\/v2\/couleurs?post=8687"}],"curies":[{"name":"wp","href":"https:\/\/api.w.org\/{rel}","templated":true}]}}