{"id":5714,"date":"2023-03-27T17:51:49","date_gmt":"2023-03-27T15:51:49","guid":{"rendered":"https:\/\/www.jeromechoblet.com\/?page_id=5714"},"modified":"2025-10-28T13:45:05","modified_gmt":"2025-10-28T12:45:05","slug":"concours-des-ligers","status":"publish","type":"page","link":"https:\/\/www.jeromechoblet.com\/en\/awarded-wines\/concours-des-ligers\/","title":{"rendered":"Concours des Ligers"},"content":{"rendered":"\n<div class=\"wp-block-image is-style-default\"><figure class=\"aligncenter size-full is-resized\"><img loading=\"lazy\" src=\"https:\/\/www.jeromechoblet.com\/wp-content\/uploads\/2025\/10\/Logo-Concours-Ligers.png\" alt=\"\" class=\"wp-image-9877\" width=\"446\" height=\"680\" title=\"\"><\/figure><\/div>\n\n\n\n<div class=\"wp-block-columns has-vert-background-color has-background\">\n<div class=\"wp-block-column\" style=\"flex-basis:10px\"><\/div>\n\n\n\n<div class=\"wp-block-column\" style=\"flex-basis:80%\">\n<div class=\"wp-container-69f227245f199 wp-block-group\"><div class=\"wp-block-group__inner-container\">\n<div class=\"wp-block-columns\">\n<div class=\"wp-block-column\">\n<figure class=\"wp-block-gallery has-nested-images columns-default is-cropped\">\n<figure class=\"wp-block-image size-large\"><img loading=\"lazy\" width=\"300\" height=\"300\" src=\"https:\/\/www.jeromechoblet.com\/wp-content\/uploads\/2024\/10\/Ligers-Or.png\" alt=\"\" class=\"wp-image-7977\" srcset=\"https:\/\/www.jeromechoblet.com\/wp-content\/uploads\/2024\/10\/Ligers-Or.png 300w, https:\/\/www.jeromechoblet.com\/wp-content\/uploads\/2024\/10\/Ligers-Or-150x150.png 150w\" sizes=\"(max-width: 300px) 100vw, 300px\" title=\"\"><\/figure>\n\n\n\n<figure class=\"wp-block-image size-large\"><img loading=\"lazy\" width=\"300\" height=\"300\" src=\"https:\/\/www.jeromechoblet.com\/wp-content\/uploads\/2024\/10\/Ligers-Grand-Or.png\" alt=\"\" class=\"wp-image-7973\" srcset=\"https:\/\/www.jeromechoblet.com\/wp-content\/uploads\/2024\/10\/Ligers-Grand-Or.png 300w, https:\/\/www.jeromechoblet.com\/wp-content\/uploads\/2024\/10\/Ligers-Grand-Or-150x150.png 150w\" sizes=\"(max-width: 300px) 100vw, 300px\" title=\"\"><\/figure>\n\n\n\n<figure class=\"wp-block-image size-full\"><img loading=\"lazy\" width=\"300\" height=\"300\" src=\"https:\/\/www.jeromechoblet.com\/wp-content\/uploads\/2024\/10\/Ligers-Argent.png\" alt=\"\" class=\"wp-image-7969\" srcset=\"https:\/\/www.jeromechoblet.com\/wp-content\/uploads\/2024\/10\/Ligers-Argent.png 300w, https:\/\/www.jeromechoblet.com\/wp-content\/uploads\/2024\/10\/Ligers-Argent-150x150.png 150w\" sizes=\"(max-width: 300px) 100vw, 300px\" title=\"\"><\/figure>\n<\/figure>\n<\/div>\n<\/div>\n<\/div><\/div>\n\n\n\n<p><a href=\"https:\/\/www.concoursdesligers.fr\/\" target=\"_blank\" rel=\"noreferrer noopener\">Concours des Ligers des Vins du Val de Loire<\/a> is a true showcase of Loire Valley wine production. The competition is about embracing Loire Valley wines, the diversity of terroirs and appellations along the Loire, from Clermont Ferrand to Nantes.&nbsp;<\/p>\n\n\n\n<p>The awards (Gold, Silver and Bronze Ligers) are awarded by juries made up of professionals and amateurs and presided over by an oenologist, according to a rigorous tasting protocol. tasting protocol.&nbsp;<\/p>\n\n\n\n<div style=\"height:100px\" aria-hidden=\"true\" class=\"wp-block-spacer\"><\/div>\n\n\n\n<h1 class=\"has-vert-background-color has-background\" id=\"concours-des-ligers-2024\"><strong>Concours des Ligers 2025<\/strong><\/h1>\n\n\n\n<h2 id=\"silver-medal-2021\"><strong>LIGERS Great Gold<\/strong><\/h2>\n\n\n\n<div class=\"wp-block-columns has-degrade-background-color has-background\">\n<div class=\"wp-block-column is-vertically-aligned-center\" style=\"flex-basis:66.66%\">\n<p class=\"has-medium-font-size\"><a href=\"https:\/\/www.jeromechoblet.com\/en\/vins\/domaine-des-herbauges-muscadet-fief-guerin\/\"><strong>DOMAINE DES HERBAUGES &#8220;Fief Gu\u00e9rin&#8221; 2024<br>AOP Muscadet C\u00f4tes-De-Grandlieu-Sur-Lie<\/strong><\/a><\/p>\n<\/div>\n\n\n\n<div class=\"wp-block-column\" style=\"flex-basis:33.33%\">\n<div class=\"wp-block-image is-style-default\"><figure class=\"aligncenter size-full is-resized\"><img loading=\"lazy\" src=\"https:\/\/www.jeromechoblet.com\/wp-content\/uploads\/2025\/10\/Ligers-Grand-Or-1.png\" alt=\"\" class=\"wp-image-9847\" width=\"300\" height=\"300\" srcset=\"https:\/\/www.jeromechoblet.com\/wp-content\/uploads\/2025\/10\/Ligers-Grand-Or-1.png 300w, https:\/\/www.jeromechoblet.com\/wp-content\/uploads\/2025\/10\/Ligers-Grand-Or-1-150x150.png 150w\" sizes=\"(max-width: 300px) 100vw, 300px\" title=\"\"><\/figure><\/div>\n<\/div>\n<\/div>\n\n\n\n<h2 id=\"silver-medal-2021\"><strong>LIGERS Gold <\/strong><\/h2>\n\n\n\n<div class=\"wp-block-columns has-degrade-background-color has-background\">\n<div class=\"wp-block-column is-vertically-aligned-center\" style=\"flex-basis:66.66%\">\n<p class=\"has-medium-font-size\"><strong><a href=\"https:\/\/www.jeromechoblet.com\/en\/vins\/domaine-herbauges-muscadet-chateau-de-la-pierre\/\">DOMAINE DES HERBAUGES &#8220;Chateau De La Pierre&#8221; 2024<br>AOP Muscadet C\u00f4tes-De-Grandlieu-Sur-Lie<\/a><\/strong><\/p>\n\n\n\n<p class=\"has-medium-font-size\"><strong><a href=\"https:\/\/www.jeromechoblet.com\/en\/vins\/domaine-des-herbauges-muscadet-cotes-grandlieu-sur-lie\/\">DOMAINE DES HERBAUGES &#8220;Estate&#8221; 2024 <br>AOP Muscadet C\u00f4tes-De-Grandlieu-Sur-Lie<\/a><\/strong><\/p>\n\n\n\n<p class=\"has-medium-font-size\"><strong><a href=\"https:\/\/www.jeromechoblet.com\/en\/vins\/domaine-des-herbauges-grolleau-gris-le-chant-baron-rose\/\">DOMAINE DES HERBAUGES &#8220;CHANT BARON&#8221; 2024 &#8211; Bas Alcool 8.5 \u00b0<br>IGP Val De Loire Ros\u00e9<\/a><\/strong><\/p>\n<\/div>\n\n\n\n<div class=\"wp-block-column\" style=\"flex-basis:33.33%\">\n<div class=\"wp-block-image is-style-default\"><figure class=\"aligncenter size-full is-resized\"><img loading=\"lazy\" src=\"https:\/\/www.jeromechoblet.com\/wp-content\/uploads\/2025\/10\/Ligers-Or.png\" alt=\"\" class=\"wp-image-9854\" width=\"306\" height=\"306\" srcset=\"https:\/\/www.jeromechoblet.com\/wp-content\/uploads\/2025\/10\/Ligers-Or.png 300w, https:\/\/www.jeromechoblet.com\/wp-content\/uploads\/2025\/10\/Ligers-Or-150x150.png 150w\" sizes=\"(max-width: 306px) 100vw, 306px\" title=\"\"><\/figure><\/div>\n<\/div>\n<\/div>\n\n\n\n<h2 id=\"silver-medal-2021\"><strong>LIGERS Silver<\/strong><\/h2>\n\n\n\n<div class=\"wp-block-columns has-degrade-background-color has-background\">\n<div class=\"wp-block-column is-vertically-aligned-center\" style=\"flex-basis:66.66%\">\n<p class=\"has-medium-font-size\"><strong><a href=\"https:\/\/www.jeromechoblet.com\/en\/vins\/domaine-herbauges-chardonnay-igp-du-val-de-loire\/\">DOMAINE DES HERBAUGES &#8220;Chardonnay&#8221; 2024<br>IGP Val De Loire Blanc <\/a><\/strong><\/p>\n<\/div>\n\n\n\n<div class=\"wp-block-column\" style=\"flex-basis:33.33%\">\n<div class=\"wp-block-image is-style-default\"><figure class=\"aligncenter size-full\"><img loading=\"lazy\" width=\"300\" height=\"300\" src=\"https:\/\/www.jeromechoblet.com\/wp-content\/uploads\/2025\/10\/Ligers-Argent-1.png\" alt=\"\" class=\"wp-image-9870\" srcset=\"https:\/\/www.jeromechoblet.com\/wp-content\/uploads\/2025\/10\/Ligers-Argent-1.png 300w, https:\/\/www.jeromechoblet.com\/wp-content\/uploads\/2025\/10\/Ligers-Argent-1-150x150.png 150w\" sizes=\"(max-width: 300px) 100vw, 300px\" title=\"\"><\/figure><\/div>\n<\/div>\n<\/div>\n\n\n\n<div class=\"wp-block-columns\">\n<div class=\"wp-block-column\">\n<div class=\"wp-block-columns\">\n<div class=\"wp-block-column\" style=\"flex-basis:66.66%\"><\/div>\n\n\n\n<div class=\"wp-block-column\" style=\"flex-basis:33.33%\"><\/div>\n<\/div>\n<\/div>\n<\/div>\n\n\n\n<p><\/p>\n\n\n\n<h1 id=\"concours-des-ligers-2024\"><strong>Concours des Ligers 2024<\/strong><\/h1>\n\n\n\n<h3 id=\"silver-medal-2021\">Great Gold 2024<\/h3>\n\n\n\n<ul><li><a href=\"https:\/\/www.jeromechoblet.com\/en\/vins\/domaine-des-herbauges-muscadet-fief-guerin\/\">DOMAINE DES HERBAUGES Fief Gu\u00e9rin 2024 AOP Muscadet C\u00f4tes-De-Grandlieu-Sur-Lie<\/a> 2023<\/li><\/ul>\n\n\n\n<h3 id=\"gold-medals\">Gold medals 2024 <\/h3>\n\n\n\n<ul><li><a href=\"https:\/\/www.jeromechoblet.com\/en\/vins\/domaine-des-herbauges-muscadet-cotes-grandlieu-sur-lie\/\" target=\"_blank\" rel=\"noreferrer noopener\">AOP Muscadet C\u00f4tes de GrandLieu sur Lie, Domaine des Herbauges<\/a> 2023<\/li><li><a href=\"https:\/\/www.jeromechoblet.com\/en\/vins\/jerome-choblet-muscadet-cotes-de-grandlieu-sur-lie\/\" data-type=\"URL\" data-id=\"https:\/\/www.jeromechoblet.com\/en\/vins\/jerome-choblet-muscadet-cotes-de-grandlieu-sur-lie\/\" target=\"_blank\" rel=\"noreferrer noopener\">AOP Muscadet C\u00f4tes de GrandLieu sur Lie, J\u00e9r\u00f4me Choblet Loire R\u00e9serve<\/a> 2023<\/li><\/ul>\n\n\n\n<h3 id=\"gold-medals\">Silver medals 2024<\/h3>\n\n\n\n<ul><li><a href=\"https:\/\/www.jeromechoblet.com\/en\/vins\/domaine-herbauges-muscadet-chateau-de-la-pierre\/\" data-type=\"URL\" data-id=\"https:\/\/www.jeromechoblet.com\/en\/vins\/domaine-herbauges-muscadet-chateau-de-la-pierre\/\">AOC Muscadet C\u00f4tes de GrandLieu sur Lie, Ch\u00e2teau De La Pierre<\/a> 2023<\/li><\/ul>\n<\/div>\n\n\n\n<div class=\"wp-block-column\" style=\"flex-basis:10px\"><\/div>\n<\/div>\n\n\n\n<h2><\/h2>\n","protected":false},"excerpt":{"rendered":"<p>Concours des Ligers des Vins du Val de Loire is a true showcase of Loire Valley wine production. The competition is about embracing Loire Valley wines, the diversity of terroirs and appellations along the Loire, from Clermont Ferrand to Nantes.&nbsp; The awards (Gold, Silver and Bronze Ligers) are awarded by juries made up of professionals [&hellip;]<\/p>\n","protected":false},"author":3,"featured_media":7961,"parent":2040,"menu_order":0,"comment_status":"closed","ping_status":"closed","template":"","meta":[],"couleurs":[],"acf":[],"_links":{"self":[{"href":"https:\/\/www.jeromechoblet.com\/en\/wp-json\/wp\/v2\/pages\/5714"}],"collection":[{"href":"https:\/\/www.jeromechoblet.com\/en\/wp-json\/wp\/v2\/pages"}],"about":[{"href":"https:\/\/www.jeromechoblet.com\/en\/wp-json\/wp\/v2\/types\/page"}],"author":[{"embeddable":true,"href":"https:\/\/www.jeromechoblet.com\/en\/wp-json\/wp\/v2\/users\/3"}],"replies":[{"embeddable":true,"href":"https:\/\/www.jeromechoblet.com\/en\/wp-json\/wp\/v2\/comments?post=5714"}],"version-history":[{"count":5,"href":"https:\/\/www.jeromechoblet.com\/en\/wp-json\/wp\/v2\/pages\/5714\/revisions"}],"predecessor-version":[{"id":9883,"href":"https:\/\/www.jeromechoblet.com\/en\/wp-json\/wp\/v2\/pages\/5714\/revisions\/9883"}],"up":[{"embeddable":true,"href":"https:\/\/www.jeromechoblet.com\/en\/wp-json\/wp\/v2\/pages\/2040"}],"wp:featuredmedia":[{"embeddable":true,"href":"https:\/\/www.jeromechoblet.com\/en\/wp-json\/wp\/v2\/media\/7961"}],"wp:attachment":[{"href":"https:\/\/www.jeromechoblet.com\/en\/wp-json\/wp\/v2\/media?parent=5714"}],"wp:term":[{"taxonomy":"couleurs","embeddable":true,"href":"https:\/\/www.jeromechoblet.com\/en\/wp-json\/wp\/v2\/couleurs?post=5714"}],"curies":[{"name":"wp","href":"https:\/\/api.w.org\/{rel}","templated":true}]}}