{"id":5534,"date":"2022-12-12T10:55:47","date_gmt":"2022-12-12T09:55:47","guid":{"rendered":"https:\/\/www.jeromechoblet.com\/domaines-and-chateaux\/chateau-de-la-pierre\/"},"modified":"2023-04-04T10:06:27","modified_gmt":"2023-04-04T08:06:27","slug":"chateau-de-la-pierre","status":"publish","type":"page","link":"https:\/\/www.jeromechoblet.com\/en\/domaines-and-chateaux\/chateau-de-la-pierre\/","title":{"rendered":"Chateau de la Pierre"},"content":{"rendered":"\n<h1 id=\"chateau-de-la-pierre-a-historic-pilgrimage-route-in-france\"><strong>Ch\u00e2teau de la Pierre <\/strong>&#8211; a historic pilgrimage route in France<\/h1>\n\n\n\n<p>The<strong> Ch\u00e2teau de la Pierre<\/strong> was built in 1726 and is a former residence on the <a href=\"https:\/\/whc.unesco.org\/en\/list\/868\/\" target=\"_blank\" rel=\"noreferrer noopener\"><strong>pilgrimage route to Compostela<\/strong><\/a> through France. At that time, the slopes of the ch\u00e2teau were used for cereal cultivation and were transformed into vineyards at the beginning of the 20th century.&nbsp;<\/p>\n\n\n\n<p>Since <strong>2007<\/strong>, <strong>Jerome Choblet has acquired the vineyards<\/strong> and <strong>transformed these most beautiful slopes mainly planted with <a href=\"https:\/\/www.jeromechoblet.com\/en\/our-grapes\/#melon-de-bourgonge\" target=\"_blank\" data-type=\"URL\" data-id=\"https:\/\/www.jeromechoblet.com\/en\/our-grapes\/#melon-de-bourgonge\" rel=\"noreferrer noopener\">Melon de Bourgogne<\/a> and <a href=\"https:\/\/www.jeromechoblet.com\/en\/our-grapes\/#grolleau-gris\" target=\"_blank\" data-type=\"URL\" data-id=\"https:\/\/www.jeromechoblet.com\/en\/our-grapes\/#grolleau-gris\" rel=\"noreferrer noopener\">Grolleau Gris<\/a>.\u00a0<\/strong> Since then, the surrounding nature has greatly improved its culture in a preserved and privileged environment.\u00a0<\/p>\n\n\n\n<div class=\"wp-block-columns H-05-a\">\n<div class=\"wp-block-column\">\n<h3 class=\"deco--decalage\" id=\"chateaude-la-pierre\">An estate in <strong>Muscadet Cotes de Grandlieu appellation<\/strong><\/h3>\n\n\n\n<p class=\"deco--decalage\">This estate is <strong>located between the Atlantic coast and the city of Nantes. <\/strong>Ch\u00e2teau de la Pierre is made up of<strong> 20 hectares of vineyards<\/strong> in the <strong>Muscadet Cotes de Grandlieu appellation in Loire Valley.&nbsp;&nbsp;<\/strong>&nbsp;<\/p>\n\n\n\n<p class=\"deco--decalage\">This unique place, almost inaccessible, is preserved from any pollution and surrounded by tens of hectares of strong trees more than centenaries old. This is one of the most peaceful vineyards of Jerome Choblet.&nbsp;<\/p>\n<\/div>\n\n\n\n<div class=\"wp-block-column\">\n<figure class=\"wp-block-image alignfull size-full deco--decalage2\"><img loading=\"lazy\" width=\"800\" height=\"496\" src=\"https:\/\/www.jeromechoblet.com\/wp-content\/uploads\/2023\/03\/saint-leger-les-vignes_2.jpg\" alt=\"Ch\u00e2teau de la Pierre - J\u00e9r\u00f4me Choblet \" class=\"wp-image-5206\" srcset=\"https:\/\/www.jeromechoblet.com\/wp-content\/uploads\/2023\/03\/saint-leger-les-vignes_2.jpg 800w, https:\/\/www.jeromechoblet.com\/wp-content\/uploads\/2023\/03\/saint-leger-les-vignes_2-300x186.jpg 300w, https:\/\/www.jeromechoblet.com\/wp-content\/uploads\/2023\/03\/saint-leger-les-vignes_2-768x476.jpg 768w\" sizes=\"(max-width: 800px) 100vw, 800px\" title=\"\"><\/figure>\n<\/div>\n<\/div>\n\n\n\n<section class=\"wp-container-69e76d64c4f4b wp-block-group H-10-a\">\n<div class=\"wp-block-columns are-vertically-aligned-center\">\n<div class=\"wp-block-column is-vertically-aligned-center\">\n<figure class=\"wp-block-image size-large\"><img loading=\"lazy\" width=\"1024\" height=\"768\" src=\"https:\/\/www.jeromechoblet.com\/wp-content\/uploads\/2023\/03\/IMG_0641-1024x768.jpeg\" alt=\"Vineyards of Ch\u00e2teau de la Pierre  \" class=\"wp-image-5211\" srcset=\"https:\/\/www.jeromechoblet.com\/wp-content\/uploads\/2023\/03\/IMG_0641-1024x768.jpeg 1024w, https:\/\/www.jeromechoblet.com\/wp-content\/uploads\/2023\/03\/IMG_0641-300x225.jpeg 300w, https:\/\/www.jeromechoblet.com\/wp-content\/uploads\/2023\/03\/IMG_0641-768x576.jpeg 768w, https:\/\/www.jeromechoblet.com\/wp-content\/uploads\/2023\/03\/IMG_0641-1536x1152.jpeg 1536w, https:\/\/www.jeromechoblet.com\/wp-content\/uploads\/2023\/03\/IMG_0641-2048x1536.jpeg 2048w\" sizes=\"(max-width: 1024px) 100vw, 1024px\" title=\"\"><\/figure>\n<\/div>\n\n\n\n<div class=\"wp-block-column is-vertically-aligned-center\">\n<h2 class=\"h3\" id=\"constantius-ad-se-tandem-1\">Developpement of sustainable viticulture of Ch\u00e2teau de la Pierre<\/h2>\n\n\n\n<p>In 2022, an additional investment of 15 hectares was allocated to <strong>viti-forestry<\/strong>, aiming to <strong>establish a new ecosystem that fosters the growth of wildlife and wild flora.<\/strong>&nbsp;<\/p>\n\n\n\n<p>During the first phase of this new project, more than 1000 trees were planted to rebuild the hedgerows.&nbsp;<\/p>\n\n\n\n<p>The second phase will begin in early 2023 with the <strong>planting <\/strong>of over 2500 of different species such as <strong>trees, plants,<\/strong> coliving together with old and new more <strong>resistant grapes<\/strong> such as:&nbsp;<\/p>\n\n\n\n<ul><li>Muscaris&nbsp;<\/li><li>Flor\u00e9al&nbsp;<\/li><li>Soreli&nbsp;<\/li><li>Fleurtai&nbsp;&nbsp;<\/li><li>Voltis&nbsp;<\/li><li>Calardis&nbsp;<\/li><\/ul>\n<\/div>\n<\/div>\n\n\n\n<div class=\"wp-block-columns are-vertically-aligned-center\">\n<div class=\"wp-block-column is-vertically-aligned-center\">\n<h2 class=\"h3\" id=\"quam-commodo-urna-tellus-a-vel-1\">Quality through an environmental approach<\/h2>\n\n\n\n<p>At <strong>Ch\u00e2teau de la Pierre<\/strong>, our <a href=\"\/en\/our-savoir-faire\/our-certifications\/\" target=\"_blank\" rel=\"noreferrer noopener\"><strong>agro-forestry<\/strong><\/a><strong> efforts aim to prioritize environmental preservation<\/strong> without relying on external inputs.\u00a0\u00a0<\/p>\n\n\n\n<p>Our approach enhances the vines&#8217; resilience against diseases and fosters a new ecosystem that enables <strong>natural control and resistance of the vines<\/strong>. As a result, we can grow <strong>healthy vines <\/strong>and produce <strong>high-quality wines.&nbsp;<\/strong>&nbsp;<\/p>\n\n\n\n<p>We are committed to maintaining Ch\u00e2teau de la Pierre as a vineyard that upholds the utmost respect for nature, which we must protect more than ever.&nbsp;<\/p>\n\n\n\n<div class=\"wp-container-69e76d64c4c09 wp-block-buttons\">\n<div class=\"wp-block-button\"><a class=\"wp-block-button__link\" href=\"https:\/\/www.jeromechoblet.com\/en\/our-wines\/\" target=\"_blank\" rel=\"noreferrer noopener\">Discover our wines<\/a><\/div>\n<\/div>\n<\/div>\n\n\n\n<div class=\"wp-block-column is-vertically-aligned-center\">\n<figure class=\"wp-block-image size-large\"><img loading=\"lazy\" width=\"1024\" height=\"768\" src=\"https:\/\/www.jeromechoblet.com\/wp-content\/uploads\/2023\/03\/IMG_3922-1024x768.jpeg\" alt=\"An environmental approach to preserving our vines \" class=\"wp-image-5219\" srcset=\"https:\/\/www.jeromechoblet.com\/wp-content\/uploads\/2023\/03\/IMG_3922-1024x768.jpeg 1024w, https:\/\/www.jeromechoblet.com\/wp-content\/uploads\/2023\/03\/IMG_3922-300x225.jpeg 300w, https:\/\/www.jeromechoblet.com\/wp-content\/uploads\/2023\/03\/IMG_3922-768x576.jpeg 768w, https:\/\/www.jeromechoblet.com\/wp-content\/uploads\/2023\/03\/IMG_3922-1536x1152.jpeg 1536w, https:\/\/www.jeromechoblet.com\/wp-content\/uploads\/2023\/03\/IMG_3922-2048x1536.jpeg 2048w\" sizes=\"(max-width: 1024px) 100vw, 1024px\" title=\"\"><\/figure>\n<\/div>\n<\/div>\n<\/section>\n","protected":false},"excerpt":{"rendered":"<p>Ch\u00e2teau de la Pierre &#8211; a historic pilgrimage route in France The Ch\u00e2teau de la Pierre was built in 1726 and is a former residence on the pilgrimage route to Compostela through France. At that time, the slopes of the ch\u00e2teau were used for cereal cultivation and were transformed into vineyards at the beginning of [&hellip;]<\/p>\n","protected":false},"author":1,"featured_media":0,"parent":1772,"menu_order":0,"comment_status":"closed","ping_status":"closed","template":"","meta":[],"couleurs":[],"acf":[],"_links":{"self":[{"href":"https:\/\/www.jeromechoblet.com\/en\/wp-json\/wp\/v2\/pages\/5534"}],"collection":[{"href":"https:\/\/www.jeromechoblet.com\/en\/wp-json\/wp\/v2\/pages"}],"about":[{"href":"https:\/\/www.jeromechoblet.com\/en\/wp-json\/wp\/v2\/types\/page"}],"author":[{"embeddable":true,"href":"https:\/\/www.jeromechoblet.com\/en\/wp-json\/wp\/v2\/users\/1"}],"replies":[{"embeddable":true,"href":"https:\/\/www.jeromechoblet.com\/en\/wp-json\/wp\/v2\/comments?post=5534"}],"version-history":[{"count":6,"href":"https:\/\/www.jeromechoblet.com\/en\/wp-json\/wp\/v2\/pages\/5534\/revisions"}],"predecessor-version":[{"id":6087,"href":"https:\/\/www.jeromechoblet.com\/en\/wp-json\/wp\/v2\/pages\/5534\/revisions\/6087"}],"up":[{"embeddable":true,"href":"https:\/\/www.jeromechoblet.com\/en\/wp-json\/wp\/v2\/pages\/1772"}],"wp:attachment":[{"href":"https:\/\/www.jeromechoblet.com\/en\/wp-json\/wp\/v2\/media?parent=5534"}],"wp:term":[{"taxonomy":"couleurs","embeddable":true,"href":"https:\/\/www.jeromechoblet.com\/en\/wp-json\/wp\/v2\/couleurs?post=5534"}],"curies":[{"name":"wp","href":"https:\/\/api.w.org\/{rel}","templated":true}]}}